{"id":20337,"date":"2024-03-28T16:18:43","date_gmt":"2024-03-28T14:18:43","guid":{"rendered":"http:\/\/labostera.lt\/?post_type=product&#038;p=20337"},"modified":"2024-10-18T15:17:27","modified_gmt":"2024-10-18T12:17:27","slug":"intrauteriniu-prietaisu-treniruoklis-erler-zimmer-i-u-d-trainer","status":"publish","type":"product","link":"https:\/\/labostera.lt\/lv\/priemones-ir-iranga\/mokymo-priemones-ir-iranga\/modeliai-manekenai-muliazai\/intrauteriniu-prietaisu-treniruoklis-erler-zimmer-i-u-d-trainer\/","title":{"rendered":"Intrauter\u012bn\u0101s ier\u012bces trena\u017eieris Erler-Zimmer IUD treneris"},"content":{"rendered":"<h2><strong>Erler-Zimmer GmbH &amp; Co. KG intrauter\u012bn\u0101s ier\u012bces treneris<\/strong>:<\/h2>\n<ul>\n<li>Modelis R10127:<\/li>\n<li>Anatomiski re\u0101listisks rokas trena\u017eieris, kas piem\u0113rots, lai izprastu pareizu intrauter\u012bn\u0101s ier\u012bces (IUS) novietojumu dzemd\u0113. Izgatavots no iztur\u012bga plastmasas materi\u0101la, trena\u017eieris ir apr\u012bkots ar caursp\u012bd\u012bgu v\u0101ci\u0146u, kas \u013cauj viegli vizualiz\u0113t spir\u0101les ievieto\u0161anu un novieto\u0161anu (spir\u0101le nav iek\u013cauta komplekt\u0101).<\/li>\n<li>Izm\u0113rs: 7,5 x 16,5 cm<\/li>\n<\/ul>\n<h3>Intrauter\u012bn\u0101s ier\u012bces trena\u017eieri \u2013 <a href=\"http:\/\/labostera.lt\/lv\/product-brand\/erler-zimmer-gmbh-co-kg\/\">Erlera-Zimmera anatomijas grupa<\/a><\/h3>\n<p>Vair\u0101k inform\u0101cijas: <a href=\"https:\/\/erler-zimmer.de\/en\/I.U.D-Trainer\/R10127\" target=\"_blank\" rel=\"noopener nofollow\">ra\u017eot\u0101ja t\u012bmek\u013ca vietn\u0113<\/a> vai nos\u016btiet mums piepras\u012bjumu!<\/p>","protected":false},"excerpt":{"rendered":"<p>Erler-Zimmer intrauter\u012bn\u0101s ier\u012bces treneris \u2014 treneris, lai izprastu pareizu intrauter\u012bn\u0101s ier\u012bces novietojumu. Manu\u0101ls modelis ar caursp\u012bd\u012bgu p\u0101rkl\u0101jumu.<\/p>","protected":false},"featured_media":20340,"template":"","meta":[],"product_cat":[75,79],"product_tag":[692,912,831,832,829,830,577,690,833,490],"class_list":{"0":"post-20337","1":"product","2":"type-product","3":"status-publish","4":"has-post-thumbnail","6":"product_brand-erler-zimmer-gmbh-co-kg","7":"product_cat-modeliai-manekenai-muliazai","8":"product_cat-mokymo-priemones-ir-iranga","9":"product_tag-erler-zimmer-gmbh-co-kg","10":"product_tag-intrauteriniu-prietaisu-treniruokliai","11":"product_tag-medical-models","12":"product_tag-medical-simulators","13":"product_tag-medicininiai-modeliai","14":"product_tag-medicininiai-simuliatoriai","15":"product_tag-modeliai","16":"product_tag-models","17":"product_tag-simulatoriai","18":"product_tag-simulators","20":"first","21":"onbackorder","22":"shipping-taxable","23":"purchasable","24":"product-type-simple"},"_links":{"self":[{"href":"https:\/\/labostera.lt\/lv\/wp-json\/wp\/v2\/product\/20337","targetHints":{"allow":["GET"]}}],"collection":[{"href":"https:\/\/labostera.lt\/lv\/wp-json\/wp\/v2\/product"}],"about":[{"href":"https:\/\/labostera.lt\/lv\/wp-json\/wp\/v2\/types\/product"}],"wp:featuredmedia":[{"embeddable":true,"href":"https:\/\/labostera.lt\/lv\/wp-json\/wp\/v2\/media\/20340"}],"wp:attachment":[{"href":"https:\/\/labostera.lt\/lv\/wp-json\/wp\/v2\/media?parent=20337"}],"wp:term":[{"taxonomy":"product_cat","embeddable":true,"href":"https:\/\/labostera.lt\/lv\/wp-json\/wp\/v2\/product_cat?post=20337"},{"taxonomy":"product_tag","embeddable":true,"href":"https:\/\/labostera.lt\/lv\/wp-json\/wp\/v2\/product_tag?post=20337"}],"curies":[{"name":"wp","href":"https:\/\/api.w.org\/{rel}","templated":true}]}}