{"id":20332,"date":"2024-03-28T15:05:48","date_gmt":"2024-03-28T13:05:48","guid":{"rendered":"http:\/\/labostera.lt\/?post_type=product&#038;p=20332"},"modified":"2024-10-18T15:19:47","modified_gmt":"2024-10-18T12:19:47","slug":"vyrisko-prezervatyvo-modelis-erler-zimmer-male-condom-model","status":"publish","type":"product","link":"https:\/\/labostera.lt\/lv\/priemones-ir-iranga\/mokymo-priemones-ir-iranga\/modeliai-manekenai-muliazai\/vyrisko-prezervatyvo-modelis-erler-zimmer-male-condom-model\/","title":{"rendered":"Erler-Zimmer v\u012brie\u0161u prezervat\u012bvu modelis"},"content":{"rendered":"<h2><strong>Erler-Zimmer GmbH &amp; Co. KG v\u012brie\u0161u prezervat\u012bvu modelis<\/strong>:<\/h2>\n<ul>\n<li>Modelis L45:<\/li>\n<li>\u0160o dabiska izm\u0113ra erekcijas st\u0101vokl\u012b eso\u0161a dzimumlocek\u013ca modeli var piestiprin\u0101t pie galda, izmantojot l\u012bm\u0113jo\u0161u stat\u012bvu, un tas ir lieliski piem\u0113rots, lai m\u0101c\u012btu, k\u0101 pareizi lietot prezervat\u012bvu. Var lietot ar parastiem prezervat\u012bviem, nav nepiecie\u0161ami \u012bpa\u0161i prezervat\u012bvi.<\/li>\n<li>Dzimumlocek\u013ca garums: 13,5 cm<\/li>\n<li>Balta \u0101das kr\u0101sa.<\/li>\n<\/ul>\n<ul>\n<li>Modelis L75:<\/li>\n<li>Ekonomisk\u0101 cenu klase ar 20 polistirola dzimumlocek\u013ca mode\u013ciem grupu treni\u0146iem skol\u0101s. Mode\u013cus var piestiprin\u0101t pie galda ar abpus\u0113jo l\u012bmlenti, lai rokas b\u016btu br\u012bvas m\u0101c\u012bbu procesam.<\/li>\n<li>Diametrs: 3,5 cm, dzimumlocek\u013ca garums: 12,5 cm, svars: 0,1 kg<\/li>\n<\/ul>\n<h3>V\u012brie\u0161u prezervat\u012bvu mode\u013ci \u2013 <a href=\"http:\/\/labostera.lt\/lv\/product-brand\/erler-zimmer-gmbh-co-kg\/\">Erlera-Zimmera anatomijas grupa<\/a><\/h3>\n<p>Vair\u0101k inform\u0101cijas: <a href=\"https:\/\/erler-zimmer.de\/en\/Condom-Training-model-white-skin-colour\/L45\" target=\"_blank\" rel=\"noopener nofollow\">ra\u017eot\u0101ja t\u012bmek\u013ca vietn\u0113<\/a> vai nos\u016btiet mums piepras\u012bjumu!<\/p>","protected":false},"excerpt":{"rendered":"<p>Erler-Zimmera v\u012brie\u0161u prezervat\u012bva modelis \u2013 mode\u013ci v\u012brie\u0161u prezervat\u012bva lieto\u0161anai. Apm\u0101c\u012bba pareiz\u0101 lieto\u0161an\u0101 ar dz\u012bves lieluma mode\u013ciem.<\/p>","protected":false},"featured_media":20336,"template":"","meta":[],"product_cat":[75,79],"product_tag":[692,831,832,829,830,577,690,833,490,911],"class_list":{"0":"post-20332","1":"product","2":"type-product","3":"status-publish","4":"has-post-thumbnail","6":"product_brand-erler-zimmer-gmbh-co-kg","7":"product_cat-modeliai-manekenai-muliazai","8":"product_cat-mokymo-priemones-ir-iranga","9":"product_tag-erler-zimmer-gmbh-co-kg","10":"product_tag-medical-models","11":"product_tag-medical-simulators","12":"product_tag-medicininiai-modeliai","13":"product_tag-medicininiai-simuliatoriai","14":"product_tag-modeliai","15":"product_tag-models","16":"product_tag-simulatoriai","17":"product_tag-simulators","18":"product_tag-vyrisko-prezervatyvo-modeliai","20":"first","21":"onbackorder","22":"shipping-taxable","23":"purchasable","24":"product-type-variable"},"_links":{"self":[{"href":"https:\/\/labostera.lt\/lv\/wp-json\/wp\/v2\/product\/20332","targetHints":{"allow":["GET"]}}],"collection":[{"href":"https:\/\/labostera.lt\/lv\/wp-json\/wp\/v2\/product"}],"about":[{"href":"https:\/\/labostera.lt\/lv\/wp-json\/wp\/v2\/types\/product"}],"wp:featuredmedia":[{"embeddable":true,"href":"https:\/\/labostera.lt\/lv\/wp-json\/wp\/v2\/media\/20336"}],"wp:attachment":[{"href":"https:\/\/labostera.lt\/lv\/wp-json\/wp\/v2\/media?parent=20332"}],"wp:term":[{"taxonomy":"product_cat","embeddable":true,"href":"https:\/\/labostera.lt\/lv\/wp-json\/wp\/v2\/product_cat?post=20332"},{"taxonomy":"product_tag","embeddable":true,"href":"https:\/\/labostera.lt\/lv\/wp-json\/wp\/v2\/product_tag?post=20332"}],"curies":[{"name":"wp","href":"https:\/\/api.w.org\/{rel}","templated":true}]}}