{"id":20327,"date":"2024-03-28T14:05:14","date_gmt":"2024-03-28T12:05:14","guid":{"rendered":"http:\/\/labostera.lt\/?post_type=product&#038;p=20327"},"modified":"2024-10-18T15:17:29","modified_gmt":"2024-10-18T12:17:29","slug":"moterisko-prezervatyvo-modelis-erler-zimmer-female-condom-model","status":"publish","type":"product","link":"https:\/\/labostera.lt\/lv\/priemones-ir-iranga\/mokymo-priemones-ir-iranga\/modeliai-manekenai-muliazai\/moterisko-prezervatyvo-modelis-erler-zimmer-female-condom-model\/","title":{"rendered":"Erler-Zimmer sievie\u0161u prezervat\u012bva modelis"},"content":{"rendered":"<h2><strong>\u201eErler-Zimmer GmbH & Co. KG\u201d moteri\u0161ko prezervatyvo modelis<\/strong>:<\/h2>\n<ul>\n<li>Modelis R10128:<\/li>\n<li>\u0160o modeli var novietot klienta kl\u0113p\u012b, lai imit\u0113tu poz\u012bciju, k\u0101d\u0101 j\u0101ievieto sievie\u0161u prezervat\u012bvs. Tiek demonstr\u0113ta sievie\u0161u prezervat\u012bva, kontracepcijas s\u016bk\u013ca un dzemdes kakla uzmavas lieto\u0161ana.<\/li>\n<li>Modelis ietver:\n<ul>\n<li>Pilna izm\u0113ra izliekta dzemde, kas atrodas imit\u0113t\u0101 iegur\u0146a dobum\u0101.<\/li>\n<li>Dzemdes kakls ir savienots ar dzemdi ar patent\u0113tu &quot;skr\u016bves&quot; dizainu.<\/li>\n<li>M\u012bksta vulva un maksts.<\/li>\n<li>M\u012bksts plastmasas v\u0113dera p\u0101rsegs.<\/li>\n<li>Ar lieto\u0161anas instrukciju un m\u012bkstu neilona maisi\u0146u.<\/li>\n<\/ul>\n<\/li>\n<\/ul>\n<h3>Moteri\u0161ko prezervatyvo modeliai \u2013 <a href=\"http:\/\/labostera.lt\/lv\/product-brand\/erler-zimmer-gmbh-co-kg\/\">Erlera-Zimmera anatomijas grupa<\/a><\/h3>\n<p>Vair\u0101k inform\u0101cijas: <a href=\"https:\/\/erler-zimmer.de\/en\/Female-Condom-Model\/R10128\" target=\"_blank\" rel=\"noopener nofollow\">ra\u017eot\u0101ja t\u012bmek\u013ca vietn\u0113<\/a> vai nos\u016btiet mums piepras\u012bjumu!<\/p>","protected":false},"excerpt":{"rendered":"<p>Erlera-Zimmera sievie\u0161u prezervat\u012bva modelis \u2013 sievie\u0161u prezervat\u012bva un citu kontracepcijas l\u012bdzek\u013cu simul\u0101cijas modelis. Iek\u013cauta instrukciju gr\u0101mata.<\/p>","protected":false},"featured_media":20331,"template":"","meta":[],"product_cat":[75,79],"product_tag":[692,831,832,829,830,577,690,910,833,490],"class_list":{"0":"post-20327","1":"product","2":"type-product","3":"status-publish","4":"has-post-thumbnail","6":"product_brand-erler-zimmer-gmbh-co-kg","7":"product_cat-modeliai-manekenai-muliazai","8":"product_cat-mokymo-priemones-ir-iranga","9":"product_tag-erler-zimmer-gmbh-co-kg","10":"product_tag-medical-models","11":"product_tag-medical-simulators","12":"product_tag-medicininiai-modeliai","13":"product_tag-medicininiai-simuliatoriai","14":"product_tag-modeliai","15":"product_tag-models","16":"product_tag-moterisko-prezervatyvo-modeliai","17":"product_tag-simulatoriai","18":"product_tag-simulators","20":"first","21":"onbackorder","22":"shipping-taxable","23":"purchasable","24":"product-type-simple"},"_links":{"self":[{"href":"https:\/\/labostera.lt\/lv\/wp-json\/wp\/v2\/product\/20327","targetHints":{"allow":["GET"]}}],"collection":[{"href":"https:\/\/labostera.lt\/lv\/wp-json\/wp\/v2\/product"}],"about":[{"href":"https:\/\/labostera.lt\/lv\/wp-json\/wp\/v2\/types\/product"}],"wp:featuredmedia":[{"embeddable":true,"href":"https:\/\/labostera.lt\/lv\/wp-json\/wp\/v2\/media\/20331"}],"wp:attachment":[{"href":"https:\/\/labostera.lt\/lv\/wp-json\/wp\/v2\/media?parent=20327"}],"wp:term":[{"taxonomy":"product_cat","embeddable":true,"href":"https:\/\/labostera.lt\/lv\/wp-json\/wp\/v2\/product_cat?post=20327"},{"taxonomy":"product_tag","embeddable":true,"href":"https:\/\/labostera.lt\/lv\/wp-json\/wp\/v2\/product_tag?post=20327"}],"curies":[{"name":"wp","href":"https:\/\/api.w.org\/{rel}","templated":true}]}}