{"id":20316,"date":"2024-03-28T13:06:11","date_gmt":"2024-03-28T11:06:11","guid":{"rendered":"http:\/\/labostera.lt\/?post_type=product&#038;p=20316"},"modified":"2024-10-18T15:19:48","modified_gmt":"2024-10-18T12:19:48","slug":"geriatrinis-simuliatorius-erler-zimmer-teri-geriatric-simulator","status":"publish","type":"product","link":"https:\/\/labostera.lt\/lv\/priemones-ir-iranga\/mokymo-priemones-ir-iranga\/medicininiai-simuliatoriai\/geriatrinis-simuliatorius-erler-zimmer-teri-geriatric-simulator\/","title":{"rendered":"Geriatrijas simulators Erler-Zimmer \u201cTeri\u201d geriatrijas simulators"},"content":{"rendered":"<h2><strong>Erler-Zimmer GmbH &amp; Co. KG Teri geriatrijas simulators<\/strong>:<\/h2>\n<ul>\n<li>Visp\u0101r\u012bg\u0101s iez\u012bmes:\n<ul>\n<li>Pas\u012bv\u0101 mobilit\u0101te, est\u0113tika un svars atspogu\u013co re\u0101la pacienta st\u0101vokli.<\/li>\n<li>Intravenozas un subkut\u0101nas injekcijas vietas.<\/li>\n<li>Ikdienas apr\u016bpes proced\u016bras: vanno\u0161an\u0101s, ap\u0123\u0113rba mai\u0146a, prot\u0113\u017eu un dzirdes apar\u0101tu kop\u0161ana.<\/li>\n<li>Iek\u0161\u0113j\u0101 ur\u012bnce\u013cu kateteriz\u0101cija.<\/li>\n<li>Padzi\u013cin\u0101tas proced\u016bru prasmes: klizma, ur\u012bnce\u013cu kateteriz\u0101cija, iegur\u0146a un prostatas izmekl\u0113\u0161ana.<\/li>\n<\/ul>\n<\/li>\n<li>Modelis LF4300:\n<ul>\n<li>Papildu funkcijas:<\/li>\n<li>S\u0113n\u012b\u0161u profilakses proced\u016bras.<\/li>\n<li>Iedvesmas terapija.<\/li>\n<\/ul>\n<\/li>\n<li>Modelis LF4301:\n<ul>\n<li>Papildu funkcijas:<\/li>\n<li>Sirds un asinsvadu apr\u016bpe un \u0101rst\u0113\u0161ana.<\/li>\n<li>Nazogastrisk\u0101s zondes proced\u016bras.<\/li>\n<li>Inhal\u0101cijas terapija un elpce\u013cu att\u012br\u012b\u0161ana.<\/li>\n<\/ul>\n<\/li>\n<li>Modelis LF4302:\n<ul>\n<li>Papildu funkcijas:<\/li>\n<li>ZERO M simul\u0101cijas platforma.<\/li>\n<li>Kl\u012bniskie nov\u0113rojumi un proced\u016bras simul\u0101cija.<\/li>\n<\/ul>\n<\/li>\n<\/ul>\n<h3>Geriatrijas simulatori \u2013 <a href=\"http:\/\/labostera.lt\/lv\/product-brand\/erler-zimmer-gmbh-co-kg\/\">Erlera-Zimmera anatomijas grupa<\/a><\/h3>\n<p>Vair\u0101k inform\u0101cijas: <a href=\"https:\/\/erler-zimmer.de\/en\/TERi-Androgynous-Geriatric-Patient-Care-Trainer\/LF4300\" target=\"_blank\" rel=\"noopener nofollow\">ra\u017eot\u0101ja t\u012bmek\u013ca vietn\u0113<\/a> vai nos\u016btiet mums piepras\u012bjumu!<\/p>","protected":false},"excerpt":{"rendered":"<p>Erlera-Zimmera \u201cTeri\u201d geriatrijas simulators \u2013 re\u0101listiska apm\u0101c\u012bba gados vec\u0101ku pacientu apr\u016bp\u0113. Da\u017e\u0101das funkcijas un mode\u013ci.<\/p>","protected":false},"featured_media":20323,"template":"","meta":[],"product_cat":[838,75,79],"product_tag":[692,909,831,832,829,830,577,690,833,490],"class_list":{"0":"post-20316","1":"product","2":"type-product","3":"status-publish","4":"has-post-thumbnail","6":"product_brand-erler-zimmer-gmbh-co-kg","7":"product_cat-medicininiai-simuliatoriai","8":"product_cat-modeliai-manekenai-muliazai","9":"product_cat-mokymo-priemones-ir-iranga","10":"product_tag-erler-zimmer-gmbh-co-kg","11":"product_tag-geriatrinis-simuliatoriai","12":"product_tag-medical-models","13":"product_tag-medical-simulators","14":"product_tag-medicininiai-modeliai","15":"product_tag-medicininiai-simuliatoriai","16":"product_tag-modeliai","17":"product_tag-models","18":"product_tag-simulatoriai","19":"product_tag-simulators","21":"first","22":"onbackorder","23":"shipping-taxable","24":"purchasable","25":"product-type-variable"},"_links":{"self":[{"href":"https:\/\/labostera.lt\/lv\/wp-json\/wp\/v2\/product\/20316","targetHints":{"allow":["GET"]}}],"collection":[{"href":"https:\/\/labostera.lt\/lv\/wp-json\/wp\/v2\/product"}],"about":[{"href":"https:\/\/labostera.lt\/lv\/wp-json\/wp\/v2\/types\/product"}],"wp:featuredmedia":[{"embeddable":true,"href":"https:\/\/labostera.lt\/lv\/wp-json\/wp\/v2\/media\/20323"}],"wp:attachment":[{"href":"https:\/\/labostera.lt\/lv\/wp-json\/wp\/v2\/media?parent=20316"}],"wp:term":[{"taxonomy":"product_cat","embeddable":true,"href":"https:\/\/labostera.lt\/lv\/wp-json\/wp\/v2\/product_cat?post=20316"},{"taxonomy":"product_tag","embeddable":true,"href":"https:\/\/labostera.lt\/lv\/wp-json\/wp\/v2\/product_tag?post=20316"}],"curies":[{"name":"wp","href":"https:\/\/api.w.org\/{rel}","templated":true}]}}