{"id":20300,"date":"2024-03-28T11:06:20","date_gmt":"2024-03-28T09:06:20","guid":{"rendered":"http:\/\/labostera.lt\/?post_type=product&#038;p=20300"},"modified":"2024-10-18T15:19:49","modified_gmt":"2024-10-18T12:19:49","slug":"slaugos-manekenas-erler-zimmer-anne-nursing-manikin","status":"publish","type":"product","link":"https:\/\/labostera.lt\/lv\/priemones-ir-iranga\/mokymo-priemones-ir-iranga\/modeliai-manekenai-muliazai\/slaugos-manekenas-erler-zimmer-anne-nursing-manikin\/","title":{"rendered":"Erler-Zimmer \u201eAnne\u201d m\u0101su manekens"},"content":{"rendered":"<h2><strong>Erler-Zimmer GmbH &amp; Co. KG Anne m\u0101su manekens<\/strong>:<\/h2>\n<ul>\n<li>Modelis P160:<\/li>\n<li>Anne Nursing ir manekens, kas paredz\u0113ts uz scen\u0101rijiem balst\u012btai apm\u0101c\u012bbai ar da\u017e\u0101du veidu pacientiem slimn\u012bc\u0101. Tas ir efekt\u012bvs, elast\u012bgs un lietder\u012bgs manekens kl\u012bniskajai apm\u0101c\u012bbai sievie\u0161u vesel\u012bbas, dzemdniec\u012bbas, p\u0113cdzemd\u012bbu, br\u016b\u010du nov\u0113rt\u0113\u0161anas un apr\u016bpes, k\u0101 ar\u012b visp\u0101r\u0113jas pacientu nov\u0113rt\u0113\u0161anas un apr\u016bpes jom\u0101.<\/li>\n<li>Produkta priek\u0161roc\u012bbas:\n<ul>\n<li>Izgl\u012bt\u012bbas efektivit\u0101te slimn\u012bcu apm\u0101c\u012bb\u0101s, lai ieg\u016btu pamatprasmes, kas nepiecie\u0161amas slimn\u012bcu apr\u016bpei, tostarp sievie\u0161u vesel\u012bb\u0101, dzemdniec\u012bb\u0101, p\u0113cdzemd\u012bbu apr\u016bp\u0113, br\u016b\u010du nov\u0113rt\u0113\u0161an\u0101 un apr\u016bp\u0113, k\u0101 ar\u012b visp\u0101r\u0113j\u0101 pacientu apr\u016bp\u0113<\/li>\n<li>Prasmju un uz scen\u0101rijiem balst\u012btu m\u0101c\u012bbu l\u012bdzek\u013cu ekonomisk\u0101 un izgl\u012bt\u012bbas efektivit\u0101te<\/li>\n<li>Ilgm\u016b\u017e\u012bgs, iztur\u012bgs un re\u0101listisks; rad\u012bts, lai iztur\u0113tu daudzu gadu lieto\u0161anu<\/li>\n<li>Elast\u012bga manekena platforma \u013cauj pievienot vair\u0101kus piederumus izmanto\u0161anai da\u017e\u0101d\u0101s kl\u012bnisk\u0101s vid\u0113s.<\/li>\n<\/ul>\n<\/li>\n<li>Produkta \u012bpa\u0161\u012bbas:\n<ul>\n<li>Galva ar anatomisk\u0101m atz\u012bm\u0113m ausu vai acu skalo\u0161anai, z\u0101\u013cu ievad\u012b\u0161anai ac\u012bs, aus\u012bs, deguna dobum\u0101, k\u0101 ar\u012b mutes dobuma un zobu kop\u0161anai.<\/li>\n<li>Manu\u0101li kontrol\u0113ts miega art\u0113rijas pulss<\/li>\n<li>Trakcija un bar\u012bbas vads ar imit\u0113t\u0101m plau\u0161u un ku\u0146\u0123a daiv\u0101m \u013cauj praktiz\u0113t daudzas proced\u016bras, tostarp NG, OG, trahejas apr\u016bpi un ats\u016bk\u0161anu.<\/li>\n<li>Da\u017e\u0101das sk\u0101bek\u013ca ievad\u012b\u0161anas proced\u016bras<\/li>\n<li>Ku\u0146\u0123a skalo\u0161ana<\/li>\n<li>Artikul\u0113jama IV roka \u013cauj praktiz\u0113t IV kanul\u0113\u0161anu, medikamentu ievad\u012b\u0161anu, gaismas kontroli un apr\u016bpi<\/li>\n<li>Praktiz\u0113ties medikamentu devu apr\u0113\u0137in\u0101\u0161an\u0101 un ievad\u012b\u0161an\u0101, veicot da\u017e\u0101das musku\u013cu injekcijas delto\u012bd\u0101, s\u0113\u017eas, ventroglute\u0101l\u0101 un aug\u0161stilba muskul\u012b.<\/li>\n<li>No\u0146emami v\u0113dera dobuma p\u0101rvalki ar kolostomu un ileostomu, piek\u013cuve papildu katetriem<\/li>\n<li>Kateteriz\u0101cijai v\u012brie\u0161u un sievie\u0161u dzimumorg\u0101ni tiek apmain\u012bti.<\/li>\n<li>Klizma<\/li>\n<\/ul>\n<\/li>\n<\/ul>\n<p>Pieejamie piederumi:<\/p>\n<ul>\n<li>P150-1 modelis: kr\u016b\u0161u izmekl\u0113\u0161anas modulis<\/li>\n<li>Modelis P150-2: Mastektomijas modulis<\/li>\n<li>Modelis P150-3: Fundusa modulis<\/li>\n<li>P150-4 modelis: Br\u016b\u010du nov\u0113rt\u0113\u0161anas un apr\u016bpes modulis<\/li>\n<\/ul>\n<h3>M\u0101su manekeni \u2013 <a href=\"http:\/\/labostera.lt\/lv\/product-brand\/erler-zimmer-gmbh-co-kg\/\">Erlera-Zimmera anatomijas grupa<\/a><\/h3>\n<p>Vair\u0101k inform\u0101cijas: <a href=\"https:\/\/erler-zimmer.de\/en\/Nursing-Anne-Pflegepuppe-SimPad-Komplettpaket-inkl.-Schulung\/P460\" target=\"_blank\" rel=\"noopener nofollow\">ra\u017eot\u0101ja t\u012bmek\u013ca vietn\u0113<\/a> vai nos\u016btiet mums piepras\u012bjumu!<\/p>","protected":false},"excerpt":{"rendered":"<p>Erler-Zimmer \u201cAnne\u201d m\u0101su manekens \u2013 elast\u012bgs manekens, kas ir ide\u0101li piem\u0113rots slimn\u012bcas apr\u016bpes apm\u0101c\u012bbai. Ir pieejami da\u017e\u0101di aksesu\u0101ri.<\/p>","protected":false},"featured_media":20310,"template":"","meta":[],"product_cat":[75,79],"product_tag":[692,831,832,829,830,577,690,833,490,901],"class_list":{"0":"post-20300","1":"product","2":"type-product","3":"status-publish","4":"has-post-thumbnail","6":"product_brand-erler-zimmer-gmbh-co-kg","7":"product_cat-modeliai-manekenai-muliazai","8":"product_cat-mokymo-priemones-ir-iranga","9":"product_tag-erler-zimmer-gmbh-co-kg","10":"product_tag-medical-models","11":"product_tag-medical-simulators","12":"product_tag-medicininiai-modeliai","13":"product_tag-medicininiai-simuliatoriai","14":"product_tag-modeliai","15":"product_tag-models","16":"product_tag-simulatoriai","17":"product_tag-simulators","18":"product_tag-slaugos-manekenai","20":"first","21":"onbackorder","22":"shipping-taxable","23":"purchasable","24":"product-type-variable"},"_links":{"self":[{"href":"https:\/\/labostera.lt\/lv\/wp-json\/wp\/v2\/product\/20300","targetHints":{"allow":["GET"]}}],"collection":[{"href":"https:\/\/labostera.lt\/lv\/wp-json\/wp\/v2\/product"}],"about":[{"href":"https:\/\/labostera.lt\/lv\/wp-json\/wp\/v2\/types\/product"}],"wp:featuredmedia":[{"embeddable":true,"href":"https:\/\/labostera.lt\/lv\/wp-json\/wp\/v2\/media\/20310"}],"wp:attachment":[{"href":"https:\/\/labostera.lt\/lv\/wp-json\/wp\/v2\/media?parent=20300"}],"wp:term":[{"taxonomy":"product_cat","embeddable":true,"href":"https:\/\/labostera.lt\/lv\/wp-json\/wp\/v2\/product_cat?post=20300"},{"taxonomy":"product_tag","embeddable":true,"href":"https:\/\/labostera.lt\/lv\/wp-json\/wp\/v2\/product_tag?post=20300"}],"curies":[{"name":"wp","href":"https:\/\/api.w.org\/{rel}","templated":true}]}}