{"id":20289,"date":"2024-03-28T10:01:37","date_gmt":"2024-03-28T08:01:37","guid":{"rendered":"http:\/\/labostera.lt\/?post_type=product&#038;p=20289"},"modified":"2024-10-18T15:19:50","modified_gmt":"2024-10-18T12:19:50","slug":"paciento-prieziuros-simuliatorius-erler-zimmer-yaye-patient-care-simulator","status":"publish","type":"product","link":"https:\/\/labostera.lt\/lv\/priemones-ir-iranga\/mokymo-priemones-ir-iranga\/medicininiai-simuliatoriai\/paciento-prieziuros-simuliatorius-erler-zimmer-yaye-patient-care-simulator\/","title":{"rendered":"Erler-Zimmer &quot;Yaye&quot; pacientu apr\u016bpes simulators"},"content":{"rendered":"<h2><strong>Erler-Zimmer GmbH &amp; Co. KG Yaye pacientu apr\u016bpes simulators<\/strong>:<\/h2>\n<ul>\n<li>Modelis R16228:<\/li>\n<li>Ar da\u017e\u0101diem pacientu iestat\u012bjumiem un m\u0101c\u012bbu funkcij\u0101m Yae nodro\u0161ina neman\u0101mu m\u0101c\u012bbu pieredzi kopienas apr\u016bp\u0113 un slimn\u012bcas proced\u016br\u0101s. Ar vair\u0101k nek\u0101 40 m\u0101c\u012bbu prasm\u0113m, Yae apkalpo visu l\u012bme\u0146u studentus, s\u0101kot no studentiem l\u012bdz pieredz\u0113ju\u0161\u0101m medm\u0101s\u0101m.<\/li>\n<li>Ir pieejami da\u017e\u0101di pacienta iestat\u012bjumi un m\u0101c\u012b\u0161an\u0101s funkcijas.\n<ul>\n<li>Ievads (or\u0101ls\/naz\u0101ls)<\/li>\n<li>Klizma<\/li>\n<li>Ur\u012bnce\u013cu kateteriz\u0101cija sieviet\u0113m<\/li>\n<li>Stomijas apr\u016bpe<\/li>\n<li>Zarnu \u0161\u0137idruma skalo\u0161ana<\/li>\n<li>Podi\u0146m\u0101c\u012bba gult\u0101<\/li>\n<li>TPN apr\u016bpe<\/li>\n<li>\u0136erme\u0146a poz\u012bcija<\/li>\n<li>Pas\u012bvie vingrin\u0101jumi<\/li>\n<li>P\u0101r\u0123\u0113rb\u0161an\u0101s p\u0101rn\u0113s\u0101jam\u0101 kr\u0113sl\u0101<\/li>\n<li>Mutes dobuma kop\u0161ana<\/li>\n<li>Lod\u017eijas mazg\u0101\u0161ana<\/li>\n<li>Da\u013c\u0113ja vannas istabas t\u012br\u012b\u0161ana<\/li>\n<li>P\u0101r\u0123\u0113rb\u0161an\u0101s<\/li>\n<li>Int\u012bm\u0101 higi\u0113na<\/li>\n<li>Matu kop\u0161ana (mazg\u0101\u0161ana ar \u0161amp\u016bnu, \u0137emm\u0113\u0161ana, \u017e\u0101v\u0113\u0161ana)<\/li>\n<li>Elpo\u0161anas sk\u0101beklis<\/li>\n<li>Elpce\u013cu ats\u016bk\u0161ana<\/li>\n<li>Vilces noteka<\/li>\n<li>Traheostomijas apr\u016bpe<\/li>\n<li>Spiediena \u010d\u016blu apr\u016bpe (4. stadijas izgul\u0113jumu \u010d\u016blas uz muguras, nevar tikt fiks\u0113tas uz pap\u0113\u017ea)<\/li>\n<li>Iet\u012b\u0161ana<\/li>\n<li>Venozas injekcijas vieta<\/li>\n<li>Injekcija tiek veikta zem \u0101das.<\/li>\n<li>Intramuskul\u0101ra injekcija<\/li>\n<li>Intravenozas injekcijas un inf\u016bzijas (kreis\u0101 vid\u0113j\u0101 v\u0113na, kreis\u0101 rokas dors\u0101l\u0101 v\u0113na)<\/li>\n<li>Intub\u0101cijas pal\u012bdz\u012bba<\/li>\n<li>Kr\u016b\u0161kurvja un v\u0113dera dobuma nov\u0113rt\u0113jums (nov\u0113ro\u0161ana, palp\u0101cija, perkusija)<\/li>\n<li>\u0160\u0137idruma ats\u016bk\u0161ana no ku\u0146\u0123a<\/li>\n<li>Sievie\u0161u higi\u0113na<\/li>\n<li>P\u0113cn\u0101ves apr\u016bpe<\/li>\n<li>Varianti da\u017e\u0101diem pacientu tipiem, da\u017e\u0101diem vecumiem, dzimumiem un person\u012bb\u0101m<\/li>\n<li>Da\u017e\u0101das sejas maskas, par\u016bkas un \u0101r\u0113jie dzimumorg\u0101ni<\/li>\n<li>IV ce\u013c\u0161 uz apm\u0101c\u012bbu<\/li>\n<li>Peror\u0101l\u0101 intub\u0101cija (laringoskops un videolaringoskops)<\/li>\n<li>Pareizas intub\u0101cijas apstiprin\u0101\u0161ana ar kr\u016b\u0161kurvja pacel\u0161anu<\/li>\n<li>Kr\u016b\u0161kurvja saspie\u0161ana<\/li>\n<\/ul>\n<\/li>\n<\/ul>\n<p>Piederumi:<\/p>\n<ul>\n<li>Modelis R16228-1: Veca v\u012bra sejas maska<\/li>\n<li>Modelis R16228-2: Pel\u0113ka par\u016bka<\/li>\n<li>Modelis R16228-3: V\u012brie\u0161u dzimumorg\u0101ni ur\u012bnizvadkan\u0101la kateteriz\u0101cijai<\/li>\n<\/ul>\n<h3>Pacientu apr\u016bpes simulatori \u2013 <a href=\"http:\/\/labostera.lt\/lv\/product-brand\/erler-zimmer-gmbh-co-kg\/\">Erlera-Zimmera anatomijas grupa<\/a><\/h3>\n<p>Vair\u0101k inform\u0101cijas: <a href=\"https:\/\/erler-zimmer.de\/en\/Patient-Care-Simulator-Yaye\/R16228\" target=\"_blank\" rel=\"noopener nofollow\">ra\u017eot\u0101ja t\u012bmek\u013ca vietn\u0113<\/a> vai nos\u016btiet mums piepras\u012bjumu!<\/p>","protected":false},"excerpt":{"rendered":"<p>Erlera-Zimera \u201cYaye\u201d pacientu apr\u016bpes simulators \u2013 pla\u0161s m\u0101c\u012bbu funkciju kl\u0101sts ar da\u017e\u0101diem pacienta iestat\u012bjumiem. Ir pieejami ar\u012b aksesu\u0101ri.<\/p>","protected":false},"featured_media":20295,"template":"","meta":[],"product_cat":[838,75,79],"product_tag":[692,831,832,829,830,577,690,908,833,490],"class_list":{"0":"post-20289","1":"product","2":"type-product","3":"status-publish","4":"has-post-thumbnail","6":"product_brand-erler-zimmer-gmbh-co-kg","7":"product_cat-medicininiai-simuliatoriai","8":"product_cat-modeliai-manekenai-muliazai","9":"product_cat-mokymo-priemones-ir-iranga","10":"product_tag-erler-zimmer-gmbh-co-kg","11":"product_tag-medical-models","12":"product_tag-medical-simulators","13":"product_tag-medicininiai-modeliai","14":"product_tag-medicininiai-simuliatoriai","15":"product_tag-modeliai","16":"product_tag-models","17":"product_tag-paciento-prieziuros-simuliatoriai","18":"product_tag-simulatoriai","19":"product_tag-simulators","21":"first","22":"onbackorder","23":"shipping-taxable","24":"purchasable","25":"product-type-variable"},"_links":{"self":[{"href":"https:\/\/labostera.lt\/lv\/wp-json\/wp\/v2\/product\/20289","targetHints":{"allow":["GET"]}}],"collection":[{"href":"https:\/\/labostera.lt\/lv\/wp-json\/wp\/v2\/product"}],"about":[{"href":"https:\/\/labostera.lt\/lv\/wp-json\/wp\/v2\/types\/product"}],"wp:featuredmedia":[{"embeddable":true,"href":"https:\/\/labostera.lt\/lv\/wp-json\/wp\/v2\/media\/20295"}],"wp:attachment":[{"href":"https:\/\/labostera.lt\/lv\/wp-json\/wp\/v2\/media?parent=20289"}],"wp:term":[{"taxonomy":"product_cat","embeddable":true,"href":"https:\/\/labostera.lt\/lv\/wp-json\/wp\/v2\/product_cat?post=20289"},{"taxonomy":"product_tag","embeddable":true,"href":"https:\/\/labostera.lt\/lv\/wp-json\/wp\/v2\/product_tag?post=20289"}],"curies":[{"name":"wp","href":"https:\/\/api.w.org\/{rel}","templated":true}]}}