{"id":20286,"date":"2024-03-28T09:07:16","date_gmt":"2024-03-28T07:07:16","guid":{"rendered":"http:\/\/labostera.lt\/?post_type=product&#038;p=20286"},"modified":"2024-10-18T15:17:34","modified_gmt":"2024-10-18T12:17:34","slug":"paciento-prieziuros-manekenas-erler-zimmer-cherry-patient-care-manikin","status":"publish","type":"product","link":"https:\/\/labostera.lt\/lv\/priemones-ir-iranga\/mokymo-priemones-ir-iranga\/modeliai-manekenai-muliazai\/paciento-prieziuros-manekenas-erler-zimmer-cherry-patient-care-manikin\/","title":{"rendered":"Erlera-Zimmera &quot;\u0136ir\u0161u&quot; pacientu apr\u016bpes manekens"},"content":{"rendered":"<h2><strong>\u201eErler-Zimmer GmbH &amp; Co. KG Cherry pacientu apr\u016bpes manekens <\/strong>:<\/h2>\n<ul>\n<li>Modelis R16225:<\/li>\n<li>\u0160is medm\u0101su manekens nodro\u0161ina visas nepiecie\u0161am\u0101s m\u0101c\u012bbu iesp\u0113jas medm\u0101su izgl\u012bt\u012bb\u0101. Rokas un k\u0101jas ir m\u012bkstas un bez loc\u012btav\u0101m, padarot t\u0101s \u013coti re\u0101listiskas.<\/li>\n<li>Manekenam ir \u0161\u0101das \u012bpa\u0161\u012bbas:\n<ul>\n<li>Pacientu apr\u016bpe, pamata apr\u016bpes metodes.<\/li>\n<li>Intramuskul\u0101ras un subkut\u0101nas injekcijas.<\/li>\n<li>Stomas apr\u016bpe, traheostomijas apr\u016bpe.<\/li>\n<li>Izgul\u0113jumu apr\u016bpe, da\u017e\u0101das stadijas.<\/li>\n<li>Nazogastrisk\u0101s un orogastrisk\u0101s zondes, PEG.<\/li>\n<li>Centr\u0101l\u0101 venoz\u0101 katetra (CVK) un perif\u0113r\u0101 intravaskul\u0101r\u0101 katetra (PICC) apr\u016bpe.<\/li>\n<li>Ur\u012bnce\u013cu kateteriz\u0101cija v\u012brie\u0161iem un sieviet\u0113m.<\/li>\n<li>\u0136irur\u0123isko br\u016b\u010du apr\u016bpe.<\/li>\n<\/ul>\n<\/li>\n<\/ul>\n<h3>Pacientu apr\u016bpes manekeni \u2013 <a href=\"http:\/\/labostera.lt\/lv\/product-brand\/erler-zimmer-gmbh-co-kg\/\">Erlera-Zimmera anatomijas grupa<\/a><\/h3>\n<p>Vair\u0101k inform\u0101cijas: <a href=\"https:\/\/erler-zimmer.de\/en\/Patient-Care-Manikin-Cherry\/R16225\" target=\"_blank\" rel=\"noopener nofollow\">ra\u017eot\u0101ja t\u012bmek\u013ca vietn\u0113<\/a> vai nos\u016btiet mums piepras\u012bjumu!<\/p>","protected":false},"excerpt":{"rendered":"<p>Erler-Zimmer \u201eCherry\u201d pacientu apr\u016bpes manekens \u2013 nodro\u0161ina visas nepiecie\u0161am\u0101s m\u0101c\u012bbu iesp\u0113jas m\u0101szin\u012bbu izgl\u012bt\u012bbai. Re\u0101listiskas iez\u012bmes.<\/p>","protected":false},"featured_media":20287,"template":"","meta":[],"product_cat":[75,79],"product_tag":[692,831,832,829,830,577,690,907,833,490],"class_list":{"0":"post-20286","1":"product","2":"type-product","3":"status-publish","4":"has-post-thumbnail","6":"product_brand-erler-zimmer-gmbh-co-kg","7":"product_cat-modeliai-manekenai-muliazai","8":"product_cat-mokymo-priemones-ir-iranga","9":"product_tag-erler-zimmer-gmbh-co-kg","10":"product_tag-medical-models","11":"product_tag-medical-simulators","12":"product_tag-medicininiai-modeliai","13":"product_tag-medicininiai-simuliatoriai","14":"product_tag-modeliai","15":"product_tag-models","16":"product_tag-paciento-prieziuros-manekenai","17":"product_tag-simulatoriai","18":"product_tag-simulators","20":"first","21":"onbackorder","22":"shipping-taxable","23":"purchasable","24":"product-type-simple"},"_links":{"self":[{"href":"https:\/\/labostera.lt\/lv\/wp-json\/wp\/v2\/product\/20286","targetHints":{"allow":["GET"]}}],"collection":[{"href":"https:\/\/labostera.lt\/lv\/wp-json\/wp\/v2\/product"}],"about":[{"href":"https:\/\/labostera.lt\/lv\/wp-json\/wp\/v2\/types\/product"}],"wp:featuredmedia":[{"embeddable":true,"href":"https:\/\/labostera.lt\/lv\/wp-json\/wp\/v2\/media\/20287"}],"wp:attachment":[{"href":"https:\/\/labostera.lt\/lv\/wp-json\/wp\/v2\/media?parent=20286"}],"wp:term":[{"taxonomy":"product_cat","embeddable":true,"href":"https:\/\/labostera.lt\/lv\/wp-json\/wp\/v2\/product_cat?post=20286"},{"taxonomy":"product_tag","embeddable":true,"href":"https:\/\/labostera.lt\/lv\/wp-json\/wp\/v2\/product_tag?post=20286"}],"curies":[{"name":"wp","href":"https:\/\/api.w.org\/{rel}","templated":true}]}}