{"id":20280,"date":"2024-03-27T16:38:29","date_gmt":"2024-03-27T14:38:29","guid":{"rendered":"http:\/\/labostera.lt\/?post_type=product&#038;p=20280"},"modified":"2024-10-18T15:17:35","modified_gmt":"2024-10-18T12:17:35","slug":"slaugos-modelis-erler-zimmer-keiko-nursing-model","status":"publish","type":"product","link":"https:\/\/labostera.lt\/lv\/priemones-ir-iranga\/mokymo-priemones-ir-iranga\/modeliai-manekenai-muliazai\/slaugos-modelis-erler-zimmer-keiko-nursing-model\/","title":{"rendered":"Erlera-Cimmera \u201cKeiko\u201d m\u0101su modelis"},"content":{"rendered":"<h2><strong>Erler-Zimmer GmbH &amp; Co. KG Keiko apr\u016bpes modelis <\/strong>:<\/h2>\n<ul>\n<li>Modelis R16500:<\/li>\n<li>Pilnas apm\u0101c\u012bbas iesp\u0113jas pamata pacientu apr\u016bpei, ar m\u012bkst\u0101m ekstremit\u0101t\u0113m un neredzam\u0101m loc\u012btavu zon\u0101m ce\u013ca, pot\u012btes, elko\u0146a un plaukstas loc\u012btav\u0101s.<\/li>\n<li>Pilnas apm\u0101c\u012bbas iesp\u0113jas ietver:\n<ul>\n<li>Visp\u0101r\u0113ja pacienta pozicion\u0113\u0161ana, p\u0101rvieto\u0161ana, pal\u012bdz\u012bba cel\u0161an\u0101 un piek\u013cuve rati\u0146kr\u0113sliem.<\/li>\n<li>Pas\u012bv\u0101 fizioterapija.<\/li>\n<li>\u0136erme\u0146a higi\u0113na, mazg\u0101\u0161ana, auti\u0146biks\u012b\u0161u mai\u0146a, \u0101das kop\u0161ana.<\/li>\n<li>Izgul\u0113jumu apr\u016bpe (pap\u0113\u017ea, liel\u0101 trohantera, krustu kaula un plecu zon\u0101s).<\/li>\n<li>Apgraiz\u012b\u0161ana un iz\u0123\u0113rb\u0161an\u0101s.<\/li>\n<li>Matu kop\u0161ana (par\u016bka).<\/li>\n<li>Mutes dobuma un zobu higi\u0113na.<\/li>\n<li>Ku\u0146\u0123a zondes, PEG, ievieto\u0161ana.<\/li>\n<li>Nazotrahe\u0101la intub\u0101cija (zondes ievieto\u0161ana).<\/li>\n<li>Gaisu att\u012bro\u0161u p\u0101rslu pl\u016bsma.<\/li>\n<li>Traheostomijas apr\u016bpe\/zondes nomai\u0146a.<\/li>\n<li>Stomas maisa piestiprin\u0101\u0161ana.<\/li>\n<li>CVC apr\u016bpe\/skaidrojums.<\/li>\n<li>Kateteriz\u0101cija v\u012brie\u0161iem\/sieviet\u0113m (bez \u0161\u0137idruma).<\/li>\n<li>Intravenoza klizma (bez \u0161\u0137idruma).<\/li>\n<li>Sk\u0101bek\u013ca ieelpo\u0161ana.<\/li>\n<li>G\u013cot\u0101das ievieto\u0161ana.<\/li>\n<li>P\u0113cn\u0101ves apr\u016bpe.<\/li>\n<\/ul>\n<\/li>\n<li>Modelim ir augstas kvalit\u0101tes apdare un tas ir iztur\u012bgs. Lieliski piem\u0113rots ikdienas lieto\u0161anai skol\u0101s.<\/li>\n<li>Izm\u0113rs: 149 cm, Svars: 15 kg<\/li>\n<\/ul>\n<h3>M\u0101szin\u012bbu mode\u013ci \u2013 <a href=\"http:\/\/labostera.lt\/lv\/product-brand\/erler-zimmer-gmbh-co-kg\/\">Erlera-Zimmera anatomijas grupa<\/a><\/h3>\n<p>Vair\u0101k inform\u0101cijas: <a href=\"https:\/\/erler-zimmer.de\/en\/Nursing-doll-Keiko\/R16500\" target=\"_blank\" rel=\"noopener nofollow\">ra\u017eot\u0101ja t\u012bmek\u013ca vietn\u0113<\/a> vai nos\u016btiet mums piepras\u012bjumu!<\/p>","protected":false},"excerpt":{"rendered":"<p>Erlera-Cimmera \u201cKeiko\u201d m\u0101su modelis \u2013 visas apm\u0101c\u012bbas iesp\u0113jas pamata pacientu apr\u016bp\u0113. Lieliski piem\u0113rots lieto\u0161anai skol\u0101s.<\/p>","protected":false},"featured_media":20285,"template":"","meta":[],"product_cat":[75,79],"product_tag":[692,831,832,829,830,577,690,833,490,904],"class_list":{"0":"post-20280","1":"product","2":"type-product","3":"status-publish","4":"has-post-thumbnail","6":"product_brand-erler-zimmer-gmbh-co-kg","7":"product_cat-modeliai-manekenai-muliazai","8":"product_cat-mokymo-priemones-ir-iranga","9":"product_tag-erler-zimmer-gmbh-co-kg","10":"product_tag-medical-models","11":"product_tag-medical-simulators","12":"product_tag-medicininiai-modeliai","13":"product_tag-medicininiai-simuliatoriai","14":"product_tag-modeliai","15":"product_tag-models","16":"product_tag-simulatoriai","17":"product_tag-simulators","18":"product_tag-slaugos-modeliai","20":"first","21":"onbackorder","22":"shipping-taxable","23":"purchasable","24":"product-type-simple"},"_links":{"self":[{"href":"https:\/\/labostera.lt\/lv\/wp-json\/wp\/v2\/product\/20280","targetHints":{"allow":["GET"]}}],"collection":[{"href":"https:\/\/labostera.lt\/lv\/wp-json\/wp\/v2\/product"}],"about":[{"href":"https:\/\/labostera.lt\/lv\/wp-json\/wp\/v2\/types\/product"}],"wp:featuredmedia":[{"embeddable":true,"href":"https:\/\/labostera.lt\/lv\/wp-json\/wp\/v2\/media\/20285"}],"wp:attachment":[{"href":"https:\/\/labostera.lt\/lv\/wp-json\/wp\/v2\/media?parent=20280"}],"wp:term":[{"taxonomy":"product_cat","embeddable":true,"href":"https:\/\/labostera.lt\/lv\/wp-json\/wp\/v2\/product_cat?post=20280"},{"taxonomy":"product_tag","embeddable":true,"href":"https:\/\/labostera.lt\/lv\/wp-json\/wp\/v2\/product_tag?post=20280"}],"curies":[{"name":"wp","href":"https:\/\/api.w.org\/{rel}","templated":true}]}}