{"id":20271,"date":"2024-03-27T15:36:38","date_gmt":"2024-03-27T13:36:38","guid":{"rendered":"http:\/\/labostera.lt\/?post_type=product&#038;p=20271"},"modified":"2024-10-18T15:19:52","modified_gmt":"2024-10-18T12:19:52","slug":"priedai-skirti-slaugos-modeliams-erler-zimmer-accessories-for-geri-keri","status":"publish","type":"product","link":"https:\/\/labostera.lt\/lv\/priemones-ir-iranga\/mokymo-priemones-ir-iranga\/medicininiai-simuliatoriai\/priedai-skirti-slaugos-modeliams-erler-zimmer-accessories-for-geri-keri\/","title":{"rendered":"Erler-Zimmer m\u0101su mode\u013cu aksesu\u0101ri \u201cGeri\u201d un \u201cKeri\u201d aksesu\u0101ri"},"content":{"rendered":"<h2><strong>Erler-Zimmer GmbH &amp; Co. KG piederumi Geri un Keri baro\u0161anas mode\u013ciem <\/strong>:<\/h2>\n<ul>\n<li>Modelis LF4001-1 \u2013 intravenozas ievad\u012b\u0161anas roka<\/li>\n<li>Modelis LF4001-2 \u2013 asinsspiediena m\u0113r\u012b\u0161anas roka<\/li>\n<li>Modelis LF4084 \u2013 Piet\u016bkusi k\u0101ja ar dzi\u013ciem audu boj\u0101jumiem:\n<ul>\n<li>Keri un Geri papildu spiediena \u010d\u016blu p\u0113da pie\u0161\u0137irs re\u0101lismu j\u016bsu br\u016b\u010du apr\u016bpes instrukcij\u0101m par spiediena \u010d\u016blu apr\u016bpi un t\u012br\u012b\u0161anu da\u017e\u0101dos posmos. Spiediena \u010d\u016blas p\u0113dai ir visas \u010detras pak\u0101pes no 1 l\u012bdz 4. Viegli piestiprin\u0101ms pie jebkura Keri un Geri m\u0101su mode\u013ca (LF4001, LF4020, LF4021, LF4030, LF4040).<\/li>\n<\/ul>\n<\/li>\n<li>Modelis LF4041 \u2013 Izspieduma p\u0113das mazin\u0101\u0161anai:\n<ul>\n<li>\u0160ai p\u0113dai ir pieci t\u016bskas ielikt\u0146i, kas rea\u0123\u0113 uz spiedienu at\u0161\u0137ir\u012bgi atkar\u012bb\u0101 no t\u016bskas stadijas. Turkl\u0101t p\u0113dai uz pap\u0113\u017ea ir dzi\u013ci audu boj\u0101jumi. To var viegli piestiprin\u0101t pie Keri un Geri mode\u013cu (LF4001, LF4020, LF4021, LF4030, LF4040) k\u0101j\u0101m.<\/li>\n<\/ul>\n<\/li>\n<\/ul>\n<h3>Geri un Keri baro\u0161anas mode\u013cu piederumi \u2013 <a href=\"http:\/\/labostera.lt\/lv\/product-brand\/erler-zimmer-gmbh-co-kg\/\">Erlera-Zimmera anatomijas grupa<\/a><\/h3>\n<p>Vair\u0101k inform\u0101cijas: <a href=\"https:\/\/erler-zimmer.de\/en\/GERi-geriatric-care-doll\/LF4001\" target=\"_blank\" rel=\"noopener nofollow\">ra\u017eot\u0101ja t\u012bmek\u013ca vietn\u0113<\/a> vai nos\u016btiet mums piepras\u012bjumu!<\/p>","protected":false},"excerpt":{"rendered":"<p>Erler-Zimmer piederumi Keri un Geri apr\u016bpes mode\u013ciem \u2014 pie\u0161\u0137iriet br\u016b\u010du apr\u016bpei re\u0101lismu ar spiediena \u010d\u016blu p\u0113di\u0146\u0101m Keri un Geri mode\u013ciem.<\/p>","protected":false},"featured_media":20274,"template":"","meta":[],"product_cat":[838,75,79],"product_tag":[692,831,832,829,830,577,690,906,833,490],"class_list":{"0":"post-20271","1":"product","2":"type-product","3":"status-publish","4":"has-post-thumbnail","6":"product_brand-erler-zimmer-gmbh-co-kg","7":"product_cat-medicininiai-simuliatoriai","8":"product_cat-modeliai-manekenai-muliazai","9":"product_cat-mokymo-priemones-ir-iranga","10":"product_tag-erler-zimmer-gmbh-co-kg","11":"product_tag-medical-models","12":"product_tag-medical-simulators","13":"product_tag-medicininiai-modeliai","14":"product_tag-medicininiai-simuliatoriai","15":"product_tag-modeliai","16":"product_tag-models","17":"product_tag-priedai-skirti-slaugos-modeliams","18":"product_tag-simulatoriai","19":"product_tag-simulators","21":"first","22":"onbackorder","23":"shipping-taxable","24":"purchasable","25":"product-type-variable"},"_links":{"self":[{"href":"https:\/\/labostera.lt\/lv\/wp-json\/wp\/v2\/product\/20271","targetHints":{"allow":["GET"]}}],"collection":[{"href":"https:\/\/labostera.lt\/lv\/wp-json\/wp\/v2\/product"}],"about":[{"href":"https:\/\/labostera.lt\/lv\/wp-json\/wp\/v2\/types\/product"}],"wp:featuredmedia":[{"embeddable":true,"href":"https:\/\/labostera.lt\/lv\/wp-json\/wp\/v2\/media\/20274"}],"wp:attachment":[{"href":"https:\/\/labostera.lt\/lv\/wp-json\/wp\/v2\/media?parent=20271"}],"wp:term":[{"taxonomy":"product_cat","embeddable":true,"href":"https:\/\/labostera.lt\/lv\/wp-json\/wp\/v2\/product_cat?post=20271"},{"taxonomy":"product_tag","embeddable":true,"href":"https:\/\/labostera.lt\/lv\/wp-json\/wp\/v2\/product_tag?post=20271"}],"curies":[{"name":"wp","href":"https:\/\/api.w.org\/{rel}","templated":true}]}}