{"id":20269,"date":"2024-03-27T13:37:16","date_gmt":"2024-03-27T11:37:16","guid":{"rendered":"http:\/\/labostera.lt\/?post_type=product&#038;p=20269"},"modified":"2024-10-18T15:17:37","modified_gmt":"2024-10-18T12:17:37","slug":"geriatrines-prieziuros-modelis-erler-zimmer-geri-geriatric-care-model","status":"publish","type":"product","link":"https:\/\/labostera.lt\/lv\/priemones-ir-iranga\/mokymo-priemones-ir-iranga\/modeliai-manekenai-muliazai\/geriatrines-prieziuros-modelis-erler-zimmer-geri-geriatric-care-model\/","title":{"rendered":"Erlera-Zimmera \u201cGeri\u201d geriatrisk\u0101s apr\u016bpes modelis"},"content":{"rendered":"<h2><strong>\u201eErler-Zimmer GmbH &amp; Co. KG geriatrijas apr\u016bpes modelis<\/strong>:<\/h2>\n<ul>\n<li>Modelis LF4001:<\/li>\n<li>\u0160is \u012bpa\u0161ais modelis piev\u0113r\u0161 \u012bpa\u0161u uzman\u012bbu geriatrijas apr\u016bpei. Tas ir ide\u0101ls pal\u012bgs geriatrijas apr\u016bpes skolot\u0101jiem, kuri, izmantojot \u0161o modeli, var praktiski veikt visas nepiecie\u0161am\u0101s darb\u012bbas. \u0160\u012bs \u012bpa\u0161\u0101s baro\u0161anas lelles \u0101r\u0113jais izskats iespaid\u012bgi atdarina vec\u0101ka gadag\u0101juma cilv\u0113ka izskatu. \u0136erme\u0146a atveidot\u0101s br\u016bces, piem\u0113ram, aknu plankumi (norm\u0101li un patolo\u0123iski), \u0101das iekaisums zem sievie\u0161u kr\u016bt\u012bm un izgul\u0113jumi, papildina izskatu un v\u0113l vair\u0101k palielina mode\u013ca didaktisko v\u0113rt\u012bbu.<\/li>\n<li>\u0160\u012bs uzraudz\u012bbas proced\u016bras var veikt praks\u0113:<\/li>\n<li>V\u012brie\u0161u un sievie\u0161u ur\u012bnp\u016b\u0161\u013ca kateteriz\u0101cija<\/li>\n<li>Prostatas izmekl\u0113\u0161ana (B stadija)<\/li>\n<li>Stomas apr\u016bpe (ileostomija un kolostomija)<\/li>\n<li>Traheostomijas apr\u016bpe (skalo\u0161ana un aspir\u0101cija)<\/li>\n<li>Perkut\u0101nas endoskopisk\u0101s gastroskopijas PEG apr\u016bpe<\/li>\n<li>Zobu prot\u0113\u017eu nomai\u0146a (aug\u0161\u017eok\u013ca un apak\u0161\u017eok\u013ca)<\/li>\n<li>Z\u0101\u013cu uzkl\u0101\u0161ana ac\u012bm<\/li>\n<li>\u0136erme\u0146a kop\u0161ana, matu kop\u0161ana, pozicion\u0113\u0161anas metodes<\/li>\n<li>Klizma apr\u016bpe (sieviet\u0113m), mutes un deguna skalo\u0161ana<\/li>\n<li>Intramuskul\u0101ra injekcija (4 injekcijas vietas), mutes dobuma higi\u0113na<\/li>\n<li>Ausu kan\u0101la skalo\u0161ana, dzirdes apar\u0101ta ievieto\u0161ana<\/li>\n<li>Pirkstu un k\u0101ju pirkstu sabiezin\u0101\u0161ana (kust\u012bgi un individu\u0101li veidoti)<\/li>\n<li>Br\u016b\u010du apr\u016bpe, p\u0101rs\u0113ju prakse, spiediena \u010d\u016blu apr\u016bpe<\/li>\n<\/ul>\n<h3>Geriatrisk\u0101s apr\u016bpes mode\u013ci \u2013 <a href=\"http:\/\/labostera.lt\/lv\/product-brand\/erler-zimmer-gmbh-co-kg\/\">Erlera-Zimmera anatomijas grupa<\/a><\/h3>\n<p>Vair\u0101k inform\u0101cijas: <a href=\"https:\/\/erler-zimmer.de\/en\/GERi-geriatric-care-doll\/LF4001\" target=\"_blank\" rel=\"noopener nofollow\">ra\u017eot\u0101ja t\u012bmek\u013ca vietn\u0113<\/a> vai nos\u016btiet mums piepras\u012bjumu!<\/p>","protected":false},"excerpt":{"rendered":"<p>Erlera-Cimmera \u201eGeri\u201d geriatrijas apr\u016bpes modelis \u2013 \u012bpa\u0161s modelis ar iespaid\u012bgi simul\u0113tu vec\u0101ka gadag\u0101juma cilv\u0113ka izskatu un daudz\u0101m prakses iesp\u0113j\u0101m geriatrijas apr\u016bp\u0113.<\/p>","protected":false},"featured_media":20270,"template":"","meta":[],"product_cat":[75,79],"product_tag":[692,905,831,832,829,830,577,690,833,490],"class_list":{"0":"post-20269","1":"product","2":"type-product","3":"status-publish","4":"has-post-thumbnail","6":"product_brand-erler-zimmer-gmbh-co-kg","7":"product_cat-modeliai-manekenai-muliazai","8":"product_cat-mokymo-priemones-ir-iranga","9":"product_tag-erler-zimmer-gmbh-co-kg","10":"product_tag-geriatrines-prieziuros-modeliai","11":"product_tag-medical-models","12":"product_tag-medical-simulators","13":"product_tag-medicininiai-modeliai","14":"product_tag-medicininiai-simuliatoriai","15":"product_tag-modeliai","16":"product_tag-models","17":"product_tag-simulatoriai","18":"product_tag-simulators","20":"first","21":"onbackorder","22":"shipping-taxable","23":"purchasable","24":"product-type-simple"},"_links":{"self":[{"href":"https:\/\/labostera.lt\/lv\/wp-json\/wp\/v2\/product\/20269","targetHints":{"allow":["GET"]}}],"collection":[{"href":"https:\/\/labostera.lt\/lv\/wp-json\/wp\/v2\/product"}],"about":[{"href":"https:\/\/labostera.lt\/lv\/wp-json\/wp\/v2\/types\/product"}],"wp:featuredmedia":[{"embeddable":true,"href":"https:\/\/labostera.lt\/lv\/wp-json\/wp\/v2\/media\/20270"}],"wp:attachment":[{"href":"https:\/\/labostera.lt\/lv\/wp-json\/wp\/v2\/media?parent=20269"}],"wp:term":[{"taxonomy":"product_cat","embeddable":true,"href":"https:\/\/labostera.lt\/lv\/wp-json\/wp\/v2\/product_cat?post=20269"},{"taxonomy":"product_tag","embeddable":true,"href":"https:\/\/labostera.lt\/lv\/wp-json\/wp\/v2\/product_tag?post=20269"}],"curies":[{"name":"wp","href":"https:\/\/api.w.org\/{rel}","templated":true}]}}