{"id":20267,"date":"2024-03-27T11:04:50","date_gmt":"2024-03-27T09:04:50","guid":{"rendered":"http:\/\/labostera.lt\/?post_type=product&#038;p=20267"},"modified":"2024-10-18T15:17:39","modified_gmt":"2024-10-18T12:17:39","slug":"slaugos-modelis-erler-zimmer-keri-nursing-care-model","status":"publish","type":"product","link":"https:\/\/labostera.lt\/lv\/priemones-ir-iranga\/mokymo-priemones-ir-iranga\/modeliai-manekenai-muliazai\/slaugos-modelis-erler-zimmer-keri-nursing-care-model\/","title":{"rendered":"Erler-Zimmer \u201cKeri\u201d apr\u016bpes modelis"},"content":{"rendered":"<h2><strong>Erler-Zimmer GmbH &amp; Co. KG m\u0101su modelis<\/strong>:<\/h2>\n<ul>\n<li>Modelis LF4020:<\/li>\n<li>\u0160is \u013coti re\u0101listisks apr\u016bpes lelles modelis ir \u012bpa\u0161i izstr\u0101d\u0101ts apr\u016bpei. To raksturo \u013coti augsta kust\u012bgums un \u0101rk\u0101rt\u012bgi re\u0101listiska sejas, roku un k\u0101ju imit\u0101cija.<\/li>\n<li>\u0160is modelis pied\u0101v\u0101 \u0161\u0101das iesp\u0113jas un praktiskas nodarb\u012bbas:<\/li>\n<li>V\u012brie\u0161u un sievie\u0161u ur\u012bnp\u016b\u0161\u013ca kateteriz\u0101cija<\/li>\n<li>Prostatas izmekl\u0113\u0161ana (B stadija)<\/li>\n<li>Stomas apr\u016bpe (ileostomija un kolostomija)<\/li>\n<li>Traheostomijas apr\u016bpe (skalo\u0161ana un aspir\u0101cija)<\/li>\n<li>Perkut\u0101nas endoskopisk\u0101s gastroskopijas PEG apr\u016bpe<\/li>\n<li>Zobu prot\u0113\u017eu nomai\u0146a (aug\u0161\u017eok\u013ca un apak\u0161\u017eok\u013ca)<\/li>\n<li>Z\u0101\u013cu uzkl\u0101\u0161ana ac\u012bm<\/li>\n<li>\u0136erme\u0146a kop\u0161ana, matu kop\u0161ana, pozicion\u0113\u0161anas metodes<\/li>\n<li>Klizma apr\u016bpe (sieviet\u0113m), mutes un deguna skalo\u0161ana<\/li>\n<li>Intramuskul\u0101ra injekcija (4 injekcijas vietas), mutes dobuma higi\u0113na<\/li>\n<li>Ausu kan\u0101la skalo\u0161ana, dzirdes apar\u0101ta ievieto\u0161ana<\/li>\n<li>Pirkstu un k\u0101ju pirkstu sabiezin\u0101\u0161ana (kust\u012bgi un individu\u0101li veidoti)<\/li>\n<li>Br\u016b\u010du apr\u016bpe, p\u0101rs\u0113ju prakse, spiediena \u010d\u016blu apr\u016bpe<\/li>\n<\/ul>\n<h3>M\u0101szin\u012bbu mode\u013ci \u2013 <a href=\"http:\/\/labostera.lt\/lv\/product-brand\/erler-zimmer-gmbh-co-kg\/\">Erlera-Zimmera anatomijas grupa<\/a><\/h3>\n<p>Vair\u0101k inform\u0101cijas: <a href=\"https:\/\/erler-zimmer.de\/en\/KERi-nursing-care-doll\/LF4020\" target=\"_blank\" rel=\"noopener nofollow\">ra\u017eot\u0101ja t\u012bmek\u013ca vietn\u0113<\/a> vai nos\u016btiet mums piepras\u012bjumu!<\/p>","protected":false},"excerpt":{"rendered":"<p>Erler-Zimmer &quot;Keri&quot; medm\u0101su modelis \u2014 \u013coti re\u0101listisks un mobils modelis ar da\u017e\u0101d\u0101m apr\u016bpes iesp\u0113j\u0101m, kas ir ide\u0101li piem\u0113rots medm\u0101su apm\u0101c\u012bbai.<\/p>","protected":false},"featured_media":20268,"template":"","meta":[],"product_cat":[75,79],"product_tag":[692,831,832,829,830,577,690,833,490,904],"class_list":{"0":"post-20267","1":"product","2":"type-product","3":"status-publish","4":"has-post-thumbnail","6":"product_brand-erler-zimmer-gmbh-co-kg","7":"product_cat-modeliai-manekenai-muliazai","8":"product_cat-mokymo-priemones-ir-iranga","9":"product_tag-erler-zimmer-gmbh-co-kg","10":"product_tag-medical-models","11":"product_tag-medical-simulators","12":"product_tag-medicininiai-modeliai","13":"product_tag-medicininiai-simuliatoriai","14":"product_tag-modeliai","15":"product_tag-models","16":"product_tag-simulatoriai","17":"product_tag-simulators","18":"product_tag-slaugos-modeliai","20":"first","21":"onbackorder","22":"shipping-taxable","23":"purchasable","24":"product-type-simple"},"_links":{"self":[{"href":"https:\/\/labostera.lt\/lv\/wp-json\/wp\/v2\/product\/20267","targetHints":{"allow":["GET"]}}],"collection":[{"href":"https:\/\/labostera.lt\/lv\/wp-json\/wp\/v2\/product"}],"about":[{"href":"https:\/\/labostera.lt\/lv\/wp-json\/wp\/v2\/types\/product"}],"wp:featuredmedia":[{"embeddable":true,"href":"https:\/\/labostera.lt\/lv\/wp-json\/wp\/v2\/media\/20268"}],"wp:attachment":[{"href":"https:\/\/labostera.lt\/lv\/wp-json\/wp\/v2\/media?parent=20267"}],"wp:term":[{"taxonomy":"product_cat","embeddable":true,"href":"https:\/\/labostera.lt\/lv\/wp-json\/wp\/v2\/product_cat?post=20267"},{"taxonomy":"product_tag","embeddable":true,"href":"https:\/\/labostera.lt\/lv\/wp-json\/wp\/v2\/product_tag?post=20267"}],"curies":[{"name":"wp","href":"https:\/\/api.w.org\/{rel}","templated":true}]}}