{"id":20262,"date":"2024-03-27T10:08:45","date_gmt":"2024-03-27T08:08:45","guid":{"rendered":"http:\/\/labostera.lt\/?post_type=product&#038;p=20262"},"modified":"2024-10-18T15:19:53","modified_gmt":"2024-10-18T12:19:53","slug":"klinikines-pacientu-prieziuros-simuliatorius-erler-zimmer-chloe-clinical-patient-care-simulator","status":"publish","type":"product","link":"https:\/\/labostera.lt\/lv\/priemones-ir-iranga\/mokymo-priemones-ir-iranga\/medicininiai-simuliatoriai\/klinikines-pacientu-prieziuros-simuliatorius-erler-zimmer-chloe-clinical-patient-care-simulator\/","title":{"rendered":"Kl\u012bnisk\u0101s pacientu apr\u016bpes simulators Erler-Zimmer \u201cChloe\u201d kl\u012bnisk\u0101s pacientu apr\u016bpes simulators"},"content":{"rendered":"<h2><strong>Erler-Zimmer GmbH &amp; Co.\u00a0KG kl\u012bnisk\u0101s pacientu apr\u016bpes simulators<\/strong>:<\/h2>\n<ul>\n<li>Modelis R17625:<\/li>\n<li>M\u016bsdien\u012bgi simulatori kl\u012bniskajai apr\u016bpei. Tiek pied\u0101v\u0101tas da\u017e\u0101das proced\u016bras, s\u0101kot no vienk\u0101r\u0161as iet\u012b\u0161anas un visp\u0101r\u0113jas pacientu apr\u016bpes l\u012bdz kr\u016b\u0161u palp\u0101cijai, kateteriz\u0101cijai, stomas apr\u016bpei, injekciju apm\u0101c\u012bbai un dzemdes kakla izmekl\u0113\u0161anai.<\/li>\n<li>Funkcijas:<\/li>\n<li>Artikul\u0113jo\u0161a galva, \u017eoklis, elko\u0146i, plaukstas loc\u012btavas, k\u0101jas un ce\u013ca loc\u012btavas<\/li>\n<li>M\u012bksta, re\u0101listiska sejas \u0101da, rokas, p\u0113das, pirksti un k\u0101ju pirksti<\/li>\n<li>Viena izmain\u012bta kr\u016b\u0161u kurvja daiva<\/li>\n<li>Iespaid\u012bgas sirds un plau\u0161u atdz\u012bvin\u0101\u0161anas (CPR) iesp\u0113jas<\/li>\n<li>Svars: 21 kg<\/li>\n<\/ul>\n<ul>\n<li>Modelis R17650:<\/li>\n<li>Pacel savu m\u0101szin\u012bbu izgl\u012bt\u012bbu piln\u012bgi jaun\u0101 l\u012bmen\u012b! Simulators \u013cauj uzraudz\u012bt un re\u0123istr\u0113t kr\u016b\u0161kurvja saspie\u0161anas un ventil\u0101cijas, izmantojot Omni Code Blue komplektu, ko var savienot ar jebkuru datoru, lai re\u0123istr\u0113tu sirds un plau\u0161u atdz\u012bvin\u0101\u0161anu un sniegtu atgriezenisko saiti (uzraudz\u012bbas ier\u012bce un dators nav iek\u013cauti komplekt\u0101).<\/li>\n<li>Visp\u0101r\u012bgas pacientu apr\u016bpes iez\u012bmes:<\/li>\n<li>M\u012bksta, re\u0101listiska sejas \u0101da, rokas, p\u0113das, pirksti un k\u0101ju pirksti<\/li>\n<li>Izveidojiet iespaid\u012bgu sirds un plau\u0161u atdz\u012bvin\u0101\u0161anu (CPR)<\/li>\n<li>Omni Code Blue komplekts \u013cauj uzraudz\u012bt skavas un elpce\u013cu ventil\u0101ciju<\/li>\n<li>Iespaid\u012bgi sirds, plau\u0161u, ribu, ku\u0146\u0123a un aknu mode\u013ci nodro\u0161ina izcilu sirds un plau\u0161u atdz\u012bvin\u0101\u0161anas (CPR) sniegumu.<\/li>\n<li>Svars: 36,3 kg<\/li>\n<\/ul>\n<h3>Kl\u012bnisk\u0101s pacientu apr\u016bpes simulatori \u2013 <a href=\"http:\/\/labostera.lt\/lv\/product-brand\/erler-zimmer-gmbh-co-kg\/\">Erlera-Zimmera anatomijas grupa<\/a><\/h3>\n<p>Vair\u0101k inform\u0101cijas: <a href=\"https:\/\/erler-zimmer.de\/en\/Clinical-Chloe-Patient-Care-Simulator\/R17625\" target=\"_blank\" rel=\"noopener nofollow\">ra\u017eot\u0101ja t\u012bmek\u013ca vietn\u0113<\/a> vai nos\u016btiet mums piepras\u012bjumu!<\/p>","protected":false},"excerpt":{"rendered":"<p>Erler-Zimmer \u201cChloe\u201d kl\u012bnisk\u0101s pacientu apr\u016bpes simulators \u2013 vair\u0101ku proced\u016bru trena\u017eieris ar kust\u012bg\u0101m da\u013c\u0101m un re\u0101listisku \u0101du.<\/p>","protected":false},"featured_media":20263,"template":"","meta":[],"product_cat":[838,75,79],"product_tag":[692,903,831,832,829,830,577,690,833,490],"class_list":{"0":"post-20262","1":"product","2":"type-product","3":"status-publish","4":"has-post-thumbnail","6":"product_brand-erler-zimmer-gmbh-co-kg","7":"product_cat-medicininiai-simuliatoriai","8":"product_cat-modeliai-manekenai-muliazai","9":"product_cat-mokymo-priemones-ir-iranga","10":"product_tag-erler-zimmer-gmbh-co-kg","11":"product_tag-klinikines-pacientu-prieziuros-simuliatoriai","12":"product_tag-medical-models","13":"product_tag-medical-simulators","14":"product_tag-medicininiai-modeliai","15":"product_tag-medicininiai-simuliatoriai","16":"product_tag-modeliai","17":"product_tag-models","18":"product_tag-simulatoriai","19":"product_tag-simulators","21":"first","22":"onbackorder","23":"shipping-taxable","24":"purchasable","25":"product-type-variable"},"_links":{"self":[{"href":"https:\/\/labostera.lt\/lv\/wp-json\/wp\/v2\/product\/20262","targetHints":{"allow":["GET"]}}],"collection":[{"href":"https:\/\/labostera.lt\/lv\/wp-json\/wp\/v2\/product"}],"about":[{"href":"https:\/\/labostera.lt\/lv\/wp-json\/wp\/v2\/types\/product"}],"wp:featuredmedia":[{"embeddable":true,"href":"https:\/\/labostera.lt\/lv\/wp-json\/wp\/v2\/media\/20263"}],"wp:attachment":[{"href":"https:\/\/labostera.lt\/lv\/wp-json\/wp\/v2\/media?parent=20262"}],"wp:term":[{"taxonomy":"product_cat","embeddable":true,"href":"https:\/\/labostera.lt\/lv\/wp-json\/wp\/v2\/product_cat?post=20262"},{"taxonomy":"product_tag","embeddable":true,"href":"https:\/\/labostera.lt\/lv\/wp-json\/wp\/v2\/product_tag?post=20262"}],"curies":[{"name":"wp","href":"https:\/\/api.w.org\/{rel}","templated":true}]}}