{"id":20255,"date":"2024-03-27T09:03:56","date_gmt":"2024-03-27T07:03:56","guid":{"rendered":"http:\/\/labostera.lt\/?post_type=product&#038;p=20255"},"modified":"2024-10-18T15:17:41","modified_gmt":"2024-10-18T12:17:41","slug":"vyresniojo-galvos-kauke-slaugos-modeliams-erler-zimmer-senior-head-cover-for-nursing-models","status":"publish","type":"product","link":"https:\/\/labostera.lt\/lv\/priemones-ir-iranga\/mokymo-priemones-ir-iranga\/modeliai-manekenai-muliazai\/vyresniojo-galvos-kauke-slaugos-modeliams-erler-zimmer-senior-head-cover-for-nursing-models\/","title":{"rendered":"Erler-Zimmer galvassega senioriem m\u0101su mode\u013ciem"},"content":{"rendered":"<h2><strong>Erler-Zimmer GmbH &amp; Co. KG Senior galvas maska medm\u0101su mode\u013ciem<\/strong>:<\/h2>\n<ul>\n<li>Modelis PW100:<\/li>\n<li>\u0160\u012b galvas maska vienk\u0101r\u0161i uzsl\u012bd uz standarta, pamata, kl\u012bnisk\u0101s Chloe vai pagarin\u0101t\u0101s kl\u012bnisk\u0101s Chloe baro\u0161anas lelles galvas un p\u0101rveido parastu baro\u0161anas lelli par lelli ar novecoju\u0161u izskatu.<\/li>\n<li>M\u012bkst\u0101 \u0101da izskat\u0101s re\u0101listiska un j\u016btas \u012bsta.<\/li>\n<li>Mute, deguns, ausis un traheostomijas atveres ir pieejamas, t\u0101p\u0113c lelles funkcijas ir piln\u012bb\u0101 saglab\u0101tas.<\/li>\n<li>Maskai aizmugur\u0113 ir aizdare, t\u0101p\u0113c to var viegli uzlikt un no\u0146emt.<\/li>\n<\/ul>\n<h3>Senioru galvas maskas medm\u0101su mode\u013ciem \u2013 <a href=\"http:\/\/labostera.lt\/lv\/product-brand\/erler-zimmer-gmbh-co-kg\/\">Erlera-Zimmera anatomijas grupa<\/a><\/h3>\n<p>Vair\u0101k inform\u0101cijas: <a href=\"https:\/\/erler-zimmer.de\/en\/Senior-head-cover-for-nursing-dolls\/PW100\" target=\"_blank\" rel=\"noopener nofollow\">ra\u017eot\u0101ja t\u012bmek\u013ca vietn\u0113<\/a> vai nos\u016btiet mums piepras\u012bjumu!<\/p>","protected":false},"excerpt":{"rendered":"<p>Erler-Zimmer senioru galvas maska m\u0101su mode\u013ciem \u2013 p\u0101rveido parastu m\u0101su lelli par vec\u0101ka gadag\u0101juma cilv\u0113ka izskatu. Re\u0101listiska \u0101da.<\/p>","protected":false},"featured_media":20261,"template":"","meta":[],"product_cat":[75,79],"product_tag":[692,831,832,829,830,577,690,833,490,902],"class_list":{"0":"post-20255","1":"product","2":"type-product","3":"status-publish","4":"has-post-thumbnail","6":"product_brand-erler-zimmer-gmbh-co-kg","7":"product_cat-modeliai-manekenai-muliazai","8":"product_cat-mokymo-priemones-ir-iranga","9":"product_tag-erler-zimmer-gmbh-co-kg","10":"product_tag-medical-models","11":"product_tag-medical-simulators","12":"product_tag-medicininiai-modeliai","13":"product_tag-medicininiai-simuliatoriai","14":"product_tag-modeliai","15":"product_tag-models","16":"product_tag-simulatoriai","17":"product_tag-simulators","18":"product_tag-vyresniojo-galvos-kaukes-slaugos-modeliams","20":"first","21":"onbackorder","22":"shipping-taxable","23":"purchasable","24":"product-type-simple"},"_links":{"self":[{"href":"https:\/\/labostera.lt\/lv\/wp-json\/wp\/v2\/product\/20255","targetHints":{"allow":["GET"]}}],"collection":[{"href":"https:\/\/labostera.lt\/lv\/wp-json\/wp\/v2\/product"}],"about":[{"href":"https:\/\/labostera.lt\/lv\/wp-json\/wp\/v2\/types\/product"}],"wp:featuredmedia":[{"embeddable":true,"href":"https:\/\/labostera.lt\/lv\/wp-json\/wp\/v2\/media\/20261"}],"wp:attachment":[{"href":"https:\/\/labostera.lt\/lv\/wp-json\/wp\/v2\/media?parent=20255"}],"wp:term":[{"taxonomy":"product_cat","embeddable":true,"href":"https:\/\/labostera.lt\/lv\/wp-json\/wp\/v2\/product_cat?post=20255"},{"taxonomy":"product_tag","embeddable":true,"href":"https:\/\/labostera.lt\/lv\/wp-json\/wp\/v2\/product_tag?post=20255"}],"curies":[{"name":"wp","href":"https:\/\/api.w.org\/{rel}","templated":true}]}}