{"id":20244,"date":"2024-03-26T16:07:11","date_gmt":"2024-03-26T14:07:11","guid":{"rendered":"http:\/\/labostera.lt\/?post_type=product&#038;p=20244"},"modified":"2024-10-18T15:19:54","modified_gmt":"2024-10-18T12:19:54","slug":"slaugos-manekenas-erler-zimmer-nursing-manikin","status":"publish","type":"product","link":"https:\/\/labostera.lt\/lv\/priemones-ir-iranga\/mokymo-priemones-ir-iranga\/modeliai-manekenai-muliazai\/slaugos-manekenas-erler-zimmer-nursing-manikin\/","title":{"rendered":"Erler-Zimmer m\u0101su manekens"},"content":{"rendered":"<h2><strong>Erler-Zimmer GmbH &amp; Co. KG m\u0101su manekens<\/strong>:<\/h2>\n<ul>\n<li>Modelis R17600:\n<ul>\n<li>Daudzas apm\u0101c\u012bbu iesp\u0113jas, s\u0101kot no transvers\u0101l\u0101s kolostomijas \u0101rst\u0113\u0161anas l\u012bdz traheotomijai.<\/li>\n<li>Sp\u0113ja simul\u0113t da\u017e\u0101das proced\u016bras, piem\u0113ram, skalo\u0161anu un dzemdes kakla uztriepes ievad\u012b\u0161anu.<\/li>\n<li>Da\u017e\u0101das injekcijas vietas, tostarp intramuskul\u0101ras un subkut\u0101nas.<\/li>\n<li>Apm\u0101c\u012bba piln\u012bgai zarnu skalo\u0161anai.<\/li>\n<li>Iesp\u0113ja ievietot v\u012brie\u0161u un sievie\u0161u org\u0101nus.<\/li>\n<li>Sievie\u0161u un v\u012brie\u0161u ur\u012bnizvadkan\u0101la kateteriz\u0101cija.<\/li>\n<li>Daudz da\u017e\u0101du atveru un savienojumu trahejai, degunam, ausij, gastroenterologam.<\/li>\n<li>Sp\u0113ja ievietot un iz\u0146emt m\u0101ksl\u012bgos zobus, atsevi\u0161\u0137us pirkstus un k\u0101ju pirkstus.<\/li>\n<\/ul>\n<\/li>\n<li>Modelis R17610:\n<ul>\n<li>Vienk\u0101r\u0161s medm\u0101su pamatapm\u0101c\u012bbas modelis.<\/li>\n<li>Tam nav iek\u0161\u0113jo tvert\u0146u un v\u012brie\u0161u dzimumorg\u0101nu.<\/li>\n<\/ul>\n<\/li>\n<li>Modelis R17600B:\n<ul>\n<li>Papildu intravenozas apm\u0101c\u012bbas roka mode\u013ciem R17600 un R17625.<\/li>\n<li>Inf\u016bzijas un asins sav\u0101k\u0161anas proced\u016br\u0101m.<\/li>\n<li>Savietojams ar intravenoz\u0101m z\u0101l\u0113m.<\/li>\n<li>Pied\u0101v\u0101 komplekt\u0101 ietilpst asins pulvera koncentr\u0101ts, spiediena \u0161\u013c\u016btene, asins dren\u0101\u017eas maisi\u0146\u0161 un rezerves apvalks.<\/li>\n<\/ul>\n<\/li>\n<li>Modelis R17600D:\n<ul>\n<li>Amput\u0101cijas \u0161uve ir paredz\u0113ta modelim R17600.<\/li>\n<li>Standarta versija.<\/li>\n<\/ul>\n<\/li>\n<li>Modelis P98:\n<ul>\n<li>Manekena transport\u0113\u0161anas soma<\/li>\n<\/ul>\n<\/li>\n<\/ul>\n<h3>M\u0101su manekeni \u2013 <a href=\"http:\/\/labostera.lt\/lv\/product-brand\/erler-zimmer-gmbh-co-kg\/\">Erlera-Zimmera anatomijas grupa<\/a><\/h3>\n<p>Vair\u0101k inform\u0101cijas: <a href=\"https:\/\/erler-zimmer.de\/en\/Nursing-Doll-Standard-Version\/R17600\" target=\"_blank\" rel=\"noopener nofollow\">ra\u017eot\u0101ja t\u012bmek\u013ca vietn\u0113<\/a> vai nos\u016btiet mums piepras\u012bjumu!<\/p>","protected":false},"excerpt":{"rendered":"<p>Erlera-Zimmera medm\u0101su manekens \u2013 visaptvero\u0161s apm\u0101c\u012bbas modelis, kas nodro\u0161ina re\u0101listisku apm\u0101c\u012bbu da\u017e\u0101du kl\u012bnisko proced\u016bru veik\u0161anai. Sievietes izskats, bet, piestiprinot v\u012brie\u0161a dzimumorg\u0101nus, var izveidot ar\u012b v\u012brie\u0161a modeli. Tiek pied\u0101v\u0101tas daudzas apm\u0101c\u012bbu iesp\u0113jas.<\/p>","protected":false},"featured_media":20253,"template":"","meta":[],"product_cat":[75,79],"product_tag":[692,831,832,829,830,577,690,833,490,901],"class_list":{"0":"post-20244","1":"product","2":"type-product","3":"status-publish","4":"has-post-thumbnail","6":"product_brand-erler-zimmer-gmbh-co-kg","7":"product_cat-modeliai-manekenai-muliazai","8":"product_cat-mokymo-priemones-ir-iranga","9":"product_tag-erler-zimmer-gmbh-co-kg","10":"product_tag-medical-models","11":"product_tag-medical-simulators","12":"product_tag-medicininiai-modeliai","13":"product_tag-medicininiai-simuliatoriai","14":"product_tag-modeliai","15":"product_tag-models","16":"product_tag-simulatoriai","17":"product_tag-simulators","18":"product_tag-slaugos-manekenai","20":"first","21":"onbackorder","22":"shipping-taxable","23":"purchasable","24":"product-type-variable"},"_links":{"self":[{"href":"https:\/\/labostera.lt\/lv\/wp-json\/wp\/v2\/product\/20244","targetHints":{"allow":["GET"]}}],"collection":[{"href":"https:\/\/labostera.lt\/lv\/wp-json\/wp\/v2\/product"}],"about":[{"href":"https:\/\/labostera.lt\/lv\/wp-json\/wp\/v2\/types\/product"}],"wp:featuredmedia":[{"embeddable":true,"href":"https:\/\/labostera.lt\/lv\/wp-json\/wp\/v2\/media\/20253"}],"wp:attachment":[{"href":"https:\/\/labostera.lt\/lv\/wp-json\/wp\/v2\/media?parent=20244"}],"wp:term":[{"taxonomy":"product_cat","embeddable":true,"href":"https:\/\/labostera.lt\/lv\/wp-json\/wp\/v2\/product_cat?post=20244"},{"taxonomy":"product_tag","embeddable":true,"href":"https:\/\/labostera.lt\/lv\/wp-json\/wp\/v2\/product_tag?post=20244"}],"curies":[{"name":"wp","href":"https:\/\/api.w.org\/{rel}","templated":true}]}}