{"id":20242,"date":"2024-03-26T15:06:53","date_gmt":"2024-03-26T13:06:53","guid":{"rendered":"http:\/\/labostera.lt\/?post_type=product&#038;p=20242"},"modified":"2024-10-18T15:17:44","modified_gmt":"2024-10-18T12:17:44","slug":"kudikio-modelis-erler-zimmer-baby-hippy-model","status":"publish","type":"product","link":"https:\/\/labostera.lt\/lv\/priemones-ir-iranga\/mokymo-priemones-ir-iranga\/modeliai-manekenai-muliazai\/kudikio-modelis-erler-zimmer-baby-hippy-model\/","title":{"rendered":"Mazu\u013cu modele Erler-Zimmer Mazu\u013ca \u201cHipija\u201d modele"},"content":{"rendered":"<h2><strong>Erler-Zimmer GmbH &amp; Co. KG mazu\u013ca modelis<\/strong>:<\/h2>\n<ul>\n<li>Modelis R10104:<\/li>\n<li>Reproduc\u0113jams z\u012bdai\u0146a \u0137erme\u0146a apak\u0161da\u013cas un ekstremit\u0101\u0161u modelis ir izstr\u0101d\u0101ts, lai apm\u0101c\u012btu speci\u0101listus gan iedzimtas g\u016b\u017eas displ\u0101zijas, gan g\u016b\u017eas loc\u012btavas iztaisno\u0161anas diagnostik\u0101.<\/li>\n<li>Kreis\u0101 g\u016b\u017eas loc\u012btava ir saliekta Ortolani gr\u016b\u0161anas z\u012bmju vingrin\u0101jumam.<\/li>\n<li>Barlova manevra laik\u0101 lab\u0101 g\u016b\u017eas loc\u012btava ir atsl\u0101bin\u0101ta.<\/li>\n<\/ul>\n<h3>Z\u012bdai\u0146u mode\u013ci \u2013 <a href=\"http:\/\/labostera.lt\/lv\/product-brand\/erler-zimmer-gmbh-co-kg\/\">Erlera-Zimmera anatomijas grupa<\/a><\/h3>\n<p>Vair\u0101k inform\u0101cijas: <a href=\"https:\/\/erler-zimmer.de\/en\/Baby-Hippy\/R10104\" target=\"_blank\" rel=\"noopener nofollow\">ra\u017eot\u0101ja t\u012bmek\u013ca vietn\u0113<\/a> vai nos\u016btiet mums piepras\u012bjumu!<\/p>","protected":false},"excerpt":{"rendered":"<p>Erlera-Zimmera \u201chipiju\u201d z\u012bdai\u0146u modelis \u2013 profesion\u0101ls apm\u0101c\u012bbas modelis iedzimtu g\u016b\u017eas loc\u012btavu deform\u0101ciju diagnostikai un izl\u012bdzin\u0101\u0161anai.<\/p>","protected":false},"featured_media":20243,"template":"","meta":[],"product_cat":[75,79],"product_tag":[692,900,878,879,831,832,829,830,577,690,833,490],"class_list":{"0":"post-20242","1":"product","2":"type-product","3":"status-publish","4":"has-post-thumbnail","6":"product_brand-erler-zimmer-gmbh-co-kg","7":"product_cat-modeliai-manekenai-muliazai","8":"product_cat-mokymo-priemones-ir-iranga","9":"product_tag-erler-zimmer-gmbh-co-kg","10":"product_tag-kudikio-modeliai","11":"product_tag-kudikio-simuliatoriai","12":"product_tag-kudikio-simuliatorius","13":"product_tag-medical-models","14":"product_tag-medical-simulators","15":"product_tag-medicininiai-modeliai","16":"product_tag-medicininiai-simuliatoriai","17":"product_tag-modeliai","18":"product_tag-models","19":"product_tag-simulatoriai","20":"product_tag-simulators","22":"first","23":"onbackorder","24":"shipping-taxable","25":"purchasable","26":"product-type-simple"},"_links":{"self":[{"href":"https:\/\/labostera.lt\/lv\/wp-json\/wp\/v2\/product\/20242","targetHints":{"allow":["GET"]}}],"collection":[{"href":"https:\/\/labostera.lt\/lv\/wp-json\/wp\/v2\/product"}],"about":[{"href":"https:\/\/labostera.lt\/lv\/wp-json\/wp\/v2\/types\/product"}],"wp:featuredmedia":[{"embeddable":true,"href":"https:\/\/labostera.lt\/lv\/wp-json\/wp\/v2\/media\/20243"}],"wp:attachment":[{"href":"https:\/\/labostera.lt\/lv\/wp-json\/wp\/v2\/media?parent=20242"}],"wp:term":[{"taxonomy":"product_cat","embeddable":true,"href":"https:\/\/labostera.lt\/lv\/wp-json\/wp\/v2\/product_cat?post=20242"},{"taxonomy":"product_tag","embeddable":true,"href":"https:\/\/labostera.lt\/lv\/wp-json\/wp\/v2\/product_tag?post=20242"}],"curies":[{"name":"wp","href":"https:\/\/api.w.org\/{rel}","templated":true}]}}