{"id":20239,"date":"2024-03-26T14:02:04","date_gmt":"2024-03-26T12:02:04","guid":{"rendered":"http:\/\/labostera.lt\/?post_type=product&#038;p=20239"},"modified":"2024-10-18T15:17:45","modified_gmt":"2024-10-18T12:17:45","slug":"kudikio-klubo-sanario-sonografijos-mokymo-fantomas-erler-zimmer-infant-hip-sonography-training-phantom","status":"publish","type":"product","link":"https:\/\/labostera.lt\/lv\/priemones-ir-iranga\/mokymo-priemones-ir-iranga\/medicininiai-simuliatoriai\/kudikio-klubo-sanario-sonografijos-mokymo-fantomas-erler-zimmer-infant-hip-sonography-training-phantom\/","title":{"rendered":"Z\u012bdai\u0146u g\u016b\u017eas sonogr\u0101fijas apm\u0101c\u012bbas fantoms Erler-Zimmer z\u012bdai\u0146u g\u016b\u017eas sonogr\u0101fijas apm\u0101c\u012bbas fantoms"},"content":{"rendered":"<h2><strong>Erler-Zimmer GmbH &amp; Co. KG Z\u012bdai\u0146u g\u016b\u017eas loc\u012btavu sonogr\u0101fijas treni\u0146u fantoms<\/strong>:<\/h2>\n<ul>\n<li>Modelis R16609:<\/li>\n<li>\u0160is ir pasaul\u0113 pirmais treni\u0146u fantoms ar 6 ned\u0113\u013cas veca z\u012bdai\u0146a ultraska\u0146as anatomisk\u0101m iez\u012bm\u0113m, un tas papla\u0161ina apm\u0101c\u012bbas iesp\u0113jas pediatriem, radiologiem un ortop\u0113diem.<\/li>\n<li>Pirms darba ar \u012bstiem mazu\u013ciem, studenti var atk\u0101rtoti praktiz\u0113ties ar \u0161o fantomu, lai iepaz\u012btos ar izmekl\u0113\u0161anas proced\u016br\u0101m un galvenajiem punktiem.<\/li>\n<li>Izmantojot re\u0101las ultraska\u0146as ier\u012bces, studenti var apg\u016bt pamata ultraska\u0146as mar\u0137ierus, lai identific\u0113tu standarta plakni Gr\u0101fa klasifik\u0101cijai.<\/li>\n<li>Tas ir pamats, lai apg\u016btu prasmes mazu\u013ca apstr\u0101d\u0113 un pozicion\u0113\u0161an\u0101, k\u0101 ar\u012b pareiz\u0101 dev\u0113ja novieto\u0161an\u0101.<\/li>\n<li>Pilna auguma, dabiska izm\u0113ra manekens ar kust\u012bg\u0101m rok\u0101m \u013cauj veikt re\u0101listiskus treni\u0146us, atbalstot un mainot mazu\u013ca pozu.<\/li>\n<\/ul>\n<h3>Z\u012bdai\u0146u g\u016b\u017eas loc\u012btavas sonogr\u0101fijas treni\u0146u fantomi \u2013 <a href=\"http:\/\/labostera.lt\/lv\/product-brand\/erler-zimmer-gmbh-co-kg\/\">Erlera-Zimmera anatomijas grupa<\/a><\/h3>\n<p>Vair\u0101k inform\u0101cijas: <a href=\"https:\/\/erler-zimmer.de\/en\/Infant-Hip-Sonography-Training-Phantom\/R16609\" target=\"_blank\" rel=\"noopener nofollow\">ra\u017eot\u0101ja t\u012bmek\u013ca vietn\u0113<\/a> vai nos\u016btiet mums piepras\u012bjumu!<\/p>","protected":false},"excerpt":{"rendered":"<p>Erlera-Zimmera z\u012bdai\u0146u g\u016b\u017eas loc\u012btavas sonogr\u0101fijas treni\u0146u fantoms \u2013 pasaul\u0113 pirmais treni\u0146u fantoms ar 6 ned\u0113\u013cas veca z\u012bdai\u0146a ultraska\u0146as anatomisk\u0101m iez\u012bm\u0113m. Ide\u0101li piem\u0113rots treni\u0146iem.<\/p>","protected":false},"featured_media":20240,"template":"","meta":[],"product_cat":[838,75,79],"product_tag":[692,899,878,879,831,832,829,830,577,690,833,490],"class_list":{"0":"post-20239","1":"product","2":"type-product","3":"status-publish","4":"has-post-thumbnail","6":"product_brand-erler-zimmer-gmbh-co-kg","7":"product_cat-medicininiai-simuliatoriai","8":"product_cat-modeliai-manekenai-muliazai","9":"product_cat-mokymo-priemones-ir-iranga","10":"product_tag-erler-zimmer-gmbh-co-kg","11":"product_tag-kudikio-klubo-sanario-sonografijos-mokymo-fantomai","12":"product_tag-kudikio-simuliatoriai","13":"product_tag-kudikio-simuliatorius","14":"product_tag-medical-models","15":"product_tag-medical-simulators","16":"product_tag-medicininiai-modeliai","17":"product_tag-medicininiai-simuliatoriai","18":"product_tag-modeliai","19":"product_tag-models","20":"product_tag-simulatoriai","21":"product_tag-simulators","23":"first","24":"onbackorder","25":"shipping-taxable","26":"purchasable","27":"product-type-simple"},"_links":{"self":[{"href":"https:\/\/labostera.lt\/lv\/wp-json\/wp\/v2\/product\/20239","targetHints":{"allow":["GET"]}}],"collection":[{"href":"https:\/\/labostera.lt\/lv\/wp-json\/wp\/v2\/product"}],"about":[{"href":"https:\/\/labostera.lt\/lv\/wp-json\/wp\/v2\/types\/product"}],"wp:featuredmedia":[{"embeddable":true,"href":"https:\/\/labostera.lt\/lv\/wp-json\/wp\/v2\/media\/20240"}],"wp:attachment":[{"href":"https:\/\/labostera.lt\/lv\/wp-json\/wp\/v2\/media?parent=20239"}],"wp:term":[{"taxonomy":"product_cat","embeddable":true,"href":"https:\/\/labostera.lt\/lv\/wp-json\/wp\/v2\/product_cat?post=20239"},{"taxonomy":"product_tag","embeddable":true,"href":"https:\/\/labostera.lt\/lv\/wp-json\/wp\/v2\/product_tag?post=20239"}],"curies":[{"name":"wp","href":"https:\/\/api.w.org\/{rel}","templated":true}]}}