{"id":20237,"date":"2024-03-26T13:06:01","date_gmt":"2024-03-26T11:06:01","guid":{"rendered":"http:\/\/labostera.lt\/?post_type=product&#038;p=20237"},"modified":"2024-10-18T15:17:47","modified_gmt":"2024-10-18T12:17:47","slug":"vaiko-prieziuros-manekenas-erler-zimmer-nursing-kid-training-manikin","status":"publish","type":"product","link":"https:\/\/labostera.lt\/lv\/priemones-ir-iranga\/mokymo-priemones-ir-iranga\/modeliai-manekenai-muliazai\/vaiko-prieziuros-manekenas-erler-zimmer-nursing-kid-training-manikin\/","title":{"rendered":"Erlera-Zimmera b\u0113rna apr\u016bpes manekens"},"content":{"rendered":"<h2><strong>Erler-Zimmer GmbH &amp; Co. KG b\u0113rnu apr\u016bpes manekens<\/strong>:<\/h2>\n<ul>\n<li>Modelis P155:<\/li>\n<li>B\u0113rnu apr\u016bpes manekens ir treni\u0146u manekens, kas re\u0101listiski att\u0113lo se\u0161us gadus vecu b\u0113rnu.<\/li>\n<li>T\u0101 ir izstr\u0101d\u0101ta, lai nodro\u0161in\u0101tu uz prasm\u0113m un scen\u0101rijiem balst\u012btu apm\u0101c\u012bbu da\u017e\u0101du pediatrisko pacientu apr\u016bpei un vad\u012bbai slimn\u012bc\u0101.<\/li>\n<li>Apm\u0101c\u012bba ietver ska\u0146as auskult\u0101ciju (p\u0113c izv\u0113les), intravenozo kanul\u0101ciju, ur\u012bnce\u013cu kateteriz\u0101ciju un visp\u0101r\u0113ju pediatrisku pacientu apr\u016bpi.<\/li>\n<li>\u0160is b\u0113rns ir ide\u0101li piem\u0113rots kl\u012bniskajai apm\u0101c\u012bbai pediatrisk\u0101s slimn\u012bcas pamata kl\u012bniskaj\u0101s prasm\u0113s.<\/li>\n<\/ul>\n<h3>B\u0113rnu apr\u016bpes manekeni \u2013 <a href=\"http:\/\/labostera.lt\/lv\/product-brand\/erler-zimmer-gmbh-co-kg\/\">Erlera-Zimmera anatomijas grupa<\/a><\/h3>\n<p>Vair\u0101k inform\u0101cijas: <a href=\"https:\/\/erler-zimmer.de\/shop\/en\/10199\" target=\"_blank\" rel=\"noopener nofollow\">ra\u017eot\u0101ja t\u012bmek\u013ca vietn\u0113<\/a> vai nos\u016btiet mums piepras\u012bjumu!<\/p>","protected":false},"excerpt":{"rendered":"<p>Erler-Zimmer b\u0113rnu apr\u016bpes manekens \u2013 re\u0101listisks m\u0101c\u012bbu manekens, kas atbilst se\u0161us gadus vecam b\u0113rnam. Ide\u0101li piem\u0113rots pediatriskai apr\u016bpei. Da\u017e\u0101das proced\u016bras.<\/p>","protected":false},"featured_media":20238,"template":"","meta":[],"product_cat":[75,79],"product_tag":[692,831,832,829,830,577,690,833,490,898,894,895],"class_list":{"0":"post-20237","1":"product","2":"type-product","3":"status-publish","4":"has-post-thumbnail","6":"product_brand-erler-zimmer-gmbh-co-kg","7":"product_cat-modeliai-manekenai-muliazai","8":"product_cat-mokymo-priemones-ir-iranga","9":"product_tag-erler-zimmer-gmbh-co-kg","10":"product_tag-medical-models","11":"product_tag-medical-simulators","12":"product_tag-medicininiai-modeliai","13":"product_tag-medicininiai-simuliatoriai","14":"product_tag-modeliai","15":"product_tag-models","16":"product_tag-simulatoriai","17":"product_tag-simulators","18":"product_tag-vaiko-prieziuros-manekenai","19":"product_tag-vaiko-simuliatoriai","20":"product_tag-vaiko-simuliatorius","22":"first","23":"onbackorder","24":"shipping-taxable","25":"purchasable","26":"product-type-simple"},"_links":{"self":[{"href":"https:\/\/labostera.lt\/lv\/wp-json\/wp\/v2\/product\/20237","targetHints":{"allow":["GET"]}}],"collection":[{"href":"https:\/\/labostera.lt\/lv\/wp-json\/wp\/v2\/product"}],"about":[{"href":"https:\/\/labostera.lt\/lv\/wp-json\/wp\/v2\/types\/product"}],"wp:featuredmedia":[{"embeddable":true,"href":"https:\/\/labostera.lt\/lv\/wp-json\/wp\/v2\/media\/20238"}],"wp:attachment":[{"href":"https:\/\/labostera.lt\/lv\/wp-json\/wp\/v2\/media?parent=20237"}],"wp:term":[{"taxonomy":"product_cat","embeddable":true,"href":"https:\/\/labostera.lt\/lv\/wp-json\/wp\/v2\/product_cat?post=20237"},{"taxonomy":"product_tag","embeddable":true,"href":"https:\/\/labostera.lt\/lv\/wp-json\/wp\/v2\/product_tag?post=20237"}],"curies":[{"name":"wp","href":"https:\/\/api.w.org\/{rel}","templated":true}]}}