{"id":20230,"date":"2024-03-26T12:06:20","date_gmt":"2024-03-26T10:06:20","guid":{"rendered":"http:\/\/labostera.lt\/?post_type=product&#038;p=20230"},"modified":"2024-10-18T15:17:48","modified_gmt":"2024-10-18T12:17:48","slug":"vaiko-prieziuros-modelis-erler-zimmer-pediatric-patient-care-model","status":"publish","type":"product","link":"https:\/\/labostera.lt\/lv\/priemones-ir-iranga\/mokymo-priemones-ir-iranga\/modeliai-manekenai-muliazai\/vaiko-prieziuros-modelis-erler-zimmer-pediatric-patient-care-model\/","title":{"rendered":"Erlera-Zimmera pediatrisk\u0101s pacientu apr\u016bpes modelis"},"content":{"rendered":"<h2><strong>Erler-Zimmer GmbH &amp; Co. KG b\u0113rnu apr\u016bpes modelis<\/strong>:<\/h2>\n<ul>\n<li>Modelis R16601:<\/li>\n<li>\u0160is 6 gadus vecam b\u0113rnam paredz\u0113tais modelis ir ide\u0101li piem\u0113rots m\u0101su apm\u0101c\u012bbai vai apr\u016bpes praksei m\u0101j\u0101s.<\/li>\n<li>Taj\u0101 ir:<\/li>\n<li>Pozicion\u0113\u0161ana un pacienta p\u0101rvieto\u0161ana<\/li>\n<li>Mutes, deguna vai trahejas atdal\u012b\u0161ana<\/li>\n<li>Perkut\u0101nas endoskopisk\u0101s gastroskopijas (PEG) apr\u016bpe<\/li>\n<li>Baro\u0161anas zondes p\u0101rvald\u012bba<\/li>\n<li>V\u012brie\u0161u un sievie\u0161u kateteriz\u0101cija<\/li>\n<li>Intramuskul\u0101ra un intravenoza injekcija<\/li>\n<li>Modelis ir p\u0101rvietojams un var s\u0113d\u0113t bez atbalsta.<\/li>\n<li>Ir iek\u013cauta sada\u013ca ar elpce\u013cu skaidrojumu.<\/li>\n<\/ul>\n<h3>B\u0113rnu apr\u016bpes mode\u013ci \u2013 <a href=\"http:\/\/labostera.lt\/lv\/product-brand\/erler-zimmer-gmbh-co-kg\/\">Erlera-Zimmera anatomijas grupa<\/a><\/h3>\n<p>Vair\u0101k inform\u0101cijas: <a href=\"https:\/\/erler-zimmer.de\/shop\/en\/10199\" target=\"_blank\" rel=\"noopener nofollow\">ra\u017eot\u0101ja t\u012bmek\u013ca vietn\u0113<\/a> vai nos\u016btiet mums piepras\u012bjumu!<\/p>","protected":false},"excerpt":{"rendered":"<p>Erlera-Zimmera b\u0113rnu apr\u016bpes modelis \u2014 lielisks modelis 6 gadus vecam b\u0113rnam m\u0101su izgl\u012bt\u012bbai vai apr\u016bpes praksei m\u0101j\u0101s. Ir iek\u013cauta sada\u013ca ar elpce\u013cu skaidrojumu.<\/p>","protected":false},"featured_media":20236,"template":"","meta":[],"product_cat":[75,79],"product_tag":[692,831,832,829,830,577,690,833,490,897,894,895],"class_list":{"0":"post-20230","1":"product","2":"type-product","3":"status-publish","4":"has-post-thumbnail","6":"product_brand-erler-zimmer-gmbh-co-kg","7":"product_cat-modeliai-manekenai-muliazai","8":"product_cat-mokymo-priemones-ir-iranga","9":"product_tag-erler-zimmer-gmbh-co-kg","10":"product_tag-medical-models","11":"product_tag-medical-simulators","12":"product_tag-medicininiai-modeliai","13":"product_tag-medicininiai-simuliatoriai","14":"product_tag-modeliai","15":"product_tag-models","16":"product_tag-simulatoriai","17":"product_tag-simulators","18":"product_tag-vaiko-prieziuros-modeliai","19":"product_tag-vaiko-simuliatoriai","20":"product_tag-vaiko-simuliatorius","22":"first","23":"onbackorder","24":"shipping-taxable","25":"purchasable","26":"product-type-simple"},"_links":{"self":[{"href":"https:\/\/labostera.lt\/lv\/wp-json\/wp\/v2\/product\/20230","targetHints":{"allow":["GET"]}}],"collection":[{"href":"https:\/\/labostera.lt\/lv\/wp-json\/wp\/v2\/product"}],"about":[{"href":"https:\/\/labostera.lt\/lv\/wp-json\/wp\/v2\/types\/product"}],"wp:featuredmedia":[{"embeddable":true,"href":"https:\/\/labostera.lt\/lv\/wp-json\/wp\/v2\/media\/20236"}],"wp:attachment":[{"href":"https:\/\/labostera.lt\/lv\/wp-json\/wp\/v2\/media?parent=20230"}],"wp:term":[{"taxonomy":"product_cat","embeddable":true,"href":"https:\/\/labostera.lt\/lv\/wp-json\/wp\/v2\/product_cat?post=20230"},{"taxonomy":"product_tag","embeddable":true,"href":"https:\/\/labostera.lt\/lv\/wp-json\/wp\/v2\/product_tag?post=20230"}],"curies":[{"name":"wp","href":"https:\/\/api.w.org\/{rel}","templated":true}]}}