{"id":20201,"date":"2024-03-26T09:11:19","date_gmt":"2024-03-26T07:11:19","guid":{"rendered":"http:\/\/labostera.lt\/?post_type=product&#038;p=20201"},"modified":"2024-10-18T15:17:52","modified_gmt":"2024-10-18T12:17:52","slug":"kudikio-slaugos-modelis-erler-zimmer-infant-nursing-model","status":"publish","type":"product","link":"https:\/\/labostera.lt\/lv\/priemones-ir-iranga\/mokymo-priemones-ir-iranga\/modeliai-manekenai-muliazai\/kudikio-slaugos-modelis-erler-zimmer-infant-nursing-model\/","title":{"rendered":"Erler-Zimmer z\u012bdai\u0146u baro\u0161anas modelis"},"content":{"rendered":"<h2><strong>Erler-Zimmer GmbH &amp; Co. KG b\u0113rnu apr\u016bpes modelis<\/strong>:<\/h2>\n<ul>\n<li>Modelis LM52:<\/li>\n<li>Meitene (6\u20138 m\u0113ne\u0161i) apm\u0101c\u012bbai m\u0101su pal\u012bdz\u012bb\u0101.<\/li>\n<li>\u0160is modelis ir izgatavots no \u012bpa\u0161a sint\u0113tiska materi\u0101la, kas nodro\u0161ina izcilu treni\u0146a pieredzi.<\/li>\n<li>Elast\u012bg\u0101, m\u012bkst\u0101 \u0101das virsma ir nosl\u0113gta bez v\u012bl\u0113m, t\u0101p\u0113c \u0161\u0137idrums nevar iek\u013c\u016bt.<\/li>\n<li>Modelis pied\u0101v\u0101 \u0161\u0101das praktiz\u0113\u0161an\u0101s iesp\u0113jas: pareizu tur\u0113\u0161anu un n\u0113s\u0101\u0161anu, fizioterapijas vingrin\u0101jumus, baro\u0161anu, kr\u016bts baro\u0161anu, vanno\u0161anos, matu mazg\u0101\u0161anu, m\u0113r\u012b\u0161anu, sv\u0113r\u0161anu, profilaktisk\u0101s apskates, temperat\u016bras m\u0113r\u012b\u0161anu, asinsspiediena m\u0113r\u012b\u0161anu, ku\u0146\u0123a zondes ievieto\u0161anu, mutes un deguna dobuma aspir\u0101ciju, asins paraugu \u0146em\u0161anu vai spin\u0101l\u0101s anest\u0113zijas pievieno\u0161anu.<\/li>\n<\/ul>\n<h3>Z\u012bdai\u0146u apr\u016bpes mode\u013ci \u2013 <a href=\"http:\/\/labostera.lt\/lv\/product-brand\/erler-zimmer-gmbh-co-kg\/\">Erlera-Zimmera anatomijas grupa<\/a><\/h3>\n<p>Vair\u0101k inform\u0101cijas: <a href=\"https:\/\/erler-zimmer.de\/shop\/en\/9662\" target=\"_blank\" rel=\"noopener nofollow\">ra\u017eot\u0101ja t\u012bmek\u013ca vietn\u0113<\/a> vai nos\u016btiet mums piepras\u012bjumu!<\/p>","protected":false},"excerpt":{"rendered":"<p>Erlera-Zimmera z\u012bdai\u0146u baro\u0161anas modelis \u2013 unik\u0101ls z\u012bdai\u0146u baro\u0161anas apm\u0101c\u012bbas modelis, kas izgatavots no \u012bpa\u0161a sint\u0113tiska materi\u0101la. Visaptvero\u0161as prakses iesp\u0113jas. Ide\u0101li piem\u0113rots treni\u0146iem un praksei.<\/p>","protected":false},"featured_media":20202,"template":"","meta":[],"product_cat":[75,79],"product_tag":[692,878,879,892,831,832,829,830,577,690,833,490],"class_list":{"0":"post-20201","1":"product","2":"type-product","3":"status-publish","4":"has-post-thumbnail","6":"product_brand-erler-zimmer-gmbh-co-kg","7":"product_cat-modeliai-manekenai-muliazai","8":"product_cat-mokymo-priemones-ir-iranga","9":"product_tag-erler-zimmer-gmbh-co-kg","10":"product_tag-kudikio-simuliatoriai","11":"product_tag-kudikio-simuliatorius","12":"product_tag-kudikio-slaugos-modeliai","13":"product_tag-medical-models","14":"product_tag-medical-simulators","15":"product_tag-medicininiai-modeliai","16":"product_tag-medicininiai-simuliatoriai","17":"product_tag-modeliai","18":"product_tag-models","19":"product_tag-simulatoriai","20":"product_tag-simulators","22":"first","23":"onbackorder","24":"shipping-taxable","25":"purchasable","26":"product-type-simple"},"_links":{"self":[{"href":"https:\/\/labostera.lt\/lv\/wp-json\/wp\/v2\/product\/20201","targetHints":{"allow":["GET"]}}],"collection":[{"href":"https:\/\/labostera.lt\/lv\/wp-json\/wp\/v2\/product"}],"about":[{"href":"https:\/\/labostera.lt\/lv\/wp-json\/wp\/v2\/types\/product"}],"wp:featuredmedia":[{"embeddable":true,"href":"https:\/\/labostera.lt\/lv\/wp-json\/wp\/v2\/media\/20202"}],"wp:attachment":[{"href":"https:\/\/labostera.lt\/lv\/wp-json\/wp\/v2\/media?parent=20201"}],"wp:term":[{"taxonomy":"product_cat","embeddable":true,"href":"https:\/\/labostera.lt\/lv\/wp-json\/wp\/v2\/product_cat?post=20201"},{"taxonomy":"product_tag","embeddable":true,"href":"https:\/\/labostera.lt\/lv\/wp-json\/wp\/v2\/product_tag?post=20201"}],"curies":[{"name":"wp","href":"https:\/\/api.w.org\/{rel}","templated":true}]}}