{"id":20198,"date":"2024-03-21T16:09:30","date_gmt":"2024-03-21T14:09:30","guid":{"rendered":"http:\/\/labostera.lt\/?post_type=product&#038;p=20198"},"modified":"2024-10-18T15:17:54","modified_gmt":"2024-10-18T12:17:54","slug":"kudikio-slaugos-manekenas-erler-zimmer-nursing-baby-manikin","status":"publish","type":"product","link":"https:\/\/labostera.lt\/lv\/priemones-ir-iranga\/mokymo-priemones-ir-iranga\/modeliai-manekenai-muliazai\/kudikio-slaugos-manekenas-erler-zimmer-nursing-baby-manikin\/","title":{"rendered":"Erler-Zimmer m\u0101su mazu\u013ca manekens"},"content":{"rendered":"<h2><strong>Erler-Zimmer GmbH &amp; Co. KG z\u012bdai\u0146u baro\u0161anas manekens<\/strong>:<\/h2>\n<ul>\n<li>Modelis P135:<\/li>\n<li>Z\u012bdai\u0146u baro\u0161anas manekens ir z\u012bdai\u0146u manekens, kas paredz\u0113ts uz scen\u0101rijiem balst\u012btai apm\u0101c\u012bbai par da\u017e\u0101du z\u012bdai\u0146u pacientu apr\u016bpi un vad\u012bbu slimn\u012bc\u0101.<\/li>\n<li>Apm\u0101c\u012bba ietver: auskult\u0101cijas ska\u0146as, IV un IO lieto\u0161anas prasmes, avoti\u0146a nov\u0113rt\u0113\u0161anu, ur\u012bnce\u013cu kateteriz\u0101ciju un visp\u0101r\u0113jo pediatrisko pacientu apr\u016bpi.<\/li>\n<li>\u0160is mazulis ir nep\u0101rsp\u0113jams kl\u012bniskaj\u0101 apm\u0101c\u012bb\u0101 kl\u012bnisko prasmju jom\u0101 liel\u0101 pediatrijas slimn\u012bc\u0101.<\/li>\n<\/ul>\n<h3>Z\u012bdai\u0146u baro\u0161anas manekeni \u2013 <a href=\"http:\/\/labostera.lt\/lv\/product-brand\/erler-zimmer-gmbh-co-kg\/\">Erlera-Zimmera anatomijas grupa<\/a><\/h3>\n<p>Vair\u0101k inform\u0101cijas: <a href=\"https:\/\/erler-zimmer.de\/shop\/en\/11109\" target=\"_blank\" rel=\"noopener nofollow\">ra\u017eot\u0101ja t\u012bmek\u013ca vietn\u0113<\/a> vai nos\u016btiet mums piepras\u012bjumu!<\/p>","protected":false},"excerpt":{"rendered":"<p>Erler-Zimmer z\u012bdai\u0146u apr\u016bpes manekens \u2013 z\u012bdai\u0146u apm\u0101c\u012bbas manekens, kas ir ide\u0101li piem\u0113rots da\u017e\u0101du z\u012bdai\u0146u pacientu apr\u016bpei. Visaptvero\u0161a kl\u012bnisk\u0101 apm\u0101c\u012bba. Iztur\u012bgs, izgatavots no \u012bsta materi\u0101la.<\/p>","protected":false},"featured_media":20199,"template":"","meta":[],"product_cat":[75,79],"product_tag":[692,878,879,891,831,832,829,830,577,690,833,490],"class_list":{"0":"post-20198","1":"product","2":"type-product","3":"status-publish","4":"has-post-thumbnail","6":"product_brand-erler-zimmer-gmbh-co-kg","7":"product_cat-modeliai-manekenai-muliazai","8":"product_cat-mokymo-priemones-ir-iranga","9":"product_tag-erler-zimmer-gmbh-co-kg","10":"product_tag-kudikio-simuliatoriai","11":"product_tag-kudikio-simuliatorius","12":"product_tag-kudikio-slaugos-manekenai","13":"product_tag-medical-models","14":"product_tag-medical-simulators","15":"product_tag-medicininiai-modeliai","16":"product_tag-medicininiai-simuliatoriai","17":"product_tag-modeliai","18":"product_tag-models","19":"product_tag-simulatoriai","20":"product_tag-simulators","22":"first","23":"onbackorder","24":"shipping-taxable","25":"purchasable","26":"product-type-simple"},"_links":{"self":[{"href":"https:\/\/labostera.lt\/lv\/wp-json\/wp\/v2\/product\/20198","targetHints":{"allow":["GET"]}}],"collection":[{"href":"https:\/\/labostera.lt\/lv\/wp-json\/wp\/v2\/product"}],"about":[{"href":"https:\/\/labostera.lt\/lv\/wp-json\/wp\/v2\/types\/product"}],"wp:featuredmedia":[{"embeddable":true,"href":"https:\/\/labostera.lt\/lv\/wp-json\/wp\/v2\/media\/20199"}],"wp:attachment":[{"href":"https:\/\/labostera.lt\/lv\/wp-json\/wp\/v2\/media?parent=20198"}],"wp:term":[{"taxonomy":"product_cat","embeddable":true,"href":"https:\/\/labostera.lt\/lv\/wp-json\/wp\/v2\/product_cat?post=20198"},{"taxonomy":"product_tag","embeddable":true,"href":"https:\/\/labostera.lt\/lv\/wp-json\/wp\/v2\/product_tag?post=20198"}],"curies":[{"name":"wp","href":"https:\/\/api.w.org\/{rel}","templated":true}]}}