{"id":20194,"date":"2024-03-21T15:02:30","date_gmt":"2024-03-21T13:02:30","guid":{"rendered":"http:\/\/labostera.lt\/?post_type=product&#038;p=20194"},"modified":"2024-10-18T15:19:58","modified_gmt":"2024-10-18T12:19:58","slug":"kudikio-maudymo-modelis-erler-zimmer-bathing-baby-model","status":"publish","type":"product","link":"https:\/\/labostera.lt\/lv\/priemones-ir-iranga\/mokymo-priemones-ir-iranga\/modeliai-manekenai-muliazai\/kudikio-maudymo-modelis-erler-zimmer-bathing-baby-model\/","title":{"rendered":"Erler-Zimmer peld\u0113\u0161anas mazu\u013ca modelis"},"content":{"rendered":"<h2><strong>Erler-Zimmer GmbH &amp; Co. KG b\u0113rnu vanno\u0161anas modelis<\/strong>:<\/h2>\n<ul>\n<li>Modelis R16210:<\/li>\n<li>\u0160aj\u0101 komplekt\u0101 ietilpst viena v\u012brie\u0161u un viena sievie\u0161u mazu\u013cu lelle.<\/li>\n<li>Lelles ir izgatavotas no m\u012bkstas, elast\u012bgas plastmasas un, pieskaroties un r\u012bkojoties ar t\u0101m, atst\u0101j re\u0101listisku iespaidu.<\/li>\n<li>Le\u013c\u013cu bez\u0161uvju dizains padara t\u0101s ide\u0101li piem\u0113rotas peld\u0113\u0161anas treni\u0146iem.<\/li>\n<li>M\u012bkstais materi\u0101ls nodro\u0161ina dabisku kust\u012bbu diapazonu, galvai atkr\u012btot atpaka\u013c, ja t\u0101 netiek atbalst\u012bta.<\/li>\n<li>Fontaneles ir palp\u0113jamas; Nabas apr\u016bpes praksei ir no\u0146emama nabassaite.<\/li>\n<li>Papildus vanno\u0161an\u0101s un ap\u0123\u0113rba apm\u0101c\u012bbai \u0161\u012bs lelles ir piem\u0113rotas ar\u012b baro\u0161anas, higi\u0113nas un temperat\u016bras m\u0113r\u012b\u0161anas praksei.<\/li>\n<li>Lelles ir dz\u012bv\u012bgas p\u0113c svara un izm\u0113ra un att\u0113lo jaundzimu\u0161o vecum\u0101 no 0 l\u012bdz 4 ned\u0113\u013c\u0101m.<\/li>\n<li>Izm\u0113rs: 50 cm, Galvas apk\u0101rtm\u0113rs: 33 cm, Svars: 3 kg.<\/li>\n<li>Pieg\u0101d\u0101ts komplekt\u0101: 1 v\u012brietis, 1 sieviete.<\/li>\n<\/ul>\n<h3>Z\u012bdai\u0146u vanno\u0161anas paradumi \u2013 <a href=\"http:\/\/labostera.lt\/lv\/product-brand\/erler-zimmer-gmbh-co-kg\/\">Erlera-Zimmera anatomijas grupa<\/a><\/h3>\n<p>Vair\u0101k inform\u0101cijas: <a href=\"https:\/\/erler-zimmer.de\/shop\/en\/10098\" target=\"_blank\" rel=\"noopener nofollow\">ra\u017eot\u0101ja t\u012bmek\u013ca vietn\u0113<\/a> vai nos\u016btiet mums piepras\u012bjumu!<\/p>","protected":false},"excerpt":{"rendered":"<p>Erler-Zimmer mazu\u013ca vanno\u0161an\u0101s modelis \u2013 re\u0101listisks mazu\u013ca lelles komplekts vanno\u0161an\u0101s praksei. M\u012bksta, elast\u012bga plastmasa, dabiska kust\u012bba. Ide\u0101li piem\u0113rots, lai m\u0101c\u012btos un apg\u016btu inform\u0101ciju par mazu\u013cu apr\u016bpi.<\/p>","protected":false},"featured_media":20197,"template":"","meta":[],"product_cat":[75,79],"product_tag":[692,890,878,879,831,832,829,830,577,690,833,490],"class_list":{"0":"post-20194","1":"product","2":"type-product","3":"status-publish","4":"has-post-thumbnail","6":"product_brand-erler-zimmer-gmbh-co-kg","7":"product_cat-modeliai-manekenai-muliazai","8":"product_cat-mokymo-priemones-ir-iranga","9":"product_tag-erler-zimmer-gmbh-co-kg","10":"product_tag-kudikio-maudymo-modeliai","11":"product_tag-kudikio-simuliatoriai","12":"product_tag-kudikio-simuliatorius","13":"product_tag-medical-models","14":"product_tag-medical-simulators","15":"product_tag-medicininiai-modeliai","16":"product_tag-medicininiai-simuliatoriai","17":"product_tag-modeliai","18":"product_tag-models","19":"product_tag-simulatoriai","20":"product_tag-simulators","22":"first","23":"onbackorder","24":"shipping-taxable","25":"purchasable","26":"product-type-simple"},"_links":{"self":[{"href":"https:\/\/labostera.lt\/lv\/wp-json\/wp\/v2\/product\/20194","targetHints":{"allow":["GET"]}}],"collection":[{"href":"https:\/\/labostera.lt\/lv\/wp-json\/wp\/v2\/product"}],"about":[{"href":"https:\/\/labostera.lt\/lv\/wp-json\/wp\/v2\/types\/product"}],"wp:featuredmedia":[{"embeddable":true,"href":"https:\/\/labostera.lt\/lv\/wp-json\/wp\/v2\/media\/20197"}],"wp:attachment":[{"href":"https:\/\/labostera.lt\/lv\/wp-json\/wp\/v2\/media?parent=20194"}],"wp:term":[{"taxonomy":"product_cat","embeddable":true,"href":"https:\/\/labostera.lt\/lv\/wp-json\/wp\/v2\/product_cat?post=20194"},{"taxonomy":"product_tag","embeddable":true,"href":"https:\/\/labostera.lt\/lv\/wp-json\/wp\/v2\/product_tag?post=20194"}],"curies":[{"name":"wp","href":"https:\/\/api.w.org\/{rel}","templated":true}]}}