{"id":20185,"date":"2024-03-21T14:01:50","date_gmt":"2024-03-21T12:01:50","guid":{"rendered":"http:\/\/labostera.lt\/?post_type=product&#038;p=20185"},"modified":"2024-10-18T15:19:59","modified_gmt":"2024-10-18T12:19:59","slug":"kudikio-prieziuros-modelis-erler-zimmer-baby-care-model","status":"publish","type":"product","link":"https:\/\/labostera.lt\/lv\/priemones-ir-iranga\/mokymo-priemones-ir-iranga\/modeliai-manekenai-muliazai\/kudikio-prieziuros-modelis-erler-zimmer-baby-care-model\/","title":{"rendered":"Erlera-Zimmera b\u0113rnu apr\u016bpes modelis"},"content":{"rendered":"<h2><strong>Erler-Zimmer GmbH &amp; Co. KG b\u0113rnu apr\u016bpes modelis<\/strong>:<\/h2>\n<ul>\n<li>Augstas kvalit\u0101tes mazu\u013ca modelis, kas atbilst realit\u0101tei.<\/li>\n<li>\u013boti dabiska \u0101das saj\u016bta, izmantojot \u012bpa\u0161u sint\u0113tisku materi\u0101lu.<\/li>\n<li>\u0136erme\u0146a temperat\u016bru var izm\u0113r\u012bt, ievietojot termometru dzi\u013ci an\u0101laj\u0101 kan\u0101l\u0101.<\/li>\n<li>Modelis ir piln\u012bb\u0101 \u016bdensnecaurlaid\u012bgs un dro\u0161s lieto\u0161anai peld\u0113\u0161anas vingrin\u0101jumos.<\/li>\n<li>Var praktiz\u0113t da\u017e\u0101das mazu\u013ca apr\u016bpes proced\u016bras, tostarp auti\u0146biks\u012b\u0161u mai\u0146u un \u0123\u0113rb\u0161anu.<\/li>\n<li>P\u0101rdod kop\u0101 ar uzglab\u0101\u0161anas maisi\u0146u.<\/li>\n<li>Modelis: LM26M (standarta v\u012brie\u0161u versija)<\/li>\n<li>Modelis: LM26G (sievie\u0161u versija, papildus paredz\u0113ta z\u012bdai\u0146u baro\u0161anai ar kr\u016bti un ur\u012bna paraugu sav\u0101k\u0161anas praksei)<\/li>\n<\/ul>\n<h3>Z\u012bdai\u0146u apr\u016bpes mode\u013ci \u2013 <a href=\"http:\/\/labostera.lt\/lv\/product-brand\/erler-zimmer-gmbh-co-kg\/\">Erlera-Zimmera anatomijas grupa<\/a><\/h3>\n<p>Vair\u0101k inform\u0101cijas: <a href=\"https:\/\/erler-zimmer.de\/shop\/en\/9653\" target=\"_blank\" rel=\"noopener nofollow\">ra\u017eot\u0101ja t\u012bmek\u013ca vietn\u0113<\/a> vai nos\u016btiet mums piepras\u012bjumu!<\/p>","protected":false},"excerpt":{"rendered":"<p>Erler-Zimmer z\u012bdai\u0146u apr\u016bpes modelis. Augstas kvalit\u0101tes, \u013coti dab\u012bgas \u0101das saj\u016bta.<\/p>","protected":false},"featured_media":20191,"template":"","meta":[],"product_cat":[75,79],"product_tag":[692,889,878,879,831,832,829,830,577,690,833,490],"class_list":{"0":"post-20185","1":"product","2":"type-product","3":"status-publish","4":"has-post-thumbnail","6":"product_brand-erler-zimmer-gmbh-co-kg","7":"product_cat-modeliai-manekenai-muliazai","8":"product_cat-mokymo-priemones-ir-iranga","9":"product_tag-erler-zimmer-gmbh-co-kg","10":"product_tag-kudikio-prieziuros-modeliai","11":"product_tag-kudikio-simuliatoriai","12":"product_tag-kudikio-simuliatorius","13":"product_tag-medical-models","14":"product_tag-medical-simulators","15":"product_tag-medicininiai-modeliai","16":"product_tag-medicininiai-simuliatoriai","17":"product_tag-modeliai","18":"product_tag-models","19":"product_tag-simulatoriai","20":"product_tag-simulators","22":"first","23":"onbackorder","24":"shipping-taxable","25":"purchasable","26":"product-type-variable"},"_links":{"self":[{"href":"https:\/\/labostera.lt\/lv\/wp-json\/wp\/v2\/product\/20185","targetHints":{"allow":["GET"]}}],"collection":[{"href":"https:\/\/labostera.lt\/lv\/wp-json\/wp\/v2\/product"}],"about":[{"href":"https:\/\/labostera.lt\/lv\/wp-json\/wp\/v2\/types\/product"}],"wp:featuredmedia":[{"embeddable":true,"href":"https:\/\/labostera.lt\/lv\/wp-json\/wp\/v2\/media\/20191"}],"wp:attachment":[{"href":"https:\/\/labostera.lt\/lv\/wp-json\/wp\/v2\/media?parent=20185"}],"wp:term":[{"taxonomy":"product_cat","embeddable":true,"href":"https:\/\/labostera.lt\/lv\/wp-json\/wp\/v2\/product_cat?post=20185"},{"taxonomy":"product_tag","embeddable":true,"href":"https:\/\/labostera.lt\/lv\/wp-json\/wp\/v2\/product_tag?post=20185"}],"curies":[{"name":"wp","href":"https:\/\/api.w.org\/{rel}","templated":true}]}}