{"id":20175,"date":"2024-03-21T13:04:37","date_gmt":"2024-03-21T11:04:37","guid":{"rendered":"http:\/\/labostera.lt\/?post_type=product&#038;p=20175"},"modified":"2024-10-18T15:20:00","modified_gmt":"2024-10-18T12:20:00","slug":"naujagimiu-modelis-vystyklu-praktikai-erler-zimmer-neonate-model-for-nappy-practice","status":"publish","type":"product","link":"https:\/\/labostera.lt\/lv\/priemones-ir-iranga\/mokymo-priemones-ir-iranga\/modeliai-manekenai-muliazai\/naujagimiu-modelis-vystyklu-praktikai-erler-zimmer-neonate-model-for-nappy-practice\/","title":{"rendered":"Erlera-Zimmera jaundzimu\u0161o modelis auti\u0146biks\u012b\u0161u lieto\u0161anas praksei"},"content":{"rendered":"<h2><strong>\u201eErler-Zimmer GmbH & Co. KG\u201d naujagimi\u0173 modelis vystykl\u0173 praktikai<\/strong>:<\/h2>\n<ul>\n<li>Z\u012bdai\u0146a modelis auti\u0146biks\u012b\u0161u lieto\u0161anai, kas atbilst dz\u012bvesveidam, ta\u010du ir \u0101rk\u0101rt\u012bgi ekonomisks cenas zi\u0146\u0101.<\/li>\n<li>Piem\u0113rots grupu treni\u0146iem (auti\u0146biks\u012b\u0161u mai\u0146ai un mazg\u0101\u0161anai).<\/li>\n<li>Loc\u012btavas kust\u012bg\u0101s loc\u012btavas \u013cauj veikt pamata z\u012bdai\u0146u apr\u016bpes proced\u016bras.<\/li>\n<li>Izm\u0113rs: 50 cm, svars: 1,2 kg.<\/li>\n<li>Modelis: BA72 (balta \u0101das kr\u0101sa, v\u012brie\u0161u versija)<\/li>\n<li>Modelis: BA73 (balta \u0101das kr\u0101sa, sievie\u0161u versija)<\/li>\n<li>Modelis: BA82 (tum\u0161as \u0101das kr\u0101sa, v\u012brie\u0161u versija)<\/li>\n<li>Modelis: BA83 (tum\u0161a \u0101das kr\u0101sa, sievie\u0161u versija)<\/li>\n<\/ul>\n<h3>Naujagimi\u0173 modeliai vystykl\u0173 praktikai \u2013 <a href=\"http:\/\/labostera.lt\/lv\/product-brand\/erler-zimmer-gmbh-co-kg\/\">Erlera-Zimmera anatomijas grupa<\/a><\/h3>\n<p>Vair\u0101k inform\u0101cijas: <a href=\"https:\/\/erler-zimmer.de\/shop\/en\/9438\" target=\"_blank\" rel=\"noopener nofollow\">ra\u017eot\u0101ja t\u012bmek\u013ca vietn\u0113<\/a> vai nos\u016btiet mums piepras\u012bjumu!<\/p>","protected":false},"excerpt":{"rendered":"<p>Erlera-Zimmera jaundzimu\u0161\u0101 modelis auti\u0146biks\u012b\u0161u valk\u0101\u0161anas praksei. Ekonomiska un re\u0101listiska cena. Izv\u0113lieties starp tum\u0161u vai gai\u0161u \u0101du, v\u012brie\u0161u vai sievie\u0161u versiju.<\/p>","protected":false},"featured_media":20183,"template":"","meta":[],"product_cat":[75,79],"product_tag":[692,878,879,831,832,829,830,577,690,888,833,490],"class_list":{"0":"post-20175","1":"product","2":"type-product","3":"status-publish","4":"has-post-thumbnail","6":"product_brand-erler-zimmer-gmbh-co-kg","7":"product_cat-modeliai-manekenai-muliazai","8":"product_cat-mokymo-priemones-ir-iranga","9":"product_tag-erler-zimmer-gmbh-co-kg","10":"product_tag-kudikio-simuliatoriai","11":"product_tag-kudikio-simuliatorius","12":"product_tag-medical-models","13":"product_tag-medical-simulators","14":"product_tag-medicininiai-modeliai","15":"product_tag-medicininiai-simuliatoriai","16":"product_tag-modeliai","17":"product_tag-models","18":"product_tag-naujagimiu-modeliai-vystyklu-praktikai","19":"product_tag-simulatoriai","20":"product_tag-simulators","22":"first","23":"onbackorder","24":"shipping-taxable","25":"purchasable","26":"product-type-variable"},"_links":{"self":[{"href":"https:\/\/labostera.lt\/lv\/wp-json\/wp\/v2\/product\/20175","targetHints":{"allow":["GET"]}}],"collection":[{"href":"https:\/\/labostera.lt\/lv\/wp-json\/wp\/v2\/product"}],"about":[{"href":"https:\/\/labostera.lt\/lv\/wp-json\/wp\/v2\/types\/product"}],"wp:featuredmedia":[{"embeddable":true,"href":"https:\/\/labostera.lt\/lv\/wp-json\/wp\/v2\/media\/20183"}],"wp:attachment":[{"href":"https:\/\/labostera.lt\/lv\/wp-json\/wp\/v2\/media?parent=20175"}],"wp:term":[{"taxonomy":"product_cat","embeddable":true,"href":"https:\/\/labostera.lt\/lv\/wp-json\/wp\/v2\/product_cat?post=20175"},{"taxonomy":"product_tag","embeddable":true,"href":"https:\/\/labostera.lt\/lv\/wp-json\/wp\/v2\/product_tag?post=20175"}],"curies":[{"name":"wp","href":"https:\/\/api.w.org\/{rel}","templated":true}]}}