{"id":20170,"date":"2024-03-21T11:07:20","date_gmt":"2024-03-21T09:07:20","guid":{"rendered":"http:\/\/labostera.lt\/?post_type=product&#038;p=20170"},"modified":"2024-10-18T15:20:01","modified_gmt":"2024-10-18T12:20:01","slug":"specialiuju-poreikiu-kudikio-modelis-erler-zimmer-special-needs-infant-model","status":"publish","type":"product","link":"https:\/\/labostera.lt\/lv\/priemones-ir-iranga\/mokymo-priemones-ir-iranga\/modeliai-manekenai-muliazai\/specialiuju-poreikiu-kudikio-modelis-erler-zimmer-special-needs-infant-model\/","title":{"rendered":"Erler-Zimmer z\u012bdai\u0146u modelis ar \u012bpa\u0161\u0101m vajadz\u012bb\u0101m"},"content":{"rendered":"<h2><strong>Erler-Zimmer GmbH &amp; Co. KG modelis z\u012bdai\u0146iem ar \u012bpa\u0161\u0101m vajadz\u012bb\u0101m<\/strong>:<\/h2>\n<ul>\n<li>Modelis: BA85 \u2013 V\u012brie\u0161u versija<\/li>\n<li>Modelis: BA86 \u2013 sievie\u0161u versija<\/li>\n<li>Z\u012bdai\u0146iem ar \u012bpa\u0161\u0101m vajadz\u012bb\u0101m nepiecie\u0161ama \u012bpa\u0161a, bet maiga apr\u016bpe, tostarp dz\u012bv\u012bbu gl\u0101bjo\u0161u medic\u012bnisko proced\u016bru veik\u0161ana.<\/li>\n<li>\u013bauj izgl\u012bt\u012bbas iest\u0101d\u0113m un medic\u012bnas person\u0101lam m\u0101c\u012bt \u012bpa\u0161as proced\u016bras un izstr\u0101d\u0101t apr\u016bpes pl\u0101nu z\u012bdai\u0146iem ar \u012bpa\u0161\u0101m vajadz\u012bb\u0101m.<\/li>\n<li>Piem\u0113rots lieto\u0161anai ar medic\u012bnas ier\u012bc\u0113m, tostarp traheostomijas zondi, gastrostomijas zondi, nazogastr\u0101lo zondi un ur\u012bnizvadkan\u0101la katetru.<\/li>\n<li>Citas iesp\u0113jam\u0101s proced\u016bras ietver b\u0113rna mazg\u0101\u0161anu, auti\u0146biks\u012b\u0161u mai\u0146u un da\u017e\u0101du p\u0101rs\u0113ju mai\u0146u.<\/li>\n<li>Komplekt\u0101 ietilpst p\u0101rn\u0113s\u0101\u0161anas soma. Traheostomijas un gastrostomijas zondes nav iek\u013cautas.<\/li>\n<\/ul>\n<h3>Mode\u013ci ar \u012bpa\u0161\u0101m vajadz\u012bb\u0101m z\u012bdai\u0146iem \u2013 <a href=\"http:\/\/labostera.lt\/lv\/product-brand\/erler-zimmer-gmbh-co-kg\/\">Erlera-Zimmera anatomijas grupa<\/a><\/h3>\n<p>Vair\u0101k inform\u0101cijas: <a href=\"https:\/\/erler-zimmer.de\/shop\/en\/9447\" target=\"_blank\" rel=\"noopener nofollow\">ra\u017eot\u0101ja t\u012bmek\u013ca vietn\u0113<\/a> vai nos\u016btiet mums piepras\u012bjumu!<\/p>","protected":false},"excerpt":{"rendered":"<p>Erler-Zimmer z\u012bdai\u0146u modelis ar \u012bpa\u0161\u0101m vajadz\u012bb\u0101m. \u012apa\u0161as proced\u016bras un m\u0101su att\u012bst\u012bbas iesp\u0113jas. V\u012brie\u0161u un sievie\u0161u versija.<\/p>","protected":false},"featured_media":20172,"template":"","meta":[],"product_cat":[75,79],"product_tag":[692,878,879,831,832,829,830,577,690,833,490,887],"class_list":{"0":"post-20170","1":"product","2":"type-product","3":"status-publish","4":"has-post-thumbnail","6":"product_brand-erler-zimmer-gmbh-co-kg","7":"product_cat-modeliai-manekenai-muliazai","8":"product_cat-mokymo-priemones-ir-iranga","9":"product_tag-erler-zimmer-gmbh-co-kg","10":"product_tag-kudikio-simuliatoriai","11":"product_tag-kudikio-simuliatorius","12":"product_tag-medical-models","13":"product_tag-medical-simulators","14":"product_tag-medicininiai-modeliai","15":"product_tag-medicininiai-simuliatoriai","16":"product_tag-modeliai","17":"product_tag-models","18":"product_tag-simulatoriai","19":"product_tag-simulators","20":"product_tag-specialiuju-poreikiu-kudikio-modeliai","22":"first","23":"onbackorder","24":"shipping-taxable","25":"purchasable","26":"product-type-variable"},"_links":{"self":[{"href":"https:\/\/labostera.lt\/lv\/wp-json\/wp\/v2\/product\/20170","targetHints":{"allow":["GET"]}}],"collection":[{"href":"https:\/\/labostera.lt\/lv\/wp-json\/wp\/v2\/product"}],"about":[{"href":"https:\/\/labostera.lt\/lv\/wp-json\/wp\/v2\/types\/product"}],"wp:featuredmedia":[{"embeddable":true,"href":"https:\/\/labostera.lt\/lv\/wp-json\/wp\/v2\/media\/20172"}],"wp:attachment":[{"href":"https:\/\/labostera.lt\/lv\/wp-json\/wp\/v2\/media?parent=20170"}],"wp:term":[{"taxonomy":"product_cat","embeddable":true,"href":"https:\/\/labostera.lt\/lv\/wp-json\/wp\/v2\/product_cat?post=20170"},{"taxonomy":"product_tag","embeddable":true,"href":"https:\/\/labostera.lt\/lv\/wp-json\/wp\/v2\/product_tag?post=20170"}],"curies":[{"name":"wp","href":"https:\/\/api.w.org\/{rel}","templated":true}]}}