{"id":20162,"date":"2024-03-21T10:02:15","date_gmt":"2024-03-21T08:02:15","guid":{"rendered":"http:\/\/labostera.lt\/?post_type=product&#038;p=20162"},"modified":"2024-10-18T15:20:03","modified_gmt":"2024-10-18T12:20:03","slug":"naujagimio-zaizdu-rinkinys-erler-zimmer-neonatal-wound-kit","status":"publish","type":"product","link":"https:\/\/labostera.lt\/lv\/priemones-ir-iranga\/mokymo-priemones-ir-iranga\/modeliai-manekenai-muliazai\/naujagimio-zaizdu-rinkinys-erler-zimmer-neonatal-wound-kit\/","title":{"rendered":"Erler-Zimmer jaundzimu\u0161o br\u016b\u010du komplekts"},"content":{"rendered":"<h2><strong>Erler-Zimmer GmbH &amp; Co. KG jaundzimu\u0161o br\u016b\u010du komplekts<\/strong>:<\/h2>\n<ul>\n<li>Modelis: R11019<\/li>\n<li>\u0160ie galveno anom\u0101liju gad\u012bjumi ir piem\u0113roti daudziem jaundzimu\u0161o manekeniem. Katras br\u016bces att\u012bst\u012bba sakr\u012bt ar STABLE programmas posmiem, kas ietver: cukura, temperat\u016bras, elpo\u0161anas ce\u013cu, asinsspiediena, laboratorisko izmekl\u0113jumu un emocion\u0101l\u0101 atbalsta noteik\u0161anu. Katra br\u016bce izskat\u0101s re\u0101listiska, veicinot jaundzimu\u0161\u0101 pareizu \u0101rst\u0113\u0161anu un apr\u016bpi.<\/li>\n<li>Kolekcij\u0101 ir iek\u013cauti \u0161\u0101di anom\u0101liju gad\u012bjumi:\n<ul>\n<li>V\u0113dera uzp\u016b\u0161an\u0101s, liela<\/li>\n<li>V\u0113dera uzp\u016b\u0161an\u0101s, m\u0113rena<\/li>\n<li>Gastroshiz\u0113ze<\/li>\n<li>Mielomeningocele<\/li>\n<li>Omfaloc\u0113le<\/li>\n<li>Va\u013c\u012bga sejas \u0101da<\/li>\n<li>Subgale\u0101la asi\u0146o\u0161ana<\/li>\n<\/ul>\n<\/li>\n<li>Iepakots ciet\u0101 p\u0101rn\u0113s\u0101\u0161anas maci\u0146\u0101.<\/li>\n<li>Izm\u0113rs: 31 x 26 x 13 cm, Svars: 2,3 kg<\/li>\n<\/ul>\n<h3>Jaundzimu\u0161o br\u016b\u010du komplekti \u2013 <a href=\"http:\/\/labostera.lt\/lv\/product-brand\/erler-zimmer-gmbh-co-kg\/\">Erlera-Zimmera anatomijas grupa<\/a><\/h3>\n<p>Vair\u0101k inform\u0101cijas: <a href=\"https:\/\/erler-zimmer.de\/shop\/en\/10021\" target=\"_blank\" rel=\"noopener nofollow\">ra\u017eot\u0101ja t\u012bmek\u013ca vietn\u0113<\/a> vai nos\u016btiet mums piepras\u012bjumu!<\/p>","protected":false},"excerpt":{"rendered":"<p>Erler-Zimmer jaundzimu\u0161o br\u016b\u010du komplekts. Br\u016b\u010du apstr\u0101de veicina pareizu jaundzimu\u0161\u0101 apr\u016bpi. Ietver da\u017e\u0101du anom\u0101liju gad\u012bjumus.<\/p>","protected":false},"featured_media":20169,"template":"","meta":[],"product_cat":[75,79],"product_tag":[692,878,879,831,832,829,830,577,690,886,833,490],"class_list":{"0":"post-20162","1":"product","2":"type-product","3":"status-publish","4":"has-post-thumbnail","6":"product_brand-erler-zimmer-gmbh-co-kg","7":"product_cat-modeliai-manekenai-muliazai","8":"product_cat-mokymo-priemones-ir-iranga","9":"product_tag-erler-zimmer-gmbh-co-kg","10":"product_tag-kudikio-simuliatoriai","11":"product_tag-kudikio-simuliatorius","12":"product_tag-medical-models","13":"product_tag-medical-simulators","14":"product_tag-medicininiai-modeliai","15":"product_tag-medicininiai-simuliatoriai","16":"product_tag-modeliai","17":"product_tag-models","18":"product_tag-naujagimio-zaizdu-rinkiniai","19":"product_tag-simulatoriai","20":"product_tag-simulators","22":"first","23":"onbackorder","24":"shipping-taxable","25":"purchasable","26":"product-type-simple"},"_links":{"self":[{"href":"https:\/\/labostera.lt\/lv\/wp-json\/wp\/v2\/product\/20162","targetHints":{"allow":["GET"]}}],"collection":[{"href":"https:\/\/labostera.lt\/lv\/wp-json\/wp\/v2\/product"}],"about":[{"href":"https:\/\/labostera.lt\/lv\/wp-json\/wp\/v2\/types\/product"}],"wp:featuredmedia":[{"embeddable":true,"href":"https:\/\/labostera.lt\/lv\/wp-json\/wp\/v2\/media\/20169"}],"wp:attachment":[{"href":"https:\/\/labostera.lt\/lv\/wp-json\/wp\/v2\/media?parent=20162"}],"wp:term":[{"taxonomy":"product_cat","embeddable":true,"href":"https:\/\/labostera.lt\/lv\/wp-json\/wp\/v2\/product_cat?post=20162"},{"taxonomy":"product_tag","embeddable":true,"href":"https:\/\/labostera.lt\/lv\/wp-json\/wp\/v2\/product_tag?post=20162"}],"curies":[{"name":"wp","href":"https:\/\/api.w.org\/{rel}","templated":true}]}}