{"id":20145,"date":"2024-03-20T16:56:11","date_gmt":"2024-03-20T14:56:11","guid":{"rendered":"http:\/\/labostera.lt\/?post_type=product&#038;p=20145"},"modified":"2024-10-18T15:20:06","modified_gmt":"2024-10-18T12:20:06","slug":"naujagimio-slaugos-igudziu-ir-als-simuliatorius-erler-zimmer-newborn-nursing-skills-and-als-simulator","status":"publish","type":"product","link":"https:\/\/labostera.lt\/lv\/priemones-ir-iranga\/mokymo-priemones-ir-iranga\/medicininiai-simuliatoriai\/naujagimio-slaugos-igudziu-ir-als-simuliatorius-erler-zimmer-newborn-nursing-skills-and-als-simulator\/","title":{"rendered":"Erler-Zimmer jaundzimu\u0161o apr\u016bpes prasmes un ALS simulators"},"content":{"rendered":"<h2><strong>Erler-Zimmer GmbH &amp; Co. KG jaundzimu\u0161o m\u0101su prasmes un ALS simulators<\/strong>:<\/h2>\n<ul>\n<li>Modelis: BA96<\/li>\n<li>Atbilst jaundzimu\u0161o reanim\u0101cijas programmas kursa m\u0101c\u012bbu programmai<\/li>\n<li>Da\u017e\u0101das apm\u0101c\u012bbas iesp\u0113jas:\n<ul>\n<li>Elpo\u0161anas ce\u013ci, elpo\u0161ana un ventil\u0101cija<\/li>\n<li>Iedzimti defekti<\/li>\n<li>Kr\u016b\u0161kurvja caurule<\/li>\n<li>Mazu\u013ca t\u012br\u012b\u0161ana un p\u0101rt\u012b\u0161ana<\/li>\n<li>Gremo\u0161anas trakts<\/li>\n<li>Uzraudz\u012bba un m\u0113r\u012b\u0161ana<\/li>\n<li>Scen\u0101riji<\/li>\n<li>\u0100da<\/li>\n<li>S\u016bk\u0161ana<\/li>\n<li>Nabas saite<\/li>\n<li>Adatu uzst\u0101d\u012b\u0161ana<\/li>\n<\/ul>\n<\/li>\n<\/ul>\n<h3>Jaundzimu\u0161o apr\u016bpes prasmes un ALS simulatori \u2013 <a href=\"http:\/\/labostera.lt\/lv\/product-brand\/erler-zimmer-gmbh-co-kg\/\">Erlera-Zimmera anatomijas grupa<\/a><\/h3>\n<p>Vair\u0101k inform\u0101cijas: <a href=\"https:\/\/erler-zimmer.de\/shop\/en\/9454\" target=\"_blank\" rel=\"noopener nofollow\">ra\u017eot\u0101ja t\u012bmek\u013ca vietn\u0113<\/a> vai nos\u016btiet mums piepras\u012bjumu!<\/p>","protected":false},"excerpt":{"rendered":"<p>Erler-Zimmer jaundzimu\u0161o apr\u016bpes prasmes un ALS simulators. Apm\u0101ciet elpce\u013cu, elpo\u0161anas un ventil\u0101cijas tehnikas ar re\u0101listisku manekenu.<\/p>","protected":false},"featured_media":20148,"template":"","meta":[],"product_cat":[838,75,79],"product_tag":[692,878,879,831,832,829,830,577,690,883,833,490],"class_list":{"0":"post-20145","1":"product","2":"type-product","3":"status-publish","4":"has-post-thumbnail","6":"product_brand-erler-zimmer-gmbh-co-kg","7":"product_cat-medicininiai-simuliatoriai","8":"product_cat-modeliai-manekenai-muliazai","9":"product_cat-mokymo-priemones-ir-iranga","10":"product_tag-erler-zimmer-gmbh-co-kg","11":"product_tag-kudikio-simuliatoriai","12":"product_tag-kudikio-simuliatorius","13":"product_tag-medical-models","14":"product_tag-medical-simulators","15":"product_tag-medicininiai-modeliai","16":"product_tag-medicininiai-simuliatoriai","17":"product_tag-modeliai","18":"product_tag-models","19":"product_tag-naujagimio-slaugos-igudziu-ir-als-simuliatoriai","20":"product_tag-simulatoriai","21":"product_tag-simulators","23":"first","24":"onbackorder","25":"shipping-taxable","26":"purchasable","27":"product-type-simple"},"_links":{"self":[{"href":"https:\/\/labostera.lt\/lv\/wp-json\/wp\/v2\/product\/20145","targetHints":{"allow":["GET"]}}],"collection":[{"href":"https:\/\/labostera.lt\/lv\/wp-json\/wp\/v2\/product"}],"about":[{"href":"https:\/\/labostera.lt\/lv\/wp-json\/wp\/v2\/types\/product"}],"wp:featuredmedia":[{"embeddable":true,"href":"https:\/\/labostera.lt\/lv\/wp-json\/wp\/v2\/media\/20148"}],"wp:attachment":[{"href":"https:\/\/labostera.lt\/lv\/wp-json\/wp\/v2\/media?parent=20145"}],"wp:term":[{"taxonomy":"product_cat","embeddable":true,"href":"https:\/\/labostera.lt\/lv\/wp-json\/wp\/v2\/product_cat?post=20145"},{"taxonomy":"product_tag","embeddable":true,"href":"https:\/\/labostera.lt\/lv\/wp-json\/wp\/v2\/product_tag?post=20145"}],"curies":[{"name":"wp","href":"https:\/\/api.w.org\/{rel}","templated":true}]}}