{"id":20140,"date":"2024-03-20T16:03:50","date_gmt":"2024-03-20T14:03:50","guid":{"rendered":"http:\/\/labostera.lt\/?post_type=product&#038;p=20140"},"modified":"2024-10-18T15:20:07","modified_gmt":"2024-10-18T12:20:07","slug":"naujagimiu-gaivinimo-simuliatorius-erler-zimmer-c-h-a-r-l-i-e-neonatal-resuscitation-simulator","status":"publish","type":"product","link":"https:\/\/labostera.lt\/lv\/priemones-ir-iranga\/mokymo-priemones-ir-iranga\/medicininiai-simuliatoriai\/naujagimiu-gaivinimo-simuliatorius-erler-zimmer-c-h-a-r-l-i-e-neonatal-resuscitation-simulator\/","title":{"rendered":"Erler-Zimmer &quot;CHARLIE&quot; jaundzimu\u0161o atdz\u012bvin\u0101\u0161anas simulators"},"content":{"rendered":"<h2><strong>Erler-Zimmer GmbH &amp; Co. KG jaundzimu\u0161o reanim\u0101cijas simulators<\/strong>:<\/h2>\n<ul>\n<li>Modelis BA97:\n<ul>\n<li>Baby CHARLIE tika izstr\u0101d\u0101ts, lai apmierin\u0101tu visas Jaundzimu\u0161o atdz\u012bvin\u0101\u0161anas programmas 7. izdevuma vajadz\u012bbas, k\u0101 noteikusi Amerikas Pediatrijas akad\u0113mija.<\/li>\n<li>Funkcijas:\n<ul>\n<li>Elpce\u013cu, elpo\u0161anas, intub\u0101cijas un ventil\u0101cijas apm\u0101c\u012bba<\/li>\n<li>Iedzimti defekti<\/li>\n<li>Kr\u016b\u0161kurvja dren\u0101\u017eas caurules novietojums<\/li>\n<li>Sirds mas\u0101\u017ea<\/li>\n<li>EKG simul\u0101cija<\/li>\n<li>Ku\u0146\u0123a-zarnu trakta (GI) caurule<\/li>\n<li>Main\u0101mi dzimumorg\u0101ni<\/li>\n<li>Iek\u0161\u0113j\u0101 kaulu inf\u016bzija<\/li>\n<li>IV rokas un k\u0101jas<\/li>\n<li>Uzraudz\u012bba un m\u0113r\u012b\u0161ana<\/li>\n<li>7 sataust\u0101mi rokas pulsa punkti<\/li>\n<li>Patent\u0113ta baro\u0161anas zonde ar venozo un arteri\u0101lo piek\u013cuvi<\/li>\n<li>PICC novietojums uz rokas<\/li>\n<li>Ur\u012bna kateteriz\u0101cija<\/li>\n<\/ul>\n<\/li>\n<li>\u010c\u0100RLIJS ir apr\u012bkots ar:\n<ul>\n<li>Elpce\u013ci, 2; standarta un uzlabotas<\/li>\n<li>B\u0113rnu p\u016bderis<\/li>\n<li>Divpus\u0113js kr\u016b\u0161u kurvja<\/li>\n<li>Asinis<\/li>\n<li>Boj\u0101ta defibrilatora kr\u016btis<\/li>\n<li>Iek\u0161\u0113jie kauli un \u0101da<\/li>\n<li>IV maisi\u0146\u0161<\/li>\n<li>IV \u0101da un v\u0113nas rokai un k\u0101jai<\/li>\n<li>V\u012brie\u0161u un sievie\u0161u dzimumorg\u0101ni<\/li>\n<li>Mielomeningocele<\/li>\n<li>Adatas<\/li>\n<li>Omfaloc\u0113le<\/li>\n<li>Gremo\u0161anas caurule<\/li>\n<li>Lieto\u0161anas instrukcija (ang\u013cu valod\u0101)<\/li>\n<\/ul>\n<\/li>\n<\/ul>\n<\/li>\n<li>Modelis BA97-1:\n<ul>\n<li>Baby CHARLIE tika izstr\u0101d\u0101ts, lai apmierin\u0101tu visas Jaundzimu\u0161o atdz\u012bvin\u0101\u0161anas programmas 7. izdevuma vajadz\u012bbas, k\u0101 noteikusi Amerikas Pediatrijas akad\u0113mija.<\/li>\n<li>Funkcijas:\n<ul>\n<li>Elpce\u013cu, elpo\u0161anas, intub\u0101cijas un ventil\u0101cijas apm\u0101c\u012bba<\/li>\n<li>Iedzimti defekti<\/li>\n<li>Kr\u016b\u0161kurvja dren\u0101\u017eas caurules novietojums<\/li>\n<li>Sirds mas\u0101\u017ea<\/li>\n<li>EKG simul\u0101cija<\/li>\n<li>Ku\u0146\u0123a-zarnu trakta (GI) caurule<\/li>\n<li>Main\u0101mi dzimumorg\u0101ni<\/li>\n<li>Iek\u0161\u0113j\u0101 kaulu inf\u016bzija<\/li>\n<li>IV rokas un k\u0101jas<\/li>\n<li>Uzraudz\u012bba un m\u0113r\u012b\u0161ana<\/li>\n<li>7 sataust\u0101mi rokas pulsa punkti<\/li>\n<li>Patent\u0113ta baro\u0161anas zonde ar venozo un arteri\u0101lo piek\u013cuvi<\/li>\n<li>PICC novietojums uz rokas<\/li>\n<li>Ur\u012bna kateteriz\u0101cija<\/li>\n<\/ul>\n<\/li>\n<li>\u010c\u0100RLIJS ir apr\u012bkots ar:\n<ul>\n<li>Elpce\u013ci, 2; standarta un uzlabotas<\/li>\n<li>B\u0113rnu p\u016bderis<\/li>\n<li>Divpus\u0113js kr\u016b\u0161u kurvja<\/li>\n<li>Asinis<\/li>\n<li>Boj\u0101ta defibrilatora kr\u016btis<\/li>\n<li>Iek\u0161\u0113jie kauli un \u0101da<\/li>\n<li>IV maisi\u0146\u0161<\/li>\n<li>IV \u0101da un v\u0113nas rokai un k\u0101jai<\/li>\n<li>V\u012brie\u0161u un sievie\u0161u dzimumorg\u0101ni<\/li>\n<li>Mielomeningocele<\/li>\n<li>Adatas<\/li>\n<li>Omfaloc\u0113le<\/li>\n<li>Gremo\u0161anas caurule<\/li>\n<li>Lieto\u0161anas instrukcija (ang\u013cu valod\u0101)<\/li>\n<\/ul>\n<\/li>\n<\/ul>\n<\/li>\n<\/ul>\n<h3>Jaundzimu\u0161o reanim\u0101cijas simulatori \u2013 <a href=\"http:\/\/labostera.lt\/lv\/product-brand\/erler-zimmer-gmbh-co-kg\/\">Erlera-Zimmera anatomijas grupa<\/a><\/h3>\n<p>Vair\u0101k inform\u0101cijas: <a href=\"https:\/\/erler-zimmer.de\/shop\/en\/9455\" target=\"_blank\" rel=\"noopener nofollow\">ra\u017eot\u0101ja t\u012bmek\u013ca vietn\u0113<\/a> vai nos\u016btiet mums piepras\u012bjumu!<\/p>","protected":false},"excerpt":{"rendered":"<p>Erlera-Zimmera \u201cCHARLIE\u201d jaundzimu\u0161o reanim\u0101cijas simulators \u2013 visaptvero\u0161a apm\u0101c\u012bba jaundzimu\u0161o reanim\u0101cij\u0101. Piem\u0113rots neonatolo\u0123ijas skol\u0101m un slimn\u012bc\u0101m.<\/p>","protected":false},"featured_media":20144,"template":"","meta":[],"product_cat":[838,75,79],"product_tag":[692,878,879,831,832,829,830,577,690,882,833,490],"class_list":{"0":"post-20140","1":"product","2":"type-product","3":"status-publish","4":"has-post-thumbnail","6":"product_brand-erler-zimmer-gmbh-co-kg","7":"product_cat-medicininiai-simuliatoriai","8":"product_cat-modeliai-manekenai-muliazai","9":"product_cat-mokymo-priemones-ir-iranga","10":"product_tag-erler-zimmer-gmbh-co-kg","11":"product_tag-kudikio-simuliatoriai","12":"product_tag-kudikio-simuliatorius","13":"product_tag-medical-models","14":"product_tag-medical-simulators","15":"product_tag-medicininiai-modeliai","16":"product_tag-medicininiai-simuliatoriai","17":"product_tag-modeliai","18":"product_tag-models","19":"product_tag-naujagimiu-gaivinimo-simuliatoriai","20":"product_tag-simulatoriai","21":"product_tag-simulators","23":"first","24":"onbackorder","25":"shipping-taxable","26":"purchasable","27":"product-type-variable"},"_links":{"self":[{"href":"https:\/\/labostera.lt\/lv\/wp-json\/wp\/v2\/product\/20140","targetHints":{"allow":["GET"]}}],"collection":[{"href":"https:\/\/labostera.lt\/lv\/wp-json\/wp\/v2\/product"}],"about":[{"href":"https:\/\/labostera.lt\/lv\/wp-json\/wp\/v2\/types\/product"}],"wp:featuredmedia":[{"embeddable":true,"href":"https:\/\/labostera.lt\/lv\/wp-json\/wp\/v2\/media\/20144"}],"wp:attachment":[{"href":"https:\/\/labostera.lt\/lv\/wp-json\/wp\/v2\/media?parent=20140"}],"wp:term":[{"taxonomy":"product_cat","embeddable":true,"href":"https:\/\/labostera.lt\/lv\/wp-json\/wp\/v2\/product_cat?post=20140"},{"taxonomy":"product_tag","embeddable":true,"href":"https:\/\/labostera.lt\/lv\/wp-json\/wp\/v2\/product_tag?post=20140"}],"curies":[{"name":"wp","href":"https:\/\/api.w.org\/{rel}","templated":true}]}}