{"id":20135,"date":"2024-03-20T15:19:39","date_gmt":"2024-03-20T13:19:39","guid":{"rendered":"http:\/\/labostera.lt\/?post_type=product&#038;p=20135"},"modified":"2024-10-18T15:20:08","modified_gmt":"2024-10-18T12:20:08","slug":"naujagimio-prieziuros-ir-skubios-pagalbos-manekenas-erler-zimmer-newborn-care-and-emergency-manikin","status":"publish","type":"product","link":"https:\/\/labostera.lt\/lv\/priemones-ir-iranga\/mokymo-priemones-ir-iranga\/modeliai-manekenai-muliazai\/naujagimio-prieziuros-ir-skubios-pagalbos-manekenas-erler-zimmer-newborn-care-and-emergency-manikin\/","title":{"rendered":"Erler-Zimmer jaundzimu\u0161o apr\u016bpes un neatliekam\u0101s pal\u012bdz\u012bbas manekens"},"content":{"rendered":"<h2><strong>Erler-Zimmer GmbH &amp; Co. KG jaundzimu\u0161o apr\u016bpes un neatliekam\u0101s pal\u012bdz\u012bbas manekens<\/strong>:<\/h2>\n<ul>\n<li>Modelis R16120:\n<ul>\n<li>Pilna auguma manekens \u010detras ned\u0113\u013cas vecam mazulim<\/li>\n<li>Jaundzimu\u0161o pamatapr\u016bpe\n<ul>\n<li>Pozicion\u0113\u0161ana, higi\u0113na (bez mazg\u0101\u0161anas prakse)<\/li>\n<li>Priek\u0161\u0113j\u0101 avoti\u0146a palp\u0101cija<\/li>\n<li>Lentes, mezglu un gremo\u0161anas diegu sie\u0161ana, grie\u0161ana un uztur\u0113\u0161ana<\/li>\n<li>Funkcion\u0101ls gremo\u0161anas trakts kateteriz\u0101cijai un asins paraugu \u0146em\u0161anai<\/li>\n<li>Baro\u0161ana caur zondi (naz\u0101li un or\u0101li) un poz\u012bcijas apstiprin\u0101\u0161ana ar auskult\u0101cijas pal\u012bdz\u012bbu<\/li>\n<\/ul>\n<\/li>\n<li>Atdz\u012bvin\u0101\u0161ana\n<ul>\n<li>Endotrahe\u0101la intub\u0101cija, elpce\u013cu p\u0101rvald\u012bbas apm\u0101c\u012bba ar re\u0101listisku anatomiju ar bronhiem, kas \u013cauj p\u0101rbaud\u012bt vienpus\u0113ju ventil\u0101ciju<\/li>\n<li>Maisa aizb\u0101\u017e\u0146a ventil\u0101cija<\/li>\n<li>Sirds mas\u0101\u017ea<\/li>\n<\/ul>\n<\/li>\n<\/ul>\n<\/li>\n<li>Modelis R16125:\n<ul>\n<li>Pilna auguma manekens \u010detras ned\u0113\u013cas vecam mazulim<\/li>\n<li>Jaundzimu\u0161o pamatapr\u016bpe\n<ul>\n<li>Pozicion\u0113\u0161ana, higi\u0113na (bez mazg\u0101\u0161anas prakse)<\/li>\n<li>Priek\u0161\u0113j\u0101 avoti\u0146a palp\u0101cija<\/li>\n<li>Lentes, mezglu un gremo\u0161anas diegu sie\u0161ana, grie\u0161ana un uztur\u0113\u0161ana<\/li>\n<li>Funkcion\u0101ls gremo\u0161anas trakts kateteriz\u0101cijai un asins paraugu \u0146em\u0161anai<\/li>\n<li>Baro\u0161ana caur zondi (naz\u0101li un or\u0101li) un poz\u012bcijas apstiprin\u0101\u0161ana ar auskult\u0101cijas pal\u012bdz\u012bbu<\/li>\n<li>Venoz\u0101s piek\u013cuves metode rokai\/plaukstai un k\u0101jai (izmantojot translumin\u0101lu tehniku)<\/li>\n<\/ul>\n<\/li>\n<li>Atdz\u012bvin\u0101\u0161ana\n<ul>\n<li>Endotrahe\u0101la intub\u0101cija, elpce\u013cu p\u0101rvald\u012bbas apm\u0101c\u012bba ar re\u0101listisku anatomiju ar bronhiem, kas \u013cauj p\u0101rbaud\u012bt vienpus\u0113ju ventil\u0101ciju<\/li>\n<li>Maisa aizb\u0101\u017e\u0146a ventil\u0101cija<\/li>\n<li>Sirds mas\u0101\u017ea<\/li>\n<\/ul>\n<\/li>\n<\/ul>\n<\/li>\n<\/ul>\n<h3>Jaundzimu\u0161o apr\u016bpes un neatliekam\u0101s pal\u012bdz\u012bbas manekeni \u2013 <a href=\"http:\/\/labostera.lt\/lv\/product-brand\/erler-zimmer-gmbh-co-kg\/\">Erlera-Zimmera anatomijas grupa<\/a><\/h3>\n<p>Vair\u0101k inform\u0101cijas: <a href=\"https:\/\/erler-zimmer.de\/shop\/en\/10870\" target=\"_blank\" rel=\"noopener nofollow\">ra\u017eot\u0101ja t\u012bmek\u013ca vietn\u0113<\/a> vai nos\u016btiet mums piepras\u012bjumu!<\/p>","protected":false},"excerpt":{"rendered":"<p>Erlera-Zimmera \u013coti maza dzim\u0161anas svara z\u012bdai\u0146a manekens \u2013 re\u0101listisks modelis ar apm\u0101c\u012bbas iesp\u0113j\u0101m.<\/p>","protected":false},"featured_media":20139,"template":"","meta":[],"product_cat":[75,79],"product_tag":[692,878,879,831,832,829,830,577,690,881,833,490],"class_list":{"0":"post-20135","1":"product","2":"type-product","3":"status-publish","4":"has-post-thumbnail","6":"product_brand-erler-zimmer-gmbh-co-kg","7":"product_cat-modeliai-manekenai-muliazai","8":"product_cat-mokymo-priemones-ir-iranga","9":"product_tag-erler-zimmer-gmbh-co-kg","10":"product_tag-kudikio-simuliatoriai","11":"product_tag-kudikio-simuliatorius","12":"product_tag-medical-models","13":"product_tag-medical-simulators","14":"product_tag-medicininiai-modeliai","15":"product_tag-medicininiai-simuliatoriai","16":"product_tag-modeliai","17":"product_tag-models","18":"product_tag-naujagimio-prieziuros-ir-skubios-pagalbos-manekenai","19":"product_tag-simulatoriai","20":"product_tag-simulators","22":"first","23":"onbackorder","24":"shipping-taxable","25":"purchasable","26":"product-type-variable"},"_links":{"self":[{"href":"https:\/\/labostera.lt\/lv\/wp-json\/wp\/v2\/product\/20135","targetHints":{"allow":["GET"]}}],"collection":[{"href":"https:\/\/labostera.lt\/lv\/wp-json\/wp\/v2\/product"}],"about":[{"href":"https:\/\/labostera.lt\/lv\/wp-json\/wp\/v2\/types\/product"}],"wp:featuredmedia":[{"embeddable":true,"href":"https:\/\/labostera.lt\/lv\/wp-json\/wp\/v2\/media\/20139"}],"wp:attachment":[{"href":"https:\/\/labostera.lt\/lv\/wp-json\/wp\/v2\/media?parent=20135"}],"wp:term":[{"taxonomy":"product_cat","embeddable":true,"href":"https:\/\/labostera.lt\/lv\/wp-json\/wp\/v2\/product_cat?post=20135"},{"taxonomy":"product_tag","embeddable":true,"href":"https:\/\/labostera.lt\/lv\/wp-json\/wp\/v2\/product_tag?post=20135"}],"curies":[{"name":"wp","href":"https:\/\/api.w.org\/{rel}","templated":true}]}}