{"id":20133,"date":"2024-03-20T14:37:20","date_gmt":"2024-03-20T12:37:20","guid":{"rendered":"http:\/\/labostera.lt\/?post_type=product&#038;p=20133"},"modified":"2024-10-18T15:20:09","modified_gmt":"2024-10-18T12:20:09","slug":"labai-mazo-svorio-gimusio-kudikio-manekenas-erler-zimmer-infant-with-extremely-low-birth-weight-elbw-manikin","status":"publish","type":"product","link":"https:\/\/labostera.lt\/lv\/priemones-ir-iranga\/mokymo-priemones-ir-iranga\/modeliai-manekenai-muliazai\/labai-mazo-svorio-gimusio-kudikio-manekenas-erler-zimmer-infant-with-extremely-low-birth-weight-elbw-manikin\/","title":{"rendered":"Erlera-Zimmera manekens z\u012bdainim ar \u0101rk\u0101rt\u012bgi mazu dzim\u0161anas svaru (ELBW)"},"content":{"rendered":"<h2><strong>Erler-Zimmer GmbH &amp; Co. KG \u013boti maza dzim\u0161anas svara z\u012bdai\u0146a manekens<\/strong>:<\/h2>\n<ul>\n<li>Modelis R16130<\/li>\n<li>\u0160is manekens att\u0113lo z\u0113nu, kas dzimis 26.\u201329. gr\u016btniec\u012bbas ned\u0113\u013c\u0101, un kura svars ir 900 g.<\/li>\n<li>T\u0101 nodro\u0161ina apm\u0101c\u012bbas iesp\u0113jas m\u0101szin\u012bb\u0101s un neatliekam\u0101s pal\u012bdz\u012bbas snieg\u0161an\u0101.<\/li>\n<\/ul>\n<h3>Funkcijas:<\/h3>\n<ul>\n<li>M\u0101su proced\u016bras:\n<ul>\n<li>Pozicion\u0113\u0161ana, higi\u0113na inkubator\u0101 (nevis mazg\u0101\u0161anas prakse)<\/li>\n<li>\u0136erme\u0146a nov\u0113rt\u0113\u0161ana un m\u0113r\u012bjumi<\/li>\n<li>Ur\u012bnce\u013cu katetra ievieto\u0161ana<\/li>\n<li>OG un NG zon\u017eu ievieto\u0161ana, elpce\u013cu ats\u016bk\u0161ana<\/li>\n<li>Naz\u0101la CPAP ventil\u0101cija<\/li>\n<\/ul>\n<\/li>\n<li>Atdz\u012bvin\u0101\u0161ana:\n<ul>\n<li>Endotrahe\u0101la intub\u0101cija, elpce\u013cu p\u0101rvald\u012bbas apm\u0101c\u012bba ar re\u0101listisku anatomiju, ieskaitot bronhus<\/li>\n<li>Maisa aizb\u0101\u017e\u0146a ventil\u0101cija<\/li>\n<li>Sirds mas\u0101\u017ea<\/li>\n<\/ul>\n<\/li>\n<\/ul>\n<h3>\u013boti maza dzim\u0161anas svara z\u012bdai\u0146u knup\u012b\u0161i \u2013 <a href=\"http:\/\/labostera.lt\/lv\/product-brand\/erler-zimmer-gmbh-co-kg\/\">Erlera-Zimmera anatomijas grupa<\/a><\/h3>\n<p>Vair\u0101k inform\u0101cijas: <a href=\"https:\/\/erler-zimmer.de\/shop\/en\/10872\" target=\"_blank\" rel=\"noopener nofollow\">ra\u017eot\u0101ja t\u012bmek\u013ca vietn\u0113<\/a> vai nos\u016btiet mums piepras\u012bjumu!<\/p>","protected":false},"excerpt":{"rendered":"<p>Erlera-Zimmera \u013coti maza dzim\u0161anas svara z\u012bdai\u0146a manekens \u2013 re\u0101listisks modelis ar apm\u0101c\u012bbas iesp\u0113j\u0101m.<\/p>","protected":false},"featured_media":20134,"template":"","meta":[],"product_cat":[75,79],"product_tag":[692,878,879,880,831,832,829,830,577,690,833,490],"class_list":{"0":"post-20133","1":"product","2":"type-product","3":"status-publish","4":"has-post-thumbnail","6":"product_brand-erler-zimmer-gmbh-co-kg","7":"product_cat-modeliai-manekenai-muliazai","8":"product_cat-mokymo-priemones-ir-iranga","9":"product_tag-erler-zimmer-gmbh-co-kg","10":"product_tag-kudikio-simuliatoriai","11":"product_tag-kudikio-simuliatorius","12":"product_tag-labai-mazo-svorio-gimusio-kudikio-manekenai","13":"product_tag-medical-models","14":"product_tag-medical-simulators","15":"product_tag-medicininiai-modeliai","16":"product_tag-medicininiai-simuliatoriai","17":"product_tag-modeliai","18":"product_tag-models","19":"product_tag-simulatoriai","20":"product_tag-simulators","22":"first","23":"onbackorder","24":"shipping-taxable","25":"purchasable","26":"product-type-simple"},"_links":{"self":[{"href":"https:\/\/labostera.lt\/lv\/wp-json\/wp\/v2\/product\/20133","targetHints":{"allow":["GET"]}}],"collection":[{"href":"https:\/\/labostera.lt\/lv\/wp-json\/wp\/v2\/product"}],"about":[{"href":"https:\/\/labostera.lt\/lv\/wp-json\/wp\/v2\/types\/product"}],"wp:featuredmedia":[{"embeddable":true,"href":"https:\/\/labostera.lt\/lv\/wp-json\/wp\/v2\/media\/20134"}],"wp:attachment":[{"href":"https:\/\/labostera.lt\/lv\/wp-json\/wp\/v2\/media?parent=20133"}],"wp:term":[{"taxonomy":"product_cat","embeddable":true,"href":"https:\/\/labostera.lt\/lv\/wp-json\/wp\/v2\/product_cat?post=20133"},{"taxonomy":"product_tag","embeddable":true,"href":"https:\/\/labostera.lt\/lv\/wp-json\/wp\/v2\/product_tag?post=20133"}],"curies":[{"name":"wp","href":"https:\/\/api.w.org\/{rel}","templated":true}]}}