{"id":20123,"date":"2024-03-18T15:12:33","date_gmt":"2024-03-18T13:12:33","guid":{"rendered":"http:\/\/labostera.lt\/?post_type=product&#038;p=20123"},"modified":"2024-10-18T15:20:12","modified_gmt":"2024-10-18T12:20:12","slug":"prieslaikinio-kudikio-modelis-erler-zimmer-premature-infant-model","status":"publish","type":"product","link":"https:\/\/labostera.lt\/lv\/priemones-ir-iranga\/mokymo-priemones-ir-iranga\/modeliai-manekenai-muliazai\/prieslaikinio-kudikio-modelis-erler-zimmer-premature-infant-model\/","title":{"rendered":"Erler-Zimmer priek\u0161laic\u012bgi dzimu\u0161o z\u012bdai\u0146u modelis"},"content":{"rendered":"<h2><strong>Erler-Zimmer GmbH &amp; Co. KG Priek\u0161laic\u012bgi dzimu\u0161o b\u0113rnu modelis<\/strong>:<\/h2>\n<ul>\n<li>Modelis LM62A:\n<ul>\n<li>Ide\u0101ls modelis priek\u0161laic\u012bgi dzimu\u0161u z\u012bdai\u0146u apr\u016bpes praktiz\u0113\u0161anai.<\/li>\n<li>Paredz\u0113ts inkubatora apkopes apm\u0101c\u012bbai.<\/li>\n<li>Piem\u0113rots mazg\u0101\u0161anas, t\u012br\u012b\u0161anas un baro\u0161anas, k\u0101 ar\u012b aspir\u0101cijas un citu proced\u016bru, kur\u0101m nepiecie\u0161ams apr\u012bkojums, praktiz\u0113\u0161anai.<\/li>\n<li>Priek\u0161\u0113jo avoti\u0146u var sataust\u012bt.<\/li>\n<li>30 ned\u0113\u013cu z\u0113na modelis.<\/li>\n<li>Izm\u0113rs: 39 cm, galvas apk\u0101rtm\u0113rs: 29 cm, svars: 1,6 kg.<\/li>\n<\/ul>\n<\/li>\n<li>Modelis LM62B:\n<ul>\n<li>Ide\u0101ls modelis priek\u0161laic\u012bgi dzimu\u0161u z\u012bdai\u0146u apr\u016bpes praktiz\u0113\u0161anai.<\/li>\n<li>Paredz\u0113ts inkubatora apkopes apm\u0101c\u012bbai.<\/li>\n<li>Piem\u0113rots mazg\u0101\u0161anas, t\u012br\u012b\u0161anas un baro\u0161anas, k\u0101 ar\u012b aspir\u0101cijas un citu proced\u016bru, kur\u0101m nepiecie\u0161ams apr\u012bkojums, praktiz\u0113\u0161anai.<\/li>\n<li>Priek\u0161\u0113jo avoti\u0146u var sataust\u012bt.<\/li>\n<li>24 ned\u0113\u013cas veca z\u0113na modelis.<\/li>\n<li>Izm\u0113rs: 34 cm, galvas apk\u0101rtm\u0113rs: 25 cm, svars: 0,7 kg.<\/li>\n<li>\u0160aj\u0101 model\u012b galvu var pagriezt uz s\u0101niem.<\/li>\n<\/ul>\n<\/li>\n<\/ul>\n<h3>Priek\u0161laic\u012bgi dzimu\u0161u b\u0113rnu mode\u013ci \u2013 <a href=\"http:\/\/labostera.lt\/lv\/product-brand\/erler-zimmer-gmbh-co-kg\/\">Erlera-Zimmera anatomijas grupa<\/a><\/h3>\n<p>Vair\u0101k inform\u0101cijas: <a href=\"https:\/\/erler-zimmer.de\/shop\/en\/9667\" target=\"_blank\" rel=\"noopener nofollow\">ra\u017eot\u0101ja t\u012bmek\u013ca vietn\u0113<\/a> vai nos\u016btiet mums piepras\u012bjumu!<\/p>","protected":false},"excerpt":{"rendered":"<p>Erlera-Zimmera priek\u0161laic\u012bgi dzimu\u0161u z\u012bdai\u0146u modelis \u2013 ide\u0101la prakse priek\u0161laic\u012bgi dzimu\u0161u z\u012bdai\u0146u apr\u016bpei.<\/p>","protected":false},"featured_media":20126,"template":"","meta":[],"product_cat":[75,79],"product_tag":[692,831,832,829,830,577,690,877,833,490],"class_list":{"0":"post-20123","1":"product","2":"type-product","3":"status-publish","4":"has-post-thumbnail","6":"product_brand-erler-zimmer-gmbh-co-kg","7":"product_cat-modeliai-manekenai-muliazai","8":"product_cat-mokymo-priemones-ir-iranga","9":"product_tag-erler-zimmer-gmbh-co-kg","10":"product_tag-medical-models","11":"product_tag-medical-simulators","12":"product_tag-medicininiai-modeliai","13":"product_tag-medicininiai-simuliatoriai","14":"product_tag-modeliai","15":"product_tag-models","16":"product_tag-prieslaikinio-kudikio-modeliai","17":"product_tag-simulatoriai","18":"product_tag-simulators","20":"first","21":"onbackorder","22":"shipping-taxable","23":"purchasable","24":"product-type-variable"},"_links":{"self":[{"href":"https:\/\/labostera.lt\/lv\/wp-json\/wp\/v2\/product\/20123","targetHints":{"allow":["GET"]}}],"collection":[{"href":"https:\/\/labostera.lt\/lv\/wp-json\/wp\/v2\/product"}],"about":[{"href":"https:\/\/labostera.lt\/lv\/wp-json\/wp\/v2\/types\/product"}],"wp:featuredmedia":[{"embeddable":true,"href":"https:\/\/labostera.lt\/lv\/wp-json\/wp\/v2\/media\/20126"}],"wp:attachment":[{"href":"https:\/\/labostera.lt\/lv\/wp-json\/wp\/v2\/media?parent=20123"}],"wp:term":[{"taxonomy":"product_cat","embeddable":true,"href":"https:\/\/labostera.lt\/lv\/wp-json\/wp\/v2\/product_cat?post=20123"},{"taxonomy":"product_tag","embeddable":true,"href":"https:\/\/labostera.lt\/lv\/wp-json\/wp\/v2\/product_tag?post=20123"}],"curies":[{"name":"wp","href":"https:\/\/api.w.org\/{rel}","templated":true}]}}