{"id":20119,"date":"2024-03-18T14:29:50","date_gmt":"2024-03-18T12:29:50","guid":{"rendered":"http:\/\/labostera.lt\/?post_type=product&#038;p=20119"},"modified":"2024-10-18T15:20:13","modified_gmt":"2024-10-18T12:20:13","slug":"zindymo-simuliatorius-erler-zimmer-breastfeeding-simulator","status":"publish","type":"product","link":"https:\/\/labostera.lt\/lv\/priemones-ir-iranga\/mokymo-priemones-ir-iranga\/medicininiai-simuliatoriai\/zindymo-simuliatorius-erler-zimmer-breastfeeding-simulator\/","title":{"rendered":"Erler-Zimmer kr\u016bts baro\u0161anas simulators"},"content":{"rendered":"<h2><strong>Erler-Zimmer GmbH &amp; Co. KG z\u012bd\u012b\u0161anas simulators<\/strong>:<\/h2>\n<ul>\n<li>Modelis LM113A\n<ul>\n<li>Lielisks komplekts, lai izbaud\u012btu atbalstu kr\u016bts baro\u0161anai.<\/li>\n<li>Lietot\u0101jas var izjust pietiekamu tuv\u012bbu un \u0113rtu baro\u0161anas pozu.<\/li>\n<li>Seju var uzmont\u0113t uz mazu\u013ca manekena, imit\u0113jot pareizu mazu\u013ca satver\u0161anu.<\/li>\n<li>Izmantojot gan kr\u016bts baro\u0161anas simulatora komplektu, gan mazu\u013ca knup\u012bti, var praktiz\u0113t praktisku pieeju kr\u016bts baro\u0161anas atbalstam.<\/li>\n<li>Lietot\u0101ji var uzraudz\u012bt un praktiz\u0113t kr\u016b\u0161u un kr\u016btsgalu apr\u016bpi.<\/li>\n<li>Simul\u0113ts kr\u016b\u0161u piet\u016bkums \u013cauj lietot\u0101jiem uzraudz\u012bt st\u0101vokli un praktiz\u0113t piet\u016bkuma mazin\u0101\u0161anas veidus.<\/li>\n<li>Lietot\u0101j\u0101m var rasties situ\u0101cija, kad pareiza satver\u0161ana nav iesp\u0113jama, ja kr\u016btis ir piet\u016bku\u0161as.<\/li>\n<li>Svars: 1,7 kg.<\/li>\n<\/ul>\n<\/li>\n<\/ul>\n<h3>Kr\u016bts baro\u0161anas simulatori \u2013 <a href=\"http:\/\/labostera.lt\/lv\/product-brand\/erler-zimmer-gmbh-co-kg\/\">Erlera-Zimmera anatomijas grupa<\/a><\/h3>\n<p>Vair\u0101k inform\u0101cijas: <a href=\"https:\/\/erler-zimmer.de\/shop\/en\/10641\" target=\"_blank\" rel=\"noopener nofollow\">ra\u017eot\u0101ja t\u012bmek\u013ca vietn\u0113<\/a> vai nos\u016btiet mums piepras\u012bjumu!<\/p>","protected":false},"excerpt":{"rendered":"<p>Erlera-Zimmera kr\u016b\u0161u kop\u0161anas un mas\u0101\u017eas modelis \u2013 apm\u0101c\u012bbas l\u012bdzeklis kr\u016b\u0161u kop\u0161anai un mas\u0101\u017eai.<\/p>","protected":false},"featured_media":20121,"template":"","meta":[],"product_cat":[838,75,79],"product_tag":[692,831,832,829,830,577,690,833,490,876],"class_list":{"0":"post-20119","1":"product","2":"type-product","3":"status-publish","4":"has-post-thumbnail","6":"product_brand-erler-zimmer-gmbh-co-kg","7":"product_cat-medicininiai-simuliatoriai","8":"product_cat-modeliai-manekenai-muliazai","9":"product_cat-mokymo-priemones-ir-iranga","10":"product_tag-erler-zimmer-gmbh-co-kg","11":"product_tag-medical-models","12":"product_tag-medical-simulators","13":"product_tag-medicininiai-modeliai","14":"product_tag-medicininiai-simuliatoriai","15":"product_tag-modeliai","16":"product_tag-models","17":"product_tag-simulatoriai","18":"product_tag-simulators","19":"product_tag-zindymo-simuliatoriai","21":"first","22":"onbackorder","23":"shipping-taxable","24":"purchasable","25":"product-type-simple"},"_links":{"self":[{"href":"https:\/\/labostera.lt\/lv\/wp-json\/wp\/v2\/product\/20119","targetHints":{"allow":["GET"]}}],"collection":[{"href":"https:\/\/labostera.lt\/lv\/wp-json\/wp\/v2\/product"}],"about":[{"href":"https:\/\/labostera.lt\/lv\/wp-json\/wp\/v2\/types\/product"}],"wp:featuredmedia":[{"embeddable":true,"href":"https:\/\/labostera.lt\/lv\/wp-json\/wp\/v2\/media\/20121"}],"wp:attachment":[{"href":"https:\/\/labostera.lt\/lv\/wp-json\/wp\/v2\/media?parent=20119"}],"wp:term":[{"taxonomy":"product_cat","embeddable":true,"href":"https:\/\/labostera.lt\/lv\/wp-json\/wp\/v2\/product_cat?post=20119"},{"taxonomy":"product_tag","embeddable":true,"href":"https:\/\/labostera.lt\/lv\/wp-json\/wp\/v2\/product_tag?post=20119"}],"curies":[{"name":"wp","href":"https:\/\/api.w.org\/{rel}","templated":true}]}}