{"id":20112,"date":"2024-03-18T13:04:22","date_gmt":"2024-03-18T11:04:22","guid":{"rendered":"http:\/\/labostera.lt\/?post_type=product&#038;p=20112"},"modified":"2024-10-18T15:20:15","modified_gmt":"2024-10-18T12:20:15","slug":"epiziotomijos-siuvimo-simuliatorius-erler-zimmer-episiotomy-suture-simulator","status":"publish","type":"product","link":"https:\/\/labostera.lt\/lv\/priemones-ir-iranga\/mokymo-priemones-ir-iranga\/medicininiai-simuliatoriai\/epiziotomijos-siuvimo-simuliatorius-erler-zimmer-episiotomy-suture-simulator\/","title":{"rendered":"Epiziotomijas \u0161uvju simulators Erlera-Zimmera epiziotomijas \u0161uvju simulators"},"content":{"rendered":"<h2><strong>Erler-Zimmer GmbH &amp; Co. KG epiziotomijas \u0161\u016b\u0161anas simulators<\/strong>:<\/h2>\n<ul>\n<li>Modelis LM635\n<ul>\n<li>Modelis ir paredz\u0113ts LM101B mode\u013ca atjaunin\u0101\u0161anai.<\/li>\n<\/ul>\n<\/li>\n<\/ul>\n<h3>Epiziotomijas \u0161\u016b\u0161anas simulatori \u2013 <a href=\"http:\/\/labostera.lt\/lv\/product-brand\/erler-zimmer-gmbh-co-kg\/\">Erlera-Zimmera anatomijas grupa<\/a><\/h3>\n<p>Vair\u0101k inform\u0101cijas: <a href=\"https:\/\/erler-zimmer.de\/shop\/en\/9669\" target=\"_blank\" rel=\"noopener nofollow\">ra\u017eot\u0101ja t\u012bmek\u013ca vietn\u0113<\/a> vai nos\u016btiet mums piepras\u012bjumu!<\/p>","protected":false},"excerpt":{"rendered":"<p>Erlera-Zimmera epiziotomijas \u0161uvju simulators \u2013 m\u0101c\u012bbu l\u012bdzeklis epiziotomijas \u0161uvju tehnikas praktiz\u0113\u0161anai.<\/p>","protected":false},"featured_media":20116,"template":"","meta":[],"product_cat":[838,75,79],"product_tag":[874,692,831,832,829,830,577,690,833,490],"class_list":{"0":"post-20112","1":"product","2":"type-product","3":"status-publish","4":"has-post-thumbnail","6":"product_brand-erler-zimmer-gmbh-co-kg","7":"product_cat-medicininiai-simuliatoriai","8":"product_cat-modeliai-manekenai-muliazai","9":"product_cat-mokymo-priemones-ir-iranga","10":"product_tag-epiziotomijos-siuvimo-simuliatoriai","11":"product_tag-erler-zimmer-gmbh-co-kg","12":"product_tag-medical-models","13":"product_tag-medical-simulators","14":"product_tag-medicininiai-modeliai","15":"product_tag-medicininiai-simuliatoriai","16":"product_tag-modeliai","17":"product_tag-models","18":"product_tag-simulatoriai","19":"product_tag-simulators","21":"first","22":"onbackorder","23":"shipping-taxable","24":"purchasable","25":"product-type-simple"},"_links":{"self":[{"href":"https:\/\/labostera.lt\/lv\/wp-json\/wp\/v2\/product\/20112","targetHints":{"allow":["GET"]}}],"collection":[{"href":"https:\/\/labostera.lt\/lv\/wp-json\/wp\/v2\/product"}],"about":[{"href":"https:\/\/labostera.lt\/lv\/wp-json\/wp\/v2\/types\/product"}],"wp:featuredmedia":[{"embeddable":true,"href":"https:\/\/labostera.lt\/lv\/wp-json\/wp\/v2\/media\/20116"}],"wp:attachment":[{"href":"https:\/\/labostera.lt\/lv\/wp-json\/wp\/v2\/media?parent=20112"}],"wp:term":[{"taxonomy":"product_cat","embeddable":true,"href":"https:\/\/labostera.lt\/lv\/wp-json\/wp\/v2\/product_cat?post=20112"},{"taxonomy":"product_tag","embeddable":true,"href":"https:\/\/labostera.lt\/lv\/wp-json\/wp\/v2\/product_tag?post=20112"}],"curies":[{"name":"wp","href":"https:\/\/api.w.org\/{rel}","templated":true}]}}