{"id":20105,"date":"2024-03-18T11:11:47","date_gmt":"2024-03-18T09:11:47","guid":{"rendered":"http:\/\/labostera.lt\/?post_type=product&#038;p=20105"},"modified":"2024-10-18T15:20:16","modified_gmt":"2024-10-18T12:20:16","slug":"epiziotomijos-ir-tarpvietes-plysimo-treniruoklis-erler-zimmer-episiotomy-perineal-laceration-trainer","status":"publish","type":"product","link":"https:\/\/labostera.lt\/lv\/priemones-ir-iranga\/mokymo-priemones-ir-iranga\/modeliai-manekenai-muliazai\/epiziotomijos-ir-tarpvietes-plysimo-treniruoklis-erler-zimmer-episiotomy-perineal-laceration-trainer\/","title":{"rendered":"Epiziotomijas un starpenes pl\u012bsumu trena\u017eieris Erler-Zimmer epiziotomijas un starpenes pl\u012bsumu trena\u017eieris"},"content":{"rendered":"<h2><strong>Erler-Zimmer GmbH &amp; Co. KG epiziotomijas un starpenes pl\u012bsumu trena\u017eieris<\/strong>:<\/h2>\n<ul>\n<li>Modelis R10910\n<ul>\n<li>\u0160is simulators sniedz studentiem iesp\u0113ju apg\u016bt un praktiz\u0113t metodes, kas nepiecie\u0161amas visbie\u017e\u0101k sastopamo dzemd\u012bbu traumu \u0101rst\u0113\u0161anai.<\/li>\n<li>Students vai skolot\u0101js var piel\u0101got modeli sav\u0101m vajadz\u012bb\u0101m, lai simul\u0113tu un labotu visu veidu epiziotomijas vai visas starpenes pl\u012bsumu stadijas.<\/li>\n<li>Modelis ietver bulbocavernosus muskuli, later\u0101lo starpenes muskuli un \u0101r\u0113jo an\u0101lo sfinkteru, kurus var individu\u0101li p\u0101rgriezt un salabot.<\/li>\n<li>Iztur\u012bgais auduma materi\u0101ls ir ievietots plastmasas tur\u0113t\u0101j\u0101.<\/li>\n<li>Simulators tiek pieg\u0101d\u0101ts ar auduma pamatni tur\u0113t\u0101j\u0101, instrumentiem kast\u0113, vienu \u0161uvi un m\u012bkstu p\u0101rn\u0113s\u0101\u0161anas somu.<\/li>\n<\/ul>\n<\/li>\n<\/ul>\n<p>Modelis R10910A \u2013 m\u012bksto audu ieliktnis R10910.<br \/>\nModelis R10910B \u2013 m\u012bksto audu ieliktnis, 3 gab., paredz\u0113ts R10910.<\/p>\n<h3>Epiziotomijas un starpenes pl\u012bsuma simulatori \u2013 <a href=\"http:\/\/labostera.lt\/lv\/product-brand\/erler-zimmer-gmbh-co-kg\/\">Erlera-Zimmera anatomijas grupa<\/a><\/h3>\n<p>Vair\u0101k inform\u0101cijas: <a href=\"https:\/\/erler-zimmer.de\/shop\/en\/9985\" target=\"_blank\" rel=\"noopener nofollow\">ra\u017eot\u0101ja t\u012bmek\u013ca vietn\u0113<\/a> vai nos\u016btiet mums piepras\u012bjumu!<\/p>","protected":false},"excerpt":{"rendered":"<p>Erlera-Zimmera epiziotomijas un starpenes pl\u012bsumu trena\u017eieris \u2013 treni\u0146u r\u012bks visbie\u017e\u0101k sastopamo dzemd\u012bbu traumu \u0101rst\u0113\u0161anai.<\/p>","protected":false},"featured_media":20111,"template":"","meta":[],"product_cat":[75,79],"product_tag":[873,692,831,832,829,830,577,690,833,490],"class_list":{"0":"post-20105","1":"product","2":"type-product","3":"status-publish","4":"has-post-thumbnail","6":"product_brand-erler-zimmer-gmbh-co-kg","7":"product_cat-modeliai-manekenai-muliazai","8":"product_cat-mokymo-priemones-ir-iranga","9":"product_tag-epiziotomijos-ir-tarpvietes-plysimo-treniruokliai","10":"product_tag-erler-zimmer-gmbh-co-kg","11":"product_tag-medical-models","12":"product_tag-medical-simulators","13":"product_tag-medicininiai-modeliai","14":"product_tag-medicininiai-simuliatoriai","15":"product_tag-modeliai","16":"product_tag-models","17":"product_tag-simulatoriai","18":"product_tag-simulators","20":"first","21":"onbackorder","22":"shipping-taxable","23":"purchasable","24":"product-type-variable"},"_links":{"self":[{"href":"https:\/\/labostera.lt\/lv\/wp-json\/wp\/v2\/product\/20105","targetHints":{"allow":["GET"]}}],"collection":[{"href":"https:\/\/labostera.lt\/lv\/wp-json\/wp\/v2\/product"}],"about":[{"href":"https:\/\/labostera.lt\/lv\/wp-json\/wp\/v2\/types\/product"}],"wp:featuredmedia":[{"embeddable":true,"href":"https:\/\/labostera.lt\/lv\/wp-json\/wp\/v2\/media\/20111"}],"wp:attachment":[{"href":"https:\/\/labostera.lt\/lv\/wp-json\/wp\/v2\/media?parent=20105"}],"wp:term":[{"taxonomy":"product_cat","embeddable":true,"href":"https:\/\/labostera.lt\/lv\/wp-json\/wp\/v2\/product_cat?post=20105"},{"taxonomy":"product_tag","embeddable":true,"href":"https:\/\/labostera.lt\/lv\/wp-json\/wp\/v2\/product_tag?post=20105"}],"curies":[{"name":"wp","href":"https:\/\/api.w.org\/{rel}","templated":true}]}}