{"id":20102,"date":"2024-03-18T10:25:11","date_gmt":"2024-03-18T08:25:11","guid":{"rendered":"http:\/\/labostera.lt\/?post_type=product&#038;p=20102"},"modified":"2024-10-18T15:20:17","modified_gmt":"2024-10-18T12:20:17","slug":"tarpvietes-atstatymo-simuliatorius-erler-zimmer-perineal-repair-simulator","status":"publish","type":"product","link":"https:\/\/labostera.lt\/lv\/priemones-ir-iranga\/mokymo-priemones-ir-iranga\/medicininiai-simuliatoriai\/tarpvietes-atstatymo-simuliatorius-erler-zimmer-perineal-repair-simulator\/","title":{"rendered":"Erler-Zimmer starpenes remonta simulators"},"content":{"rendered":"<h2><strong>Erler-Zimmer GmbH &amp; Co. KG starpenes rekonstrukcijas simulators<\/strong>:<\/h2>\n<ul>\n<li>Modelis R16180\n<ul>\n<li>\u0160is simulators sniedz iesp\u0113ju apg\u016bt pirm\u0101s pak\u0101pes starpenes pl\u012bsuma sa\u0161\u016b\u0161anu.<\/li>\n<li>\u0100da ir m\u012bksta un elast\u012bga, bet taj\u0101 pa\u0161\u0101 laik\u0101 iztur\u012bga un iztur\u012bga.<\/li>\n<li>Simulators \u013cauj atk\u0101rtoti tren\u0113ties overlok\u0101 ar atsevi\u0161\u0137iem p\u0101rtrauktiem d\u016brieniem un vertik\u0101liem matra\u010da d\u016brieniem.<\/li>\n<li>Simulators sast\u0101v no \u0101das un atbalsta kron\u0161teina, un papildu dzimumorg\u0101nu ieliktnis \u013cauj to ievietot papildu dzemd\u012bbu simulator\u0101.<\/li>\n<\/ul>\n<\/li>\n<\/ul>\n<h3>Starpenes rekonstrukcijas simulatori \u2013 <a href=\"http:\/\/labostera.lt\/lv\/product-brand\/erler-zimmer-gmbh-co-kg\/\">Erlera-Zimmera anatomijas grupa<\/a><\/h3>\n<p>Vair\u0101k inform\u0101cijas: <a href=\"https:\/\/erler-zimmer.de\/shop\/en\/10877\" target=\"_blank\" rel=\"noopener nofollow\">ra\u017eot\u0101ja t\u012bmek\u013ca vietn\u0113<\/a> vai nos\u016btiet mums piepras\u012bjumu!<\/p>","protected":false},"excerpt":{"rendered":"<p>Erlera-Zimmera starpenes pl\u012bsuma sa\u0161\u016b\u0161anas simulators \u2013 apm\u0101c\u012bbas r\u012bks starpenes pl\u012bsuma sa\u0161\u016b\u0161anai.<\/p>","protected":false},"featured_media":20103,"template":"","meta":[],"product_cat":[838,75,79],"product_tag":[692,831,832,829,830,577,690,833,490,872],"class_list":{"0":"post-20102","1":"product","2":"type-product","3":"status-publish","4":"has-post-thumbnail","6":"product_brand-erler-zimmer-gmbh-co-kg","7":"product_cat-medicininiai-simuliatoriai","8":"product_cat-modeliai-manekenai-muliazai","9":"product_cat-mokymo-priemones-ir-iranga","10":"product_tag-erler-zimmer-gmbh-co-kg","11":"product_tag-medical-models","12":"product_tag-medical-simulators","13":"product_tag-medicininiai-modeliai","14":"product_tag-medicininiai-simuliatoriai","15":"product_tag-modeliai","16":"product_tag-models","17":"product_tag-simulatoriai","18":"product_tag-simulators","19":"product_tag-tarpvietes-atstatymo-simuliatoriai","21":"first","22":"onbackorder","23":"shipping-taxable","24":"purchasable","25":"product-type-simple"},"_links":{"self":[{"href":"https:\/\/labostera.lt\/lv\/wp-json\/wp\/v2\/product\/20102","targetHints":{"allow":["GET"]}}],"collection":[{"href":"https:\/\/labostera.lt\/lv\/wp-json\/wp\/v2\/product"}],"about":[{"href":"https:\/\/labostera.lt\/lv\/wp-json\/wp\/v2\/types\/product"}],"wp:featuredmedia":[{"embeddable":true,"href":"https:\/\/labostera.lt\/lv\/wp-json\/wp\/v2\/media\/20103"}],"wp:attachment":[{"href":"https:\/\/labostera.lt\/lv\/wp-json\/wp\/v2\/media?parent=20102"}],"wp:term":[{"taxonomy":"product_cat","embeddable":true,"href":"https:\/\/labostera.lt\/lv\/wp-json\/wp\/v2\/product_cat?post=20102"},{"taxonomy":"product_tag","embeddable":true,"href":"https:\/\/labostera.lt\/lv\/wp-json\/wp\/v2\/product_tag?post=20102"}],"curies":[{"name":"wp","href":"https:\/\/api.w.org\/{rel}","templated":true}]}}