{"id":20099,"date":"2024-03-18T09:48:21","date_gmt":"2024-03-18T07:48:21","guid":{"rendered":"http:\/\/labostera.lt\/?post_type=product&#038;p=20099"},"modified":"2024-10-18T15:20:19","modified_gmt":"2024-10-18T12:20:19","slug":"gimdos-involiucijos-vertinimo-simuliatorius-erler-zimmer-uterine-involution-assessment-simulator","status":"publish","type":"product","link":"https:\/\/labostera.lt\/lv\/priemones-ir-iranga\/mokymo-priemones-ir-iranga\/medicininiai-simuliatoriai\/gimdos-involiucijos-vertinimo-simuliatorius-erler-zimmer-uterine-involution-assessment-simulator\/","title":{"rendered":"Erlera-Zimmera dzemdes invol\u016bcijas nov\u0113rt\u0113\u0161anas simulators"},"content":{"rendered":"<h2><strong>Erler-Zimmer GmbH &amp; Co. KG dzemdes invol\u016bcijas nov\u0113rt\u0113\u0161anas simulators<\/strong>:<\/h2>\n<ul>\n<li>Modelis R16190\n<ul>\n<li>\u0160\u012b \u0137erme\u0146a apak\u0161da\u013ca nodro\u0161ina anatomiskus orientierus, piem\u0113ram, simfizi, nabas arku, ribas un dzemdi (4 iesp\u0113jas), un \u013cauj praktiz\u0113t dzemdes invol\u016bcijas nov\u0113rt\u0113\u0161anu p\u0113c dzemd\u012bb\u0101m.<\/li>\n<li>M\u012bkst\u0101 un elast\u012bg\u0101 v\u0113dera siena nodro\u0161ina dabisku tausti un \u013cauj palp\u0113t dzemdes invol\u016bcijas stadiju.<\/li>\n<li>Main\u0101mie dzemdes ielikt\u0146i par\u0101da vesel\u012bgu un patolo\u0123isku dzemdi pirmaj\u0101 dien\u0101, k\u0101 ar\u012b vesel\u012bgu dzemdi tre\u0161aj\u0101 un piektaj\u0101 dien\u0101.<\/li>\n<\/ul>\n<\/li>\n<\/ul>\n<h3>Dzemdes invol\u016bcijas nov\u0113rt\u0113\u0161anas simulatori \u2013 <a href=\"http:\/\/labostera.lt\/lv\/product-brand\/erler-zimmer-gmbh-co-kg\/\">Erlera-Zimmera anatomijas grupa<\/a><\/h3>\n<p>Vair\u0101k inform\u0101cijas: <a href=\"https:\/\/erler-zimmer.de\/shop\/en\/10878\" target=\"_blank\" rel=\"noopener nofollow\">ra\u017eot\u0101ja t\u012bmek\u013ca vietn\u0113<\/a> vai nos\u016btiet mums piepras\u012bjumu!<\/p>","protected":false},"excerpt":{"rendered":"<p>Erlera-Zimmera dzemdes invol\u016bcijas nov\u0113rt\u0113\u0161anas simulators \u2014 praktiz\u0113jiet dzemdes invol\u016bcijas nov\u0113rt\u0113\u0161anu ar \u0161o anatomisko orientieru apak\u0161da\u013cas modeli.<\/p>","protected":false},"featured_media":20101,"template":"","meta":[],"product_cat":[838,75,79],"product_tag":[692,871,831,832,829,830,577,690,833,490],"class_list":{"0":"post-20099","1":"product","2":"type-product","3":"status-publish","4":"has-post-thumbnail","6":"product_brand-erler-zimmer-gmbh-co-kg","7":"product_cat-medicininiai-simuliatoriai","8":"product_cat-modeliai-manekenai-muliazai","9":"product_cat-mokymo-priemones-ir-iranga","10":"product_tag-erler-zimmer-gmbh-co-kg","11":"product_tag-gimdos-involiucijos-vertinimo-simuliatoriai","12":"product_tag-medical-models","13":"product_tag-medical-simulators","14":"product_tag-medicininiai-modeliai","15":"product_tag-medicininiai-simuliatoriai","16":"product_tag-modeliai","17":"product_tag-models","18":"product_tag-simulatoriai","19":"product_tag-simulators","21":"first","22":"onbackorder","23":"shipping-taxable","24":"purchasable","25":"product-type-simple"},"_links":{"self":[{"href":"https:\/\/labostera.lt\/lv\/wp-json\/wp\/v2\/product\/20099","targetHints":{"allow":["GET"]}}],"collection":[{"href":"https:\/\/labostera.lt\/lv\/wp-json\/wp\/v2\/product"}],"about":[{"href":"https:\/\/labostera.lt\/lv\/wp-json\/wp\/v2\/types\/product"}],"wp:featuredmedia":[{"embeddable":true,"href":"https:\/\/labostera.lt\/lv\/wp-json\/wp\/v2\/media\/20101"}],"wp:attachment":[{"href":"https:\/\/labostera.lt\/lv\/wp-json\/wp\/v2\/media?parent=20099"}],"wp:term":[{"taxonomy":"product_cat","embeddable":true,"href":"https:\/\/labostera.lt\/lv\/wp-json\/wp\/v2\/product_cat?post=20099"},{"taxonomy":"product_tag","embeddable":true,"href":"https:\/\/labostera.lt\/lv\/wp-json\/wp\/v2\/product_tag?post=20099"}],"curies":[{"name":"wp","href":"https:\/\/api.w.org\/{rel}","templated":true}]}}