{"id":20096,"date":"2024-03-18T09:12:10","date_gmt":"2024-03-18T07:12:10","guid":{"rendered":"http:\/\/labostera.lt\/?post_type=product&#038;p=20096"},"modified":"2024-10-18T15:20:20","modified_gmt":"2024-10-18T12:20:20","slug":"pogimdyminio-tyrimo-ir-prieziuros-modelis-erler-zimmer-postnatal-examination-and-care-model","status":"publish","type":"product","link":"https:\/\/labostera.lt\/lv\/priemones-ir-iranga\/mokymo-priemones-ir-iranga\/modeliai-manekenai-muliazai\/pogimdyminio-tyrimo-ir-prieziuros-modelis-erler-zimmer-postnatal-examination-and-care-model\/","title":{"rendered":"Erlera-Zimmera p\u0113cdzemd\u012bbu izmekl\u0113\u0161anas un apr\u016bpes modelis"},"content":{"rendered":"<h2><strong>Erler-Zimmer GmbH &amp; Co. KG p\u0113cdzemd\u012bbu izmekl\u0113\u0161anas un apr\u016bpes modelis<\/strong>:<\/h2>\n<ul>\n<li>Modelis LM55\n<ul>\n<li>\u0160\u012b re\u0101listisk\u0101 sievietes v\u0113dera lejasda\u013cas kopija \u013cauj digit\u0101li p\u0101rbaud\u012bt regres\u0113jo\u0161o dzemdi p\u0113c dzemd\u012bb\u0101m.<\/li>\n<li>\u012apa\u0161\u0101 materi\u0101la sint\u0113tisk\u0101 imit\u0101cija rada \u013coti dabisku saj\u016btu.<\/li>\n<li>Main\u012bgie dzemdes mode\u013ci \u013cauj at\u0161\u0137irt norm\u0101lu un patolo\u0123isku regresiju papildus regresijai pirm\u0101s ned\u0113\u013cas laik\u0101 (pirmaj\u0101, tre\u0161aj\u0101 un piektaj\u0101 dien\u0101).<\/li>\n<li>Ar\u012b p\u0113cdzemd\u012bbu apr\u016bpes prakse labi atbilst \u0161im modelim.<\/li>\n<li>Vulva tiek izskalota, un var tikt p\u0101rbaud\u012btas kaunuma l\u016bpas un an\u0101l\u0101 atvere.<\/li>\n<\/ul>\n<\/li>\n<\/ul>\n<h3>P\u0113cdzemd\u012bbu izmekl\u0113\u0161anas un apr\u016bpes mode\u013ci \u2013 <a href=\"http:\/\/labostera.lt\/lv\/product-brand\/erler-zimmer-gmbh-co-kg\/\">Erlera-Zimmera anatomijas grupa<\/a><\/h3>\n<p>Vair\u0101k inform\u0101cijas: <a href=\"https:\/\/erler-zimmer.de\/shop\/en\/9663\" target=\"_blank\" rel=\"noopener nofollow\">ra\u017eot\u0101ja t\u012bmek\u013ca vietn\u0113<\/a> vai nos\u016btiet mums piepras\u012bjumu!<\/p>","protected":false},"excerpt":{"rendered":"<p>Erlera-Zimmera p\u0113cdzemd\u012bbu izmekl\u0113\u0161anas un apr\u016bpes modelis \u2013 prec\u012bza sievietes v\u0113dera dobuma kopija \u013cauj p\u0101rbaud\u012bt regres\u0113jo\u0161u dzemdi p\u0113c dzemd\u012bb\u0101m.<\/p>","protected":false},"featured_media":20098,"template":"","meta":[],"product_cat":[75,79],"product_tag":[692,831,832,829,830,577,690,870,833,490],"class_list":{"0":"post-20096","1":"product","2":"type-product","3":"status-publish","4":"has-post-thumbnail","6":"product_brand-erler-zimmer-gmbh-co-kg","7":"product_cat-modeliai-manekenai-muliazai","8":"product_cat-mokymo-priemones-ir-iranga","9":"product_tag-erler-zimmer-gmbh-co-kg","10":"product_tag-medical-models","11":"product_tag-medical-simulators","12":"product_tag-medicininiai-modeliai","13":"product_tag-medicininiai-simuliatoriai","14":"product_tag-modeliai","15":"product_tag-models","16":"product_tag-pogimdyminio-tyrimo-ir-prieziuros-modeliai","17":"product_tag-simulatoriai","18":"product_tag-simulators","20":"first","21":"onbackorder","22":"shipping-taxable","23":"purchasable","24":"product-type-simple"},"_links":{"self":[{"href":"https:\/\/labostera.lt\/lv\/wp-json\/wp\/v2\/product\/20096","targetHints":{"allow":["GET"]}}],"collection":[{"href":"https:\/\/labostera.lt\/lv\/wp-json\/wp\/v2\/product"}],"about":[{"href":"https:\/\/labostera.lt\/lv\/wp-json\/wp\/v2\/types\/product"}],"wp:featuredmedia":[{"embeddable":true,"href":"https:\/\/labostera.lt\/lv\/wp-json\/wp\/v2\/media\/20098"}],"wp:attachment":[{"href":"https:\/\/labostera.lt\/lv\/wp-json\/wp\/v2\/media?parent=20096"}],"wp:term":[{"taxonomy":"product_cat","embeddable":true,"href":"https:\/\/labostera.lt\/lv\/wp-json\/wp\/v2\/product_cat?post=20096"},{"taxonomy":"product_tag","embeddable":true,"href":"https:\/\/labostera.lt\/lv\/wp-json\/wp\/v2\/product_tag?post=20096"}],"curies":[{"name":"wp","href":"https:\/\/api.w.org\/{rel}","templated":true}]}}