{"id":20080,"date":"2024-03-15T15:35:30","date_gmt":"2024-03-15T13:35:30","guid":{"rendered":"http:\/\/labostera.lt\/?post_type=product&#038;p=20080"},"modified":"2024-10-18T15:20:22","modified_gmt":"2024-10-18T12:20:22","slug":"motinos-ir-naujagimio-gimdymo-simuliatorius-erler-zimmer-lucy-maternal-and-neonatal-birthing-simulator","status":"publish","type":"product","link":"https:\/\/labostera.lt\/lv\/priemones-ir-iranga\/mokymo-priemones-ir-iranga\/medicininiai-simuliatoriai\/motinos-ir-naujagimio-gimdymo-simuliatorius-erler-zimmer-lucy-maternal-and-neonatal-birthing-simulator\/","title":{"rendered":"Erler-Zimmer \u201cLucy\u201d m\u0101tes un jaundzimu\u0161\u0101 dzemd\u012bbu simulators"},"content":{"rendered":"<h2><strong>Erler-Zimmer GmbH &amp; Co. KG L\u016bsijas m\u0101tes un jaundzimu\u0161\u0101 dzemd\u012bbu simulators<\/strong>:<\/h2>\n<ul>\n<li>Modelis R13100 \u2013 pamata komplekts:\n<ul>\n<li>L\u016bsijas m\u0101tes un jaundzimu\u0161\u0101 dzemd\u012bbu simulators ir simul\u0101cijas sist\u0113ma, kas izstr\u0101d\u0101ta, lai risin\u0101tu augo\u0161as demogr\u0101fisk\u0101s grupas ar unik\u0101l\u0101m vesel\u012bbas un fizisk\u0101m probl\u0113m\u0101m sare\u017e\u0123\u012bt\u0101s vajadz\u012bbas. Rad\u012bts jaunam fizisk\u0101 re\u0101lisma l\u012bmenim, nodro\u0161inot gandr\u012bz cilv\u0113cisku saskarni un liel\u0101ku iesaisti treni\u0146os. Izstr\u0101d\u0101ts, lai nodro\u0161in\u0101tu visaptvero\u0161u un ekonomisku dzemd\u012bbu pieredzi, s\u0101kot no pirmsdzemd\u012bbu l\u012bdz p\u0113cdzemd\u012bbu dzemd\u012bbu scen\u0101rijiem. \u0160is anatomiski prec\u012bzais dzemd\u012bbu simulators \u013cauj skol\u0113niem piedz\u012bvot re\u0101listiskas norm\u0101las un patolo\u0123iskas dzemd\u012bbas. Kvalit\u0101te un vienk\u0101r\u0161ais dizains padara Lucy viegli lietojamu un kopjamu, m\u0101cot pacientu apm\u0101c\u012bbas metodes visu l\u012bme\u0146u skolot\u0101jiem.<\/li>\n<li>Produkta \u012bpa\u0161\u012bbas:\n<ul>\n<li>Visp\u0101r\u012bgi:\n<ul>\n<li>Viegla, piln\u012bgas miesasb\u016bves sieviete \u2013 167 cm gara, 16 kg smaga<\/li>\n<li>Vienk\u0101r\u0161a transport\u0113\u0161ana caur slimn\u012bcu apm\u0101c\u012bbas nol\u016bkos<\/li>\n<li>Pietiekams kust\u012bbu diapazons ar piln\u012bb\u0101 artikul\u0113t\u0101m loc\u012btav\u0101m<\/li>\n<li>Kaulu tagi, ieskaitot s\u0113\u017eas kaulus<\/li>\n<li>Var \u0101tri main\u012bties ar vair\u0101k\u0101m matu un acu kr\u0101su kombin\u0101cij\u0101m<\/li>\n<\/ul>\n<\/li>\n<li>Funkcijas:\n<ul>\n<li>Elpce\u013cu p\u0101rvald\u012bba \u2013 intub\u0101cija un ventil\u0101cija ar kr\u016b\u0161kurvja pacel\u0161anu<\/li>\n<li>Amnija maisi\u0146\u0161<\/li>\n<li>Loc\u012btavas rokas un k\u0101jas<\/li>\n<li>Artikul\u0113ts mazulis \u2013 45 cm gar\u0161, 1 kg smags<\/li>\n<li>Dzemd\u012bbu pozas \u2013 uz rok\u0101m un ce\u013ciem, uz s\u0101niem, gu\u013cus uz muguras<\/li>\n<li>Pietic\u012bga pieg\u0101de \u2013 pilna, nepiln\u012bga, ar k\u0101j\u0101m un atkl\u0101ta<\/li>\n<li>Dzemdes kakla papla\u0161in\u0101\u0161an\u0101s \u2013 6 stadijas<\/li>\n<li>Kambaru sekcija<\/li>\n<li>SSS<\/li>\n<li>Dzemd\u012bbas \u2013 vagin\u0101las, \u0137eizargrieziena, ar dzelzs pal\u012bdz\u012bbu un ar vakuuma pal\u012bdz\u012bbu<\/li>\n<li>Epiziotomijas labo\u0161ana<\/li>\n<li>\u0100r\u0113j\u0101 versija<\/li>\n<li>Aug\u013ca palp\u0101cija \u2013 v\u0113dera dobuma un Leopolda manevri<\/li>\n<li>Aug\u013ca ats\u016bk\u0161ana<\/li>\n<li>Fundal mas\u0101\u017ea<\/li>\n<li>Da\u017e\u0101das intramuskul\u0101ras injekcijas vietas (tikai m\u0101t\u0113m), labais delto\u012bdais muskulis, kreisais delto\u012bdais muskulis, labais aug\u0161stilba muskulis<\/li>\n<li>Manu\u0101la dzemd\u012bbu manevrs \u2013 skolot\u0101ja\/skol\u0113na vad\u012bta aug\u013ca nolai\u0161an\u0101s<\/li>\n<li>Membr\u0101nu pl\u012bsums<\/li>\n<li>Mutes un deguna kop\u0161ana \u2013 mazg\u0101jiet, r\u016bp\u0113jieties, esiet uzman\u012bgi<\/li>\n<li>Pacienta pozicion\u0113\u0161anas un p\u0101rvieto\u0161anas metodes<\/li>\n<li>Placentas atdal\u012b\u0161an\u0101s<\/li>\n<li>P\u0113cdzemd\u012bbu apr\u016bpe<\/li>\n<li>P\u0113cdzemd\u012bbu asi\u0146o\u0161ana<\/li>\n<li>Svaru elektrodu novietojums<\/li>\n<li>Plecu distocijas manevri \u2013 Makroberta manevrs, suprapubiskais spiediens, Rubina manevrs I un II, Vuda skr\u016bve, apgriezt\u0101 Vuda skr\u016bve, aizmugur\u0113j\u0101 roka, Gaskina manevrs<\/li>\n<li>Nabas saites nospie\u0161ana un iegriezums<\/li>\n<li>Nabas saites prolapss<\/li>\n<\/ul>\n<\/li>\n<li>Ietver:\n<ul>\n<li>V\u0113dera spilventi\u0146\u0161<\/li>\n<li>V\u0113dera \u0101da, 2 gab. (1 norm\u0101la un 1 \u0137eizargrieziena oper\u0101cija)<\/li>\n<li>Amnija maisi\u0146\u0161, 50 gab.<\/li>\n<li>Artikul\u0113ts mazulis<\/li>\n<li>Dzemd\u012bbu kakli\u0146i, 6 gab. (1.\u20136.\u00a0posms)<\/li>\n<li>Kr\u016b\u0161u \u0101da<\/li>\n<li>SSR kr\u016btis<\/li>\n<li>Acis, 3 p\u0101ri (sarkana, zila un za\u013ca)<\/li>\n<li>Funduss<\/li>\n<li>Slimn\u012bcas hal\u0101ts<\/li>\n<li>P\u016bsto\u0161a caurule ar spiediena ampulu<\/li>\n<li>Sm\u0113rviela<\/li>\n<li>Plau\u0161u maisi\u0146\u0161<\/li>\n<li>Iegur\u0146a blok\u0101de<\/li>\n<li>V\u0113dera \u0101da, 3 gab. (pirmsdzemd\u012bbu, dzemd\u012bbu un epiziotomijas)<\/li>\n<li>Epiziotomijas stabilizatora paliktnis<\/li>\n<li>Placenta<\/li>\n<li>Pozicion\u0113\u0161anas soma<\/li>\n<li>Nabas saites fiks\u0101cijas \u0161\u0137\u0113res<\/li>\n<li>Nabas saites, 4 gab. (1 gar\u0161 un 3 \u012bsi)<\/li>\n<li>Par\u016bkas, 3 gab. (melna, blonda un br\u016bna)<\/li>\n<\/ul>\n<\/li>\n<\/ul>\n<\/li>\n<\/ul>\n<\/li>\n<\/ul>\n<ul>\n<li>Modelis R13200 \u2013 Pilns komplekts:\n<ul>\n<li>Papildus Lucy Basic mode\u013ca funkcij\u0101m un iesp\u0113j\u0101m, Lucy Complete komplekt\u0101 ir iek\u013cauts pilns traipu un asi\u0146o\u0161anas noteik\u0161anas komplekts, k\u0101 ar\u012b jaundzimu\u0161o apr\u016bpes iema\u0146u apg\u016b\u0161anas un ALS simulatora komplekts.<\/li>\n<li>Ietver visas Lucy Basic mode\u013ca funkcijas un iesp\u0113jas.<\/li>\n<li>Lucy pilna komplekta papildu funkcijas:\n<ul>\n<li>Liela, m\u012bksta, rites tipa p\u0101rn\u0113s\u0101\u0161anas soma<\/li>\n<li>Pilns kr\u0101so\u0161anas un atkr\u0101so\u0161anas komplekts, 5 gab. (1 no katras no maza asins recek\u013ca, vid\u0113ja asins recek\u013ca, liela asins recek\u013ca, dzemdes asi\u0146o\u0161anas un asi\u0146o\u0161anas pe\u013c\u0137es)<\/li>\n<li>Jaundzimu\u0161o apr\u016bpes prasmes un ALS simulators (atsauces nr. BA96)<\/li>\n<\/ul>\n<\/li>\n<\/ul>\n<\/li>\n<\/ul>\n<ul>\n<li>Modelis R13300 \u2013 papla\u0161in\u0101tais komplekts:\n<ul>\n<li>Papildus Lucy Full mode\u013ca funkcij\u0101m un iesp\u0113j\u0101m, Advanced Lucy komplekt\u0101 ir iek\u013cauta IV apm\u0101c\u012bbas roka, asinsspiediena apm\u0101c\u012bbas roka un mikroz\u012bdai\u0146u jaundzimu\u0161o simulators (atsauces nr. BA95).<\/li>\n<li>Ietver visas Lucy Basic mode\u013ca funkcijas un iesp\u0113jas.<\/li>\n<li>Ietver visas Lucy piln\u0101s pakotnes funkcijas un iesp\u0113jas:\n<ul>\n<li>Liela, m\u012bksta, rites tipa p\u0101rn\u0113s\u0101\u0161anas soma<\/li>\n<li>Pilns kr\u0101so\u0161anas un atkr\u0101so\u0161anas komplekts, 5 gab. \u2013 pa vienam katram mazam asins receklim, vid\u0113jam asins receklim, lielam asins receklim, dzemdes asi\u0146o\u0161anai un asi\u0146o\u0161anas pe\u013c\u0137ei<\/li>\n<li>Jaundzimu\u0161o apr\u016bpes prasmes un ALS simulators (atsauces nr. BA96)<\/li>\n<\/ul>\n<\/li>\n<li>Lucy Advanced pakotnes papildu funkcijas:\n<ul>\n<li>Asinsspiediena roka<\/li>\n<li>IV roka<\/li>\n<li>Jaundzimu\u0161\u0101 mikroz\u012bdai\u0146a simulators (atsauces nr. BA95)<\/li>\n<\/ul>\n<\/li>\n<\/ul>\n<\/li>\n<\/ul>\n<h3>M\u0101tes un jaundzimu\u0161\u0101 dzemd\u012bbu simulatori \u2013 <a href=\"http:\/\/labostera.lt\/lv\/product-brand\/erler-zimmer-gmbh-co-kg\/\">Erlera-Zimmera anatomijas grupa<\/a><\/h3>\n<p>Vair\u0101k inform\u0101cijas: <a href=\"https:\/\/erler-zimmer.de\/shop\/en\/10483\" target=\"_blank\" rel=\"noopener nofollow\">ra\u017eot\u0101ja t\u012bmek\u013ca vietn\u0113<\/a> vai nos\u016btiet mums piepras\u012bjumu!<\/p>","protected":false},"excerpt":{"rendered":"<p>Erler-Zimmer &quot;Lucy&quot; m\u0101tes un jaundzimu\u0161\u0101 dzemd\u012bbu simulators \u2014 piln\u012bga dzemd\u012bbu pieredze no dzim\u0161anas l\u012bdz p\u0113cdzemd\u012bbu periodam.<\/p>","protected":false},"featured_media":20083,"template":"","meta":[],"product_cat":[838,75,79],"product_tag":[692,831,832,829,830,577,690,869,833,490],"class_list":{"0":"post-20080","1":"product","2":"type-product","3":"status-publish","4":"has-post-thumbnail","6":"product_brand-erler-zimmer-gmbh-co-kg","7":"product_cat-medicininiai-simuliatoriai","8":"product_cat-modeliai-manekenai-muliazai","9":"product_cat-mokymo-priemones-ir-iranga","10":"product_tag-erler-zimmer-gmbh-co-kg","11":"product_tag-medical-models","12":"product_tag-medical-simulators","13":"product_tag-medicininiai-modeliai","14":"product_tag-medicininiai-simuliatoriai","15":"product_tag-modeliai","16":"product_tag-models","17":"product_tag-motinos-ir-naujagimio-gimdymo-simuliatoriai","18":"product_tag-simulatoriai","19":"product_tag-simulators","21":"first","22":"onbackorder","23":"shipping-taxable","24":"purchasable","25":"product-type-variable"},"_links":{"self":[{"href":"https:\/\/labostera.lt\/lv\/wp-json\/wp\/v2\/product\/20080","targetHints":{"allow":["GET"]}}],"collection":[{"href":"https:\/\/labostera.lt\/lv\/wp-json\/wp\/v2\/product"}],"about":[{"href":"https:\/\/labostera.lt\/lv\/wp-json\/wp\/v2\/types\/product"}],"wp:featuredmedia":[{"embeddable":true,"href":"https:\/\/labostera.lt\/lv\/wp-json\/wp\/v2\/media\/20083"}],"wp:attachment":[{"href":"https:\/\/labostera.lt\/lv\/wp-json\/wp\/v2\/media?parent=20080"}],"wp:term":[{"taxonomy":"product_cat","embeddable":true,"href":"https:\/\/labostera.lt\/lv\/wp-json\/wp\/v2\/product_cat?post=20080"},{"taxonomy":"product_tag","embeddable":true,"href":"https:\/\/labostera.lt\/lv\/wp-json\/wp\/v2\/product_tag?post=20080"}],"curies":[{"name":"wp","href":"https:\/\/api.w.org\/{rel}","templated":true}]}}