{"id":20078,"date":"2024-03-15T14:26:22","date_gmt":"2024-03-15T12:26:22","guid":{"rendered":"http:\/\/labostera.lt\/?post_type=product&#038;p=20078"},"modified":"2024-10-18T15:20:23","modified_gmt":"2024-10-18T12:20:23","slug":"akuserijos-praktikos-modelis-erler-zimmer-obstetric-practice-model","status":"publish","type":"product","link":"https:\/\/labostera.lt\/lv\/priemones-ir-iranga\/mokymo-priemones-ir-iranga\/modeliai-manekenai-muliazai\/akuserijos-praktikos-modelis-erler-zimmer-obstetric-practice-model\/","title":{"rendered":"Erlera-Zimmera dzemdniec\u012bbas prakses modelis"},"content":{"rendered":"<h2><strong>Erler-Zimmer GmbH &amp; Co. KG vecm\u0101\u0161u prakses modelis<\/strong>:<\/h2>\n<ul>\n<li>Modelis: LM114H<\/li>\n<li>\u0160is modul\u0101rais prakses modelis ir daudzpus\u012bgs instruments vecm\u0101\u0161u apm\u0101c\u012bbai. T\u0101 tika izstr\u0101d\u0101ta sadarb\u012bb\u0101 ar vecm\u0101\u0161u skol\u0101m un nodro\u0161ina apm\u0101c\u012bbu vis\u0101s svar\u012bgaj\u0101s prasm\u0113s. Main\u0101mie modu\u013ci \u013cauj praktiz\u0113t Leopolda manevrus, kr\u016b\u0161u apr\u016bpi, vagin\u0101lo p\u0101rbaudi dzemd\u012bbu laik\u0101, da\u017e\u0101das dzemd\u012bbu pozas, dzemd\u012bbu simul\u0101ciju, epiziotomiju un p\u0113cdzemd\u012bbu p\u0101rbaudi. Modelis ietver sirdsdarb\u012bbas simul\u0101ciju. \u012apa\u0161a veida materi\u0101ls liek modelim justies k\u0101 \u012bstam cilv\u0113kam un rea\u0123\u0113t re\u0101listiski treni\u0146a laik\u0101.<\/li>\n<li>Komplekt\u0101 iek\u013caut\u0101s ier\u012bces:\n<ul>\n<li>Gr\u016btniec\u012bbas modulis: \u0160aj\u0101 modul\u012b ir amnions ar augli (36\u201340 gr\u016btniec\u012bbas ned\u0113\u013cas), sirdsdarb\u012bbas simul\u0101cija un v\u0113ders ar kr\u016bt\u012bm. \u0160is modulis ir piem\u0113rots Leopolda manevriem, palp\u0101cijai un sirdsdarb\u012bbas monitor\u0113\u0161anai (skolot\u0101js var main\u012bt ska\u013cumu un ritmu). Amnionu var ievietot da\u017e\u0101dos veidos, lai imit\u0113tu da\u017e\u0101das aug\u013ca poz\u012bcijas dzemd\u0113. Turkl\u0101t modeli var izmantot, lai m\u0101c\u012btu kr\u016b\u0161u kop\u0161anu un baro\u0161anu ar kr\u016bti. \u0160is modulis ir p\u0101rveidots un tagad ir izgatavots no jauna materi\u0101la, kas ir v\u0113l re\u0101listisk\u0101ks gan piesk\u0101rienam, gan saj\u016btai.<\/li>\n<li>Dzemd\u012bbu posmu modulis: Dzemd\u012bbu posmu moduli var izmantot, lai nov\u0113rt\u0113tu skr\u0113j\u0113ja rezult\u0101tu. Var ievietot tr\u012bs da\u017e\u0101dus dzemdes kakla un aug\u013ca galvas posmus. Aug\u013ca galvu var novietot da\u017e\u0101d\u0101s poz\u012bcij\u0101s; Galvaskausa kaulu un avoti\u0146a loc\u012btavas var palp\u0113t. Visus ievietotos elementus var pagriezt un modific\u0113t. \u0160is modulis ir p\u0101rveidots un tagad ir izgatavots no \u012bpa\u0161a m\u012bksta un elast\u012bga materi\u0101la, padarot to v\u0113l re\u0101listisk\u0101ku un dabisk\u0101ku piesk\u0101rienam un saj\u016btai.<\/li>\n<li>Dzemdniec\u012bbas modulis: \u0160o moduli var izmantot, lai praktiz\u0113tu dzemd\u012bbas vis\u0101s izplat\u012bt\u0101kaj\u0101s dzemd\u012bbu poz\u0101s. To var izmantot, lai izveidotu piln\u012bgu apm\u0101c\u012bbu te\u0101tri. \u013boti elast\u012bg\u0101 vulva, kas izgatavota no jauna, \u012bpa\u0161i papla\u0161in\u0101ma materi\u0101la, rea\u0123\u0113 \u013coti re\u0101listiski, nodro\u0161inot ide\u0101lu iesp\u0113ju praktiz\u0113t starpenes aizsardz\u012bbu. Aug\u013ca modelis ir izgatavots no m\u012bkstas plastmasas, sver 2,3 kg un ir 42 cm gar\u0161. Galvas apk\u0101rtm\u0113rs ir 30 cm. Modeli var izmantot s\u0101kotn\u0113j\u0101s p\u0101rbaudes un aspir\u0101cijas praktiz\u0113\u0161anai. Modeli papildina \u013coti re\u0101listiska nabassaite un placenta. Nabas saiti var p\u0101rgriezt, un griezuma vietu var iepriek\u0161 aizv\u0113rt. Dzemd\u012bbas var re\u0101listiski att\u0113lot gu\u013cus st\u0101vokl\u012b.<\/li>\n<li>Epiziotomijas modulis: main\u0101mi epiziotomijas ielikt\u0146i \u013cauj apm\u0101c\u012bt un praktiz\u0113t epiziotomijas \u0161uvju lieto\u0161anu. Atsevi\u0161\u0137us ielikt\u0146us var izmantot atk\u0101rtoti, ja \u0161uves tiek r\u016bp\u012bgi no\u0146emtas.<\/li>\n<li>P\u0113cdzemd\u012bbu modulis: \u010cetras da\u017e\u0101das dzemdes ievieto\u0161anas vietas \u013cauj veikt palp\u0101ciju un m\u0113r\u012bjumus p\u0113cdzemd\u012bbu period\u0101. Modulim ir tr\u012bs norm\u0101las dzemdes ievieto\u0161anas vietas (pirmaj\u0101, tre\u0161aj\u0101 un piektaj\u0101 dien\u0101) un patolo\u0123iska dzemde (pirmaj\u0101 dien\u0101). Iek\u013cauts v\u0113ders ar kr\u016bt\u012bm kr\u016b\u0161u apr\u016bpes praktiz\u0113\u0161anai.<\/li>\n<\/ul>\n<\/li>\n<\/ul>\n<h3>Vecm\u0101\u0161u prakses mode\u013ci \u2013 <a href=\"http:\/\/labostera.lt\/lv\/product-brand\/erler-zimmer-gmbh-co-kg\/\">Erlera-Zimmera anatomijas grupa<\/a><\/h3>\n<p>Vair\u0101k inform\u0101cijas: <a href=\"https:\/\/erler-zimmer.de\/shop\/en\/11235\" target=\"_blank\" rel=\"noopener nofollow\">ra\u017eot\u0101ja t\u012bmek\u013ca vietn\u0113<\/a> vai nos\u016btiet mums piepras\u012bjumu!<\/p>","protected":false},"excerpt":{"rendered":"<p>Erlera-Zimmera vecm\u0101\u0161u prakses modelis ir univers\u0101ls instruments vecm\u0101\u0161u apm\u0101c\u012bbai. Apg\u016bstot visas svar\u012bg\u0101k\u0101s prasmes.<\/p>","protected":false},"featured_media":20079,"template":"","meta":[],"product_cat":[75,79],"product_tag":[868,692,831,832,829,830,577,690,833,490],"class_list":{"0":"post-20078","1":"product","2":"type-product","3":"status-publish","4":"has-post-thumbnail","6":"product_brand-erler-zimmer-gmbh-co-kg","7":"product_cat-modeliai-manekenai-muliazai","8":"product_cat-mokymo-priemones-ir-iranga","9":"product_tag-akuserijos-praktikos-modeliai","10":"product_tag-erler-zimmer-gmbh-co-kg","11":"product_tag-medical-models","12":"product_tag-medical-simulators","13":"product_tag-medicininiai-modeliai","14":"product_tag-medicininiai-simuliatoriai","15":"product_tag-modeliai","16":"product_tag-models","17":"product_tag-simulatoriai","18":"product_tag-simulators","20":"first","21":"onbackorder","22":"shipping-taxable","23":"purchasable","24":"product-type-simple"},"_links":{"self":[{"href":"https:\/\/labostera.lt\/lv\/wp-json\/wp\/v2\/product\/20078","targetHints":{"allow":["GET"]}}],"collection":[{"href":"https:\/\/labostera.lt\/lv\/wp-json\/wp\/v2\/product"}],"about":[{"href":"https:\/\/labostera.lt\/lv\/wp-json\/wp\/v2\/types\/product"}],"wp:featuredmedia":[{"embeddable":true,"href":"https:\/\/labostera.lt\/lv\/wp-json\/wp\/v2\/media\/20079"}],"wp:attachment":[{"href":"https:\/\/labostera.lt\/lv\/wp-json\/wp\/v2\/media?parent=20078"}],"wp:term":[{"taxonomy":"product_cat","embeddable":true,"href":"https:\/\/labostera.lt\/lv\/wp-json\/wp\/v2\/product_cat?post=20078"},{"taxonomy":"product_tag","embeddable":true,"href":"https:\/\/labostera.lt\/lv\/wp-json\/wp\/v2\/product_tag?post=20078"}],"curies":[{"name":"wp","href":"https:\/\/api.w.org\/{rel}","templated":true}]}}