{"id":20076,"date":"2024-03-15T13:34:42","date_gmt":"2024-03-15T11:34:42","guid":{"rendered":"http:\/\/labostera.lt\/?post_type=product&#038;p=20076"},"modified":"2024-10-18T15:20:25","modified_gmt":"2024-10-18T12:20:25","slug":"pogimdyminio-ivertinimo-modulis-erler-zimmer-module-for-hana-puerperal-assessment","status":"publish","type":"product","link":"https:\/\/labostera.lt\/lv\/priemones-ir-iranga\/mokymo-priemones-ir-iranga\/modeliai-manekenai-muliazai\/pogimdyminio-ivertinimo-modulis-erler-zimmer-module-for-hana-puerperal-assessment\/","title":{"rendered":"P\u0113cdzemd\u012bbu nov\u0113rt\u0113\u0161anas modulis Erlera-Zimmera modulis \u201eHana\u201d \u2013 p\u0113cdzemd\u012bbu nov\u0113rt\u0113\u0161ana"},"content":{"rendered":"<h2><strong>Erler-Zimmer GmbH &amp; Co. KG Hana p\u0113cdzemd\u012bbu nov\u0113rt\u0113\u0161anas modulis<\/strong>:<\/h2>\n<ul>\n<li>Modelis: R16200-6<\/li>\n<li>Dzemdes invol\u016bcijas nov\u0113rt\u0113jums agr\u012bn\u0101 p\u0113cdzemd\u012bbu period\u0101: 4 vari\u0101ciju veidi, dzemdes dibena m\u0113r\u012b\u0161ana un palp\u0101cija, starpenes t\u012br\u012b\u0161ana un nov\u0113rt\u0113\u0161ana, p\u0113coper\u0101cijas mas\u0101\u017ea, an\u0101l\u0101 nosl\u012bd\u0113juma nov\u0113rt\u0113\u0161ana.<\/li>\n<\/ul>\n<p>Piederums modelim R16200<\/p>\n<h3>P\u0113cdzemd\u012bbu nov\u0113rt\u0113\u0161anas modu\u013ci \u2013 <a href=\"http:\/\/labostera.lt\/lv\/product-brand\/erler-zimmer-gmbh-co-kg\/\">Erlera-Zimmera anatomijas grupa<\/a><\/h3>\n<p>Vair\u0101k inform\u0101cijas: <a href=\"https:\/\/erler-zimmer.de\/shop\/en\/11235\" target=\"_blank\" rel=\"noopener nofollow\">ra\u017eot\u0101ja t\u012bmek\u013ca vietn\u0113<\/a> vai nos\u016btiet mums piepras\u012bjumu!<\/p>","protected":false},"excerpt":{"rendered":"<p>Erlera-Zimmera p\u0113cdzemd\u012bbu nov\u0113rt\u0113\u0161anas modulis ar dzemd\u012bbu beigu nov\u0113rt\u0113jumu &quot;Hanai&quot;.<\/p>","protected":false},"featured_media":20077,"template":"","meta":[],"product_cat":[75,79],"product_tag":[692,831,832,829,830,577,690,867,833,490],"class_list":{"0":"post-20076","1":"product","2":"type-product","3":"status-publish","4":"has-post-thumbnail","6":"product_brand-erler-zimmer-gmbh-co-kg","7":"product_cat-modeliai-manekenai-muliazai","8":"product_cat-mokymo-priemones-ir-iranga","9":"product_tag-erler-zimmer-gmbh-co-kg","10":"product_tag-medical-models","11":"product_tag-medical-simulators","12":"product_tag-medicininiai-modeliai","13":"product_tag-medicininiai-simuliatoriai","14":"product_tag-modeliai","15":"product_tag-models","16":"product_tag-pogimdyminio-ivertinimo-moduliai","17":"product_tag-simulatoriai","18":"product_tag-simulators","20":"first","21":"onbackorder","22":"shipping-taxable","23":"purchasable","24":"product-type-simple"},"_links":{"self":[{"href":"https:\/\/labostera.lt\/lv\/wp-json\/wp\/v2\/product\/20076","targetHints":{"allow":["GET"]}}],"collection":[{"href":"https:\/\/labostera.lt\/lv\/wp-json\/wp\/v2\/product"}],"about":[{"href":"https:\/\/labostera.lt\/lv\/wp-json\/wp\/v2\/types\/product"}],"wp:featuredmedia":[{"embeddable":true,"href":"https:\/\/labostera.lt\/lv\/wp-json\/wp\/v2\/media\/20077"}],"wp:attachment":[{"href":"https:\/\/labostera.lt\/lv\/wp-json\/wp\/v2\/media?parent=20076"}],"wp:term":[{"taxonomy":"product_cat","embeddable":true,"href":"https:\/\/labostera.lt\/lv\/wp-json\/wp\/v2\/product_cat?post=20076"},{"taxonomy":"product_tag","embeddable":true,"href":"https:\/\/labostera.lt\/lv\/wp-json\/wp\/v2\/product_tag?post=20076"}],"curies":[{"name":"wp","href":"https:\/\/api.w.org\/{rel}","templated":true}]}}