{"id":20074,"date":"2024-03-15T11:37:39","date_gmt":"2024-03-15T09:37:39","guid":{"rendered":"http:\/\/labostera.lt\/?post_type=product&#038;p=20074"},"modified":"2024-10-18T15:20:26","modified_gmt":"2024-10-18T12:20:26","slug":"tarpvietes-plysimo-modulis-erler-zimmer-module-for-hana-perineal-tear-module","status":"publish","type":"product","link":"https:\/\/labostera.lt\/lv\/priemones-ir-iranga\/mokymo-priemones-ir-iranga\/modeliai-manekenai-muliazai\/tarpvietes-plysimo-modulis-erler-zimmer-module-for-hana-perineal-tear-module\/","title":{"rendered":"Starpenes pl\u012bsuma modulis Erlera-Zimmera modulis \u201eHana\u201d metodei \u2013 starpenes pl\u012bsuma modulis"},"content":{"rendered":"<h2><strong>Erler-Zimmer GmbH &amp; Co. KG Hana starpenes pl\u012bsuma modulis<\/strong>:<\/h2>\n<ul>\n<li>Modelis: R16200-5<\/li>\n<li>Perineor\u0101fija:\n<ul>\n<li>viens p\u0101rtraukts pavediens<\/li>\n<li>vertik\u0101la sedzo\u0161a \u0161uve, atk\u0101rtota \u0161uves uzlik\u0161ana pirm\u0101s pak\u0101pes starpenes pl\u012bsuma gad\u012bjum\u0101.<\/li>\n<\/ul>\n<\/li>\n<\/ul>\n<p>Piederums modelim R16200<\/p>\n<h3>Starpenes pl\u012bsuma modu\u013ci \u2013 <a href=\"http:\/\/labostera.lt\/lv\/product-brand\/erler-zimmer-gmbh-co-kg\/\">Erlera-Zimmera anatomijas grupa<\/a><\/h3>\n<p>Vair\u0101k inform\u0101cijas: <a href=\"https:\/\/erler-zimmer.de\/shop\/en\/11235\" target=\"_blank\" rel=\"noopener nofollow\">ra\u017eot\u0101ja t\u012bmek\u013ca vietn\u0113<\/a> vai nos\u016btiet mums piepras\u012bjumu!<\/p>","protected":false},"excerpt":{"rendered":"<p>Erlera-Zimmera starpenes pl\u012bsuma modulis ar \u0161uv\u0113m &quot;Hana&quot; oper\u0101cijai.<\/p>","protected":false},"featured_media":20075,"template":"","meta":[],"product_cat":[75,79],"product_tag":[692,831,832,829,830,577,690,833,490,866],"class_list":{"0":"post-20074","1":"product","2":"type-product","3":"status-publish","4":"has-post-thumbnail","6":"product_brand-erler-zimmer-gmbh-co-kg","7":"product_cat-modeliai-manekenai-muliazai","8":"product_cat-mokymo-priemones-ir-iranga","9":"product_tag-erler-zimmer-gmbh-co-kg","10":"product_tag-medical-models","11":"product_tag-medical-simulators","12":"product_tag-medicininiai-modeliai","13":"product_tag-medicininiai-simuliatoriai","14":"product_tag-modeliai","15":"product_tag-models","16":"product_tag-simulatoriai","17":"product_tag-simulators","18":"product_tag-tarpvietes-plysimo-moduliai","20":"first","21":"onbackorder","22":"shipping-taxable","23":"purchasable","24":"product-type-simple"},"_links":{"self":[{"href":"https:\/\/labostera.lt\/lv\/wp-json\/wp\/v2\/product\/20074","targetHints":{"allow":["GET"]}}],"collection":[{"href":"https:\/\/labostera.lt\/lv\/wp-json\/wp\/v2\/product"}],"about":[{"href":"https:\/\/labostera.lt\/lv\/wp-json\/wp\/v2\/types\/product"}],"wp:featuredmedia":[{"embeddable":true,"href":"https:\/\/labostera.lt\/lv\/wp-json\/wp\/v2\/media\/20075"}],"wp:attachment":[{"href":"https:\/\/labostera.lt\/lv\/wp-json\/wp\/v2\/media?parent=20074"}],"wp:term":[{"taxonomy":"product_cat","embeddable":true,"href":"https:\/\/labostera.lt\/lv\/wp-json\/wp\/v2\/product_cat?post=20074"},{"taxonomy":"product_tag","embeddable":true,"href":"https:\/\/labostera.lt\/lv\/wp-json\/wp\/v2\/product_tag?post=20074"}],"curies":[{"name":"wp","href":"https:\/\/api.w.org\/{rel}","templated":true}]}}