{"id":20072,"date":"2024-03-15T11:09:19","date_gmt":"2024-03-15T09:09:19","guid":{"rendered":"http:\/\/labostera.lt\/?post_type=product&#038;p=20072"},"modified":"2024-10-18T15:20:28","modified_gmt":"2024-10-18T12:20:28","slug":"gimdymo-modulis-erler-zimmer-module-for-hana-birthing-module","status":"publish","type":"product","link":"https:\/\/labostera.lt\/lv\/priemones-ir-iranga\/mokymo-priemones-ir-iranga\/modeliai-manekenai-muliazai\/gimdymo-modulis-erler-zimmer-module-for-hana-birthing-module\/","title":{"rendered":"Dzemd\u012bbu modulis Erlera-Cimmera modulis \u201eHanai\u201d \u2013 dzemd\u012bbu modulis"},"content":{"rendered":"<h2><strong>Erler-Zimmer GmbH &amp; Co. KG Hana dzemd\u012bbu modulis<\/strong>:<\/h2>\n<ul>\n<li>Modelis: R16200-4<\/li>\n<li>Dzemd\u012bbu manekenu var izmantot da\u017e\u0101d\u0101s poz\u0101s: gu\u013cus, uz s\u0101niem, \u010detrr\u0101pus.<\/li>\n<li>\u012apa\u0161\u012bbas: starpenes aizsardz\u012bba, galvas un gu\u013cus st\u0101voklis, dzemdniec\u012bbas iegriezumi un vakuuma ekstrakcija, nabassaites p\u0101rgrie\u0161ana un no\u0146em\u0161ana, placentas pieg\u0101de, aug\u013c\u016bde\u0146maisa apskate, ur\u012bnce\u013cu katetra ievieto\u0161ana.<\/li>\n<\/ul>\n<p>Piederums modelim R16200<\/p>\n<h3>Dzemd\u012bbu modu\u013ci \u2013 <a href=\"http:\/\/labostera.lt\/lv\/product-brand\/erler-zimmer-gmbh-co-kg\/\">Erlera-Zimmera anatomijas grupa<\/a><\/h3>\n<p>Vair\u0101k inform\u0101cijas: <a href=\"https:\/\/erler-zimmer.de\/shop\/en\/11234\" target=\"_blank\" rel=\"noopener nofollow\">ra\u017eot\u0101ja t\u012bmek\u013ca vietn\u0113<\/a> vai nos\u016btiet mums piepras\u012bjumu!<\/p>","protected":false},"excerpt":{"rendered":"<p>Erler-Zimmer dzemd\u012bbu modulis &quot;Hanai&quot; - modulis ar da\u017e\u0101d\u0101m poz\u012bcij\u0101m un r\u012bkiem dzemd\u012bb\u0101m.<\/p>","protected":false},"featured_media":20073,"template":"","meta":[],"product_cat":[75,79],"product_tag":[692,865,831,832,829,830,577,690,833,490],"class_list":{"0":"post-20072","1":"product","2":"type-product","3":"status-publish","4":"has-post-thumbnail","6":"product_brand-erler-zimmer-gmbh-co-kg","7":"product_cat-modeliai-manekenai-muliazai","8":"product_cat-mokymo-priemones-ir-iranga","9":"product_tag-erler-zimmer-gmbh-co-kg","10":"product_tag-gimdymo-moduliai","11":"product_tag-medical-models","12":"product_tag-medical-simulators","13":"product_tag-medicininiai-modeliai","14":"product_tag-medicininiai-simuliatoriai","15":"product_tag-modeliai","16":"product_tag-models","17":"product_tag-simulatoriai","18":"product_tag-simulators","20":"first","21":"onbackorder","22":"shipping-taxable","23":"purchasable","24":"product-type-simple"},"_links":{"self":[{"href":"https:\/\/labostera.lt\/lv\/wp-json\/wp\/v2\/product\/20072","targetHints":{"allow":["GET"]}}],"collection":[{"href":"https:\/\/labostera.lt\/lv\/wp-json\/wp\/v2\/product"}],"about":[{"href":"https:\/\/labostera.lt\/lv\/wp-json\/wp\/v2\/types\/product"}],"wp:featuredmedia":[{"embeddable":true,"href":"https:\/\/labostera.lt\/lv\/wp-json\/wp\/v2\/media\/20073"}],"wp:attachment":[{"href":"https:\/\/labostera.lt\/lv\/wp-json\/wp\/v2\/media?parent=20072"}],"wp:term":[{"taxonomy":"product_cat","embeddable":true,"href":"https:\/\/labostera.lt\/lv\/wp-json\/wp\/v2\/product_cat?post=20072"},{"taxonomy":"product_tag","embeddable":true,"href":"https:\/\/labostera.lt\/lv\/wp-json\/wp\/v2\/product_tag?post=20072"}],"curies":[{"name":"wp","href":"https:\/\/api.w.org\/{rel}","templated":true}]}}