{"id":20070,"date":"2024-03-15T10:33:17","date_gmt":"2024-03-15T08:33:17","guid":{"rendered":"http:\/\/labostera.lt\/?post_type=product&#038;p=20070"},"modified":"2024-10-18T15:20:29","modified_gmt":"2024-10-18T12:20:29","slug":"gimdos-kaklelio-tyrimo-modulis-erler-zimmer-module-for-hana-cervical-examination","status":"publish","type":"product","link":"https:\/\/labostera.lt\/lv\/priemones-ir-iranga\/mokymo-priemones-ir-iranga\/modeliai-manekenai-muliazai\/gimdos-kaklelio-tyrimo-modulis-erler-zimmer-module-for-hana-cervical-examination\/","title":{"rendered":"Erlera-Zimmera modulis \u201eHana\u201d \u2013 dzemdes kakla izmekl\u0113\u0161anai"},"content":{"rendered":"<h2><strong>Erler-Zimmer GmbH &amp; Co. KG Hana dzemdes kakla izmekl\u0113\u0161anas modulis<\/strong>:<\/h2>\n<ul>\n<li>Modelis: R16200-3<\/li>\n<li>5 da\u017e\u0101di dzemdes kakla papla\u0161in\u0101\u0161an\u0101s mode\u013ci, Bi\u0161opa skala (dzemdes kakla nov\u0113rt\u0113jums), aug\u013ca galvas poz\u012bcijas p\u0101rbaude.<\/li>\n<\/ul>\n<p>Piederums modelim R16200<\/p>\n<h3>Dzemdes kakla izmekl\u0113\u0161anas modu\u013ci \u2013 <a href=\"http:\/\/labostera.lt\/lv\/product-brand\/erler-zimmer-gmbh-co-kg\/\">Erlera-Zimmera anatomijas grupa<\/a><\/h3>\n<p>Vair\u0101k inform\u0101cijas: <a href=\"https:\/\/erler-zimmer.de\/shop\/en\/11233\" target=\"_blank\" rel=\"noopener nofollow\">ra\u017eot\u0101ja t\u012bmek\u013ca vietn\u0113<\/a> vai nos\u016btiet mums piepras\u012bjumu!<\/p>","protected":false},"excerpt":{"rendered":"<p>Erlera-Zimmera dzemdes kakla izmekl\u0113\u0161anas modulis &quot;Hana&quot; - izmekl\u0113\u0161anas modulis ar da\u017e\u0101diem dzemdes kakla papla\u0161in\u0101\u0161an\u0101s mode\u013ciem.<\/p>","protected":false},"featured_media":20071,"template":"","meta":[],"product_cat":[75,79],"product_tag":[692,864,831,832,829,830,577,690,833,490],"class_list":{"0":"post-20070","1":"product","2":"type-product","3":"status-publish","4":"has-post-thumbnail","6":"product_brand-erler-zimmer-gmbh-co-kg","7":"product_cat-modeliai-manekenai-muliazai","8":"product_cat-mokymo-priemones-ir-iranga","9":"product_tag-erler-zimmer-gmbh-co-kg","10":"product_tag-gimdos-kaklelio-tyrimo-moduliai","11":"product_tag-medical-models","12":"product_tag-medical-simulators","13":"product_tag-medicininiai-modeliai","14":"product_tag-medicininiai-simuliatoriai","15":"product_tag-modeliai","16":"product_tag-models","17":"product_tag-simulatoriai","18":"product_tag-simulators","20":"first","21":"onbackorder","22":"shipping-taxable","23":"purchasable","24":"product-type-simple"},"_links":{"self":[{"href":"https:\/\/labostera.lt\/lv\/wp-json\/wp\/v2\/product\/20070","targetHints":{"allow":["GET"]}}],"collection":[{"href":"https:\/\/labostera.lt\/lv\/wp-json\/wp\/v2\/product"}],"about":[{"href":"https:\/\/labostera.lt\/lv\/wp-json\/wp\/v2\/types\/product"}],"wp:featuredmedia":[{"embeddable":true,"href":"https:\/\/labostera.lt\/lv\/wp-json\/wp\/v2\/media\/20071"}],"wp:attachment":[{"href":"https:\/\/labostera.lt\/lv\/wp-json\/wp\/v2\/media?parent=20070"}],"wp:term":[{"taxonomy":"product_cat","embeddable":true,"href":"https:\/\/labostera.lt\/lv\/wp-json\/wp\/v2\/product_cat?post=20070"},{"taxonomy":"product_tag","embeddable":true,"href":"https:\/\/labostera.lt\/lv\/wp-json\/wp\/v2\/product_tag?post=20070"}],"curies":[{"name":"wp","href":"https:\/\/api.w.org\/{rel}","templated":true}]}}