{"id":20066,"date":"2024-03-15T09:35:14","date_gmt":"2024-03-15T07:35:14","guid":{"rendered":"http:\/\/labostera.lt\/?post_type=product&#038;p=20066"},"modified":"2024-10-18T15:20:32","modified_gmt":"2024-10-18T12:20:32","slug":"perinatalinio-tyrimo-modulis-erler-zimmer-module-for-hana-perinatal-examination","status":"publish","type":"product","link":"https:\/\/labostera.lt\/lv\/priemones-ir-iranga\/mokymo-priemones-ir-iranga\/modeliai-manekenai-muliazai\/perinatalinio-tyrimo-modulis-erler-zimmer-module-for-hana-perinatal-examination\/","title":{"rendered":"Perinat\u0101l\u0101s izmekl\u0113\u0161anas modulis Erlera-Cimmera modulis \u201cHana\u201d \u2013 perinat\u0101l\u0101 izmekl\u0113\u0161ana"},"content":{"rendered":"<h2><strong>Erler-Zimmer GmbH &amp; Co. KG Hana perinat\u0101l\u0101s izmekl\u0113\u0161anas modulis<\/strong>:<\/h2>\n<ul>\n<li>Modelis: R16200-1<\/li>\n<li>Palp\u0101cija (piem\u0113ram, izmantojot Leopolda manevrus, galvas un iegur\u0146a malas nov\u0113rt\u0113\u0161ana), b\u0113rna pozas piel\u0101go\u0161ana, b\u0113rna ska\u0146u auskult\u0101cija ar regul\u0113jamu sirdsdarb\u012bbas \u0101trumu no 60 l\u012bdz 180, v\u0113dera apk\u0101rtm\u0113ra, v\u0113dera dibena augstuma m\u0113r\u012b\u0161ana un v\u0113dera \u0101r\u0113j\u0101 izm\u0113ra noteik\u0161ana.<\/li>\n<\/ul>\n<p>Piederums modelim R16200<\/p>\n<h3>Perinat\u0101l\u0101s izmekl\u0113\u0161anas modu\u013ci \u2013 <a href=\"http:\/\/labostera.lt\/lv\/product-brand\/erler-zimmer-gmbh-co-kg\/\">Erlera-Zimmera anatomijas grupa<\/a><\/h3>\n<p>Vair\u0101k inform\u0101cijas: <a href=\"https:\/\/erler-zimmer.de\/shop\/en\/11231\" target=\"_blank\" rel=\"noopener nofollow\">ra\u017eot\u0101ja t\u012bmek\u013ca vietn\u0113<\/a> vai nos\u016btiet mums piepras\u012bjumu!<\/p>","protected":false},"excerpt":{"rendered":"<p>Erlera-Zimmera perinat\u0101l\u0101s izmekl\u0113\u0161anas modulis &quot;Hana&quot; diagnostikai - palp\u0101cija, auskult\u0101cija un m\u0113r\u012bjumi.<\/p>","protected":false},"featured_media":20067,"template":"","meta":[],"product_cat":[75,79],"product_tag":[692,831,832,829,830,577,690,862,833,490],"class_list":{"0":"post-20066","1":"product","2":"type-product","3":"status-publish","4":"has-post-thumbnail","6":"product_brand-erler-zimmer-gmbh-co-kg","7":"product_cat-modeliai-manekenai-muliazai","8":"product_cat-mokymo-priemones-ir-iranga","9":"product_tag-erler-zimmer-gmbh-co-kg","10":"product_tag-medical-models","11":"product_tag-medical-simulators","12":"product_tag-medicininiai-modeliai","13":"product_tag-medicininiai-simuliatoriai","14":"product_tag-modeliai","15":"product_tag-models","16":"product_tag-perinatalinio-tyrimo-moduliai","17":"product_tag-simulatoriai","18":"product_tag-simulators","20":"first","21":"onbackorder","22":"shipping-taxable","23":"purchasable","24":"product-type-simple"},"_links":{"self":[{"href":"https:\/\/labostera.lt\/lv\/wp-json\/wp\/v2\/product\/20066","targetHints":{"allow":["GET"]}}],"collection":[{"href":"https:\/\/labostera.lt\/lv\/wp-json\/wp\/v2\/product"}],"about":[{"href":"https:\/\/labostera.lt\/lv\/wp-json\/wp\/v2\/types\/product"}],"wp:featuredmedia":[{"embeddable":true,"href":"https:\/\/labostera.lt\/lv\/wp-json\/wp\/v2\/media\/20067"}],"wp:attachment":[{"href":"https:\/\/labostera.lt\/lv\/wp-json\/wp\/v2\/media?parent=20066"}],"wp:term":[{"taxonomy":"product_cat","embeddable":true,"href":"https:\/\/labostera.lt\/lv\/wp-json\/wp\/v2\/product_cat?post=20066"},{"taxonomy":"product_tag","embeddable":true,"href":"https:\/\/labostera.lt\/lv\/wp-json\/wp\/v2\/product_tag?post=20066"}],"curies":[{"name":"wp","href":"https:\/\/api.w.org\/{rel}","templated":true}]}}