{"id":20064,"date":"2024-03-15T09:13:23","date_gmt":"2024-03-15T07:13:23","guid":{"rendered":"http:\/\/labostera.lt\/?post_type=product&#038;p=20064"},"modified":"2024-10-18T15:20:34","modified_gmt":"2024-10-18T12:20:34","slug":"gimdymo-manekenas-erler-zimmer-hana-birthing-manikin","status":"publish","type":"product","link":"https:\/\/labostera.lt\/lv\/priemones-ir-iranga\/mokymo-priemones-ir-iranga\/modeliai-manekenai-muliazai\/gimdymo-manekenas-erler-zimmer-hana-birthing-manikin\/","title":{"rendered":"Erlera-Zimmera dzim\u0161anas manekens &quot;Hana&quot;"},"content":{"rendered":"<h2><strong>\u201eErler-Zimmer GmbH & Co. KG\u201d \u201eHana\u201d gimdymo manekenas<\/strong>:<\/h2>\n<ul>\n<li>Modelis: R16200<\/li>\n<li>Pilna \u0137erme\u0146a manekens, kas veido pamatu visaptvero\u0161am dzemdniec\u012bbas simul\u0101cijas modelim. \u0160im manekenam ir kop\u012bgas funkcijas k\u0101 galvenajai platformai, piem\u0113ram, elpce\u013cu p\u0101rvald\u012bba, sk\u0101bek\u013ca padeve, ku\u0146\u0123a katetrs, intravenoz\u0101 piek\u013cuve abos elko\u0146os un plaukstas virspus\u0113. Var izskaidrot ur\u012bnizvadkan\u0101la katetra ievieto\u0161anu, un ir iesp\u0113jamas intramuskul\u0101ras un subkut\u0101nas dzelzs injekcijas. Manekenam ir sievietes kr\u016btis palp\u0101cijai, k\u0101 ar\u012b punkcijas vieta epidur\u0101l\u0101 katetra imit\u0101cijai.<\/li>\n<li>Manekens darbojas k\u0101 platforma un to var kombin\u0113t ar da\u017e\u0101diem modu\u013ciem.<\/li>\n<\/ul>\n<h3>Gimdymo menekenai \u2013 <a href=\"http:\/\/labostera.lt\/lv\/product-brand\/erler-zimmer-gmbh-co-kg\/\">Erlera-Zimmera anatomijas grupa<\/a><\/h3>\n<p>Vair\u0101k inform\u0101cijas: <a href=\"https:\/\/erler-zimmer.de\/shop\/en\/11074\" target=\"_blank\" rel=\"noopener nofollow\">ra\u017eot\u0101ja t\u012bmek\u013ca vietn\u0113<\/a> vai nos\u016btiet mums piepras\u012bjumu!<\/p>","protected":false},"excerpt":{"rendered":"<p>Erler-Zimmer &quot;Hana&quot; dzemd\u012bbu manekens - pilna \u0137erme\u0146a simul\u0101cijas modelis ar da\u017e\u0101d\u0101m funkcij\u0101m.<\/p>","protected":false},"featured_media":20065,"template":"","meta":[],"product_cat":[75,79],"product_tag":[692,861,831,832,829,830,577,690,833,490],"class_list":{"0":"post-20064","1":"product","2":"type-product","3":"status-publish","4":"has-post-thumbnail","6":"product_brand-erler-zimmer-gmbh-co-kg","7":"product_cat-modeliai-manekenai-muliazai","8":"product_cat-mokymo-priemones-ir-iranga","9":"product_tag-erler-zimmer-gmbh-co-kg","10":"product_tag-gimdymo-menekenai","11":"product_tag-medical-models","12":"product_tag-medical-simulators","13":"product_tag-medicininiai-modeliai","14":"product_tag-medicininiai-simuliatoriai","15":"product_tag-modeliai","16":"product_tag-models","17":"product_tag-simulatoriai","18":"product_tag-simulators","20":"first","21":"onbackorder","22":"shipping-taxable","23":"purchasable","24":"product-type-simple"},"_links":{"self":[{"href":"https:\/\/labostera.lt\/lv\/wp-json\/wp\/v2\/product\/20064","targetHints":{"allow":["GET"]}}],"collection":[{"href":"https:\/\/labostera.lt\/lv\/wp-json\/wp\/v2\/product"}],"about":[{"href":"https:\/\/labostera.lt\/lv\/wp-json\/wp\/v2\/types\/product"}],"wp:featuredmedia":[{"embeddable":true,"href":"https:\/\/labostera.lt\/lv\/wp-json\/wp\/v2\/media\/20065"}],"wp:attachment":[{"href":"https:\/\/labostera.lt\/lv\/wp-json\/wp\/v2\/media?parent=20064"}],"wp:term":[{"taxonomy":"product_cat","embeddable":true,"href":"https:\/\/labostera.lt\/lv\/wp-json\/wp\/v2\/product_cat?post=20064"},{"taxonomy":"product_tag","embeddable":true,"href":"https:\/\/labostera.lt\/lv\/wp-json\/wp\/v2\/product_tag?post=20064"}],"curies":[{"name":"wp","href":"https:\/\/api.w.org\/{rel}","templated":true}]}}