{"id":20061,"date":"2024-03-14T17:08:45","date_gmt":"2024-03-14T15:08:45","guid":{"rendered":"http:\/\/labostera.lt\/?post_type=product&#038;p=20061"},"modified":"2024-10-18T15:20:35","modified_gmt":"2024-10-18T12:20:35","slug":"gimdymo-liemens-simuliatorius-erler-zimmer-noelle-birthing-torso-simulator","status":"publish","type":"product","link":"https:\/\/labostera.lt\/lv\/priemones-ir-iranga\/mokymo-priemones-ir-iranga\/medicininiai-simuliatoriai\/gimdymo-liemens-simuliatorius-erler-zimmer-noelle-birthing-torso-simulator\/","title":{"rendered":"Erler-Zimmer &quot;Noelle&quot; dzemd\u012bbu rumpja simulators"},"content":{"rendered":"<h2><strong>\u201eErler-Zimmer GmbH &amp; Co. KG Noelle dzemd\u012bbu viduk\u013ca simulators<\/strong>:<\/h2>\n<ul>\n<li>Modelis: R17820<\/li>\n<li>Ekonomisks simulators, kas paredz\u0113ts visu dzemd\u012bbu aspektu praktiz\u0113\u0161anai. Sievietes pilna izm\u0113ra \u0137erme\u0146a aug\u0161da\u013ca un apak\u0161da\u013ca ar no\u0146emamu v\u0113dera aps\u0113ju un viens rot\u0113jo\u0161s b\u0113rns dzemd\u012bb\u0101s ar nabassaites un placentas simul\u0101ciju.<\/li>\n<li>Autom\u0101tisk\u0101 dzemd\u012bbu sist\u0113ma pal\u012bdz mazulim pagriezties, tam p\u0101rvietojoties caur dzemdes kaklu. T\u0101 \u013cauj klaus\u012bties aug\u013ca sirdsdarb\u012bbu, izm\u0113r\u012bt galvas nolai\u0161anos un dzemdes kakla atv\u0113r\u0161anos.<\/li>\n<li>Placentas ievieto\u0161anai ir vair\u0101kas iesp\u0113jas. T\u0101s ietver dzemdes kakla papla\u0161in\u0101\u0161anu, p\u0113cdzemd\u012bbu vingrin\u0101jumus vulvas kroku sa\u0161\u016b\u0161anai un Leopolda manevra vingrin\u0101jumus.<\/li>\n<li>Iek\u013cauts simulators:\n<ul>\n<li>divas nabassaites<\/li>\n<li>divas dzemdes kakla papla\u0161in\u0101\u0161an\u0101s<\/li>\n<li>divi nabassaites skavas<\/li>\n<li>divas vulvas depresijas<\/li>\n<li>viens Omni\u2122 kontrolieris<\/li>\n<li>tr\u012bs vulvas p\u0113c dzemd\u012bb\u0101m ar \u0161uv\u0113m<\/li>\n<li>talka pulveris un silikona sm\u0113rviela<\/li>\n<li>lieto\u0161anas instrukcija<\/li>\n<li>m\u012bksta \u012bk\u0161\u0137a soma<\/li>\n<\/ul>\n<\/li>\n<\/ul>\n<h3>Dzemd\u012bbu torsa simulatori \u2013 <a href=\"http:\/\/labostera.lt\/lv\/product-brand\/erler-zimmer-gmbh-co-kg\/\">Erlera-Zimmera anatomijas grupa<\/a><\/h3>\n<p>Vair\u0101k inform\u0101cijas: <a href=\"https:\/\/erler-zimmer.de\/shop\/en\/9938\" target=\"_blank\" rel=\"noopener nofollow\">ra\u017eot\u0101ja t\u012bmek\u013ca vietn\u0113<\/a> vai nos\u016btiet mums piepras\u012bjumu!<\/p>","protected":false},"excerpt":{"rendered":"<p>Erler-Zimmer \u201eNoelle\u201d dzemd\u012bbu torsa simulators ir visaptvero\u0161s un ekonomisks dzemd\u012bbu prakses modelis.<\/p>","protected":false},"featured_media":20062,"template":"","meta":[],"product_cat":[838,75,79],"product_tag":[692,860,831,832,829,830,577,690,833,490],"class_list":{"0":"post-20061","1":"product","2":"type-product","3":"status-publish","4":"has-post-thumbnail","6":"product_brand-erler-zimmer-gmbh-co-kg","7":"product_cat-medicininiai-simuliatoriai","8":"product_cat-modeliai-manekenai-muliazai","9":"product_cat-mokymo-priemones-ir-iranga","10":"product_tag-erler-zimmer-gmbh-co-kg","11":"product_tag-gimdymo-liemens-simuliatoriai","12":"product_tag-medical-models","13":"product_tag-medical-simulators","14":"product_tag-medicininiai-modeliai","15":"product_tag-medicininiai-simuliatoriai","16":"product_tag-modeliai","17":"product_tag-models","18":"product_tag-simulatoriai","19":"product_tag-simulators","21":"first","22":"onbackorder","23":"shipping-taxable","24":"purchasable","25":"product-type-simple"},"_links":{"self":[{"href":"https:\/\/labostera.lt\/lv\/wp-json\/wp\/v2\/product\/20061","targetHints":{"allow":["GET"]}}],"collection":[{"href":"https:\/\/labostera.lt\/lv\/wp-json\/wp\/v2\/product"}],"about":[{"href":"https:\/\/labostera.lt\/lv\/wp-json\/wp\/v2\/types\/product"}],"wp:featuredmedia":[{"embeddable":true,"href":"https:\/\/labostera.lt\/lv\/wp-json\/wp\/v2\/media\/20062"}],"wp:attachment":[{"href":"https:\/\/labostera.lt\/lv\/wp-json\/wp\/v2\/media?parent=20061"}],"wp:term":[{"taxonomy":"product_cat","embeddable":true,"href":"https:\/\/labostera.lt\/lv\/wp-json\/wp\/v2\/product_cat?post=20061"},{"taxonomy":"product_tag","embeddable":true,"href":"https:\/\/labostera.lt\/lv\/wp-json\/wp\/v2\/product_tag?post=20061"}],"curies":[{"name":"wp","href":"https:\/\/api.w.org\/{rel}","templated":true}]}}