{"id":20058,"date":"2024-03-14T16:38:01","date_gmt":"2024-03-14T14:38:01","guid":{"rendered":"http:\/\/labostera.lt\/?post_type=product&#038;p=20058"},"modified":"2024-10-18T15:20:36","modified_gmt":"2024-10-18T12:20:36","slug":"akuserijos-manekenas-erler-zimmer-obstetrical-manikin","status":"publish","type":"product","link":"https:\/\/labostera.lt\/lv\/priemones-ir-iranga\/mokymo-priemones-ir-iranga\/modeliai-manekenai-muliazai\/akuserijos-manekenas-erler-zimmer-obstetrical-manikin\/","title":{"rendered":"Erler-Zimmer dzemd\u012bbu manekens"},"content":{"rendered":"<h2><strong>Erler-Zimmer GmbH &amp; Co. KG dzemd\u012bbu manekens<\/strong>:<\/h2>\n<ul>\n<li>Modelis: R10180<\/li>\n<li>Anatomiskais iegur\u0146a modelis ar pilngad\u012bga b\u0113rna un placentas simul\u0101ciju nodro\u0161ina re\u0101listisku praksi un \u013cauj apg\u016bt da\u017e\u0101das tehnikas un neatliekam\u0101s dzemd\u012bbu proced\u016bras.<\/li>\n<li>Vienreiz\u0113j\u0101s lieto\u0161anas nabassaites un ar t\u0101m saist\u012bt\u0101s no\u0146emam\u0101s viskozit\u0101tes, papildu vulva, pulveris asi\u0146u imit\u0113\u0161anai, modul\u0101rs gr\u016btnie\u010du v\u0113dera aizkars implant\u0113tu aug\u013cu noteik\u0161anai Leopolda manevra apm\u0101c\u012bbai, kas pal\u012bdz noteikt aug\u013ca poz\u012bciju, k\u0101 ar\u012b caursp\u012bd\u012bgs v\u0113dera aizkars poz\u012bcijas uzraudz\u012bbai.<\/li>\n<li>Re\u0101listisks iegur\u0146a dobuma modelis ar izceltiem iegur\u0146a orientieriem, mugurkaulu, le\u0146\u0137isko dzemdes kaklu, g\u016b\u017eas kauliem, s\u0113\u017eamvietu, krustu kaulu, krustu kaula \u0161\u0137\u0113rsvirziena sait\u0113m un liel\u0101ku s\u0113\u017eas iegriezumu.<\/li>\n<li>Auglis ir \u012bsta jaundzimu\u0161\u0101 lielum\u0101 ar avoti\u0146\u0101m un galvaskausa \u0161uv\u0113m.<\/li>\n<li>Komplekt\u0101 m\u012bksta p\u0101rn\u0113s\u0101\u0161anas soma.<\/li>\n<\/ul>\n<h3>Dzemdniec\u012bbas manekeni \u2013 <a href=\"http:\/\/labostera.lt\/lv\/product-brand\/erler-zimmer-gmbh-co-kg\/\">Erlera-Zimmera anatomijas grupa<\/a><\/h3>\n<p>Vair\u0101k inform\u0101cijas: <a href=\"https:\/\/erler-zimmer.de\/shop\/en\/9938\" target=\"_blank\" rel=\"noopener nofollow\">ra\u017eot\u0101ja t\u012bmek\u013ca vietn\u0113<\/a> vai nos\u016btiet mums piepras\u012bjumu!<\/p>","protected":false},"excerpt":{"rendered":"<p>Erlera-Zimmera dzemd\u012bbu manekens \u2013 re\u0101listiska prakse dzemdniec\u012bb\u0101. Detaliz\u0113ts apm\u0101c\u012bbas modelis.<\/p>","protected":false},"featured_media":20060,"template":"","meta":[],"product_cat":[75,79],"product_tag":[859,692,831,832,829,830,577,690,833,490],"class_list":{"0":"post-20058","1":"product","2":"type-product","3":"status-publish","4":"has-post-thumbnail","6":"product_brand-erler-zimmer-gmbh-co-kg","7":"product_cat-modeliai-manekenai-muliazai","8":"product_cat-mokymo-priemones-ir-iranga","9":"product_tag-akuserijos-manekenai","10":"product_tag-erler-zimmer-gmbh-co-kg","11":"product_tag-medical-models","12":"product_tag-medical-simulators","13":"product_tag-medicininiai-modeliai","14":"product_tag-medicininiai-simuliatoriai","15":"product_tag-modeliai","16":"product_tag-models","17":"product_tag-simulatoriai","18":"product_tag-simulators","20":"first","21":"onbackorder","22":"shipping-taxable","23":"purchasable","24":"product-type-simple"},"_links":{"self":[{"href":"https:\/\/labostera.lt\/lv\/wp-json\/wp\/v2\/product\/20058","targetHints":{"allow":["GET"]}}],"collection":[{"href":"https:\/\/labostera.lt\/lv\/wp-json\/wp\/v2\/product"}],"about":[{"href":"https:\/\/labostera.lt\/lv\/wp-json\/wp\/v2\/types\/product"}],"wp:featuredmedia":[{"embeddable":true,"href":"https:\/\/labostera.lt\/lv\/wp-json\/wp\/v2\/media\/20060"}],"wp:attachment":[{"href":"https:\/\/labostera.lt\/lv\/wp-json\/wp\/v2\/media?parent=20058"}],"wp:term":[{"taxonomy":"product_cat","embeddable":true,"href":"https:\/\/labostera.lt\/lv\/wp-json\/wp\/v2\/product_cat?post=20058"},{"taxonomy":"product_tag","embeddable":true,"href":"https:\/\/labostera.lt\/lv\/wp-json\/wp\/v2\/product_tag?post=20058"}],"curies":[{"name":"wp","href":"https:\/\/api.w.org\/{rel}","templated":true}]}}