{"id":20056,"date":"2024-03-14T16:06:18","date_gmt":"2024-03-14T14:06:18","guid":{"rendered":"http:\/\/labostera.lt\/?post_type=product&#038;p=20056"},"modified":"2024-10-18T15:20:38","modified_gmt":"2024-10-18T12:20:38","slug":"greipciu-vakuumo-gimdymo-akuserijos-manekenas-erler-zimmer-forceps-vacuum-delivery-obstetrics-manikin","status":"publish","type":"product","link":"https:\/\/labostera.lt\/lv\/priemones-ir-iranga\/mokymo-priemones-ir-iranga\/modeliai-manekenai-muliazai\/greipciu-vakuumo-gimdymo-akuserijos-manekenas-erler-zimmer-forceps-vacuum-delivery-obstetrics-manikin\/","title":{"rendered":"Erlera-Zimmera knaibles vakuuma dzemd\u012bbu manekenam"},"content":{"rendered":"<h2><strong>Erler-Zimmer GmbH &amp; Co. KG knaibles vakuuma dzemd\u012bbu manekenam<\/strong>:<\/h2>\n<ul>\n<li>Modelis: R10181<\/li>\n<li>Anatomiski prec\u012bzs iegur\u0146a modelis ar gan nenobriedu\u0161iem, gan pilnlaika aug\u013ciem nodro\u0161ina re\u0101listisku praksi un \u013cauj apg\u016bt da\u017e\u0101das tehnikas un neatliekam\u0101s dzemd\u012bbu proced\u016bras.<\/li>\n<li>M\u012bkstais vinila iegurnis atdarina pretest\u012bbu, kas var rasties dzemd\u012bbu laik\u0101, un t\u0101p\u0113c ir nepiecie\u0161amas knaibles vai vakuuma iejauk\u0161an\u0101s.<\/li>\n<li>Komplekt\u0101 ietilpst no\u0146emams v\u0113dera p\u0101rsegs, pulveris asi\u0146u imit\u0101cijai, papildu vulva un m\u012bksts maisi\u0146\u0161.<\/li>\n<\/ul>\n<h3>Dzemd\u012bbu manekeni ar greiferiem un vakuumu \u2013 <a href=\"http:\/\/labostera.lt\/lv\/product-brand\/erler-zimmer-gmbh-co-kg\/\">Erlera-Zimmera anatomijas grupa<\/a><\/h3>\n<p>Vair\u0101k inform\u0101cijas: <a href=\"https:\/\/erler-zimmer.de\/shop\/en\/9939\" target=\"_blank\" rel=\"noopener nofollow\">ra\u017eot\u0101ja t\u012bmek\u013ca vietn\u0113<\/a> vai nos\u016btiet mums piepras\u012bjumu!<\/p>","protected":false},"excerpt":{"rendered":"<p>Erlera-Zimmera satver\u0161anas vakuuma dzemd\u012bbu dzemd\u012bbu manekens \u2013 re\u0101listiska prakse dzemd\u012bbu laik\u0101. Detaliz\u0113ts apm\u0101c\u012bbas modelis.<\/p>","protected":false},"featured_media":20057,"template":"","meta":[],"product_cat":[75,79],"product_tag":[692,858,831,832,829,830,577,690,833,490],"class_list":{"0":"post-20056","1":"product","2":"type-product","3":"status-publish","4":"has-post-thumbnail","6":"product_brand-erler-zimmer-gmbh-co-kg","7":"product_cat-modeliai-manekenai-muliazai","8":"product_cat-mokymo-priemones-ir-iranga","9":"product_tag-erler-zimmer-gmbh-co-kg","10":"product_tag-greipciu-vakuumo-gimdymo-akuserijos-manekenai","11":"product_tag-medical-models","12":"product_tag-medical-simulators","13":"product_tag-medicininiai-modeliai","14":"product_tag-medicininiai-simuliatoriai","15":"product_tag-modeliai","16":"product_tag-models","17":"product_tag-simulatoriai","18":"product_tag-simulators","20":"first","21":"onbackorder","22":"shipping-taxable","23":"purchasable","24":"product-type-simple"},"_links":{"self":[{"href":"https:\/\/labostera.lt\/lv\/wp-json\/wp\/v2\/product\/20056","targetHints":{"allow":["GET"]}}],"collection":[{"href":"https:\/\/labostera.lt\/lv\/wp-json\/wp\/v2\/product"}],"about":[{"href":"https:\/\/labostera.lt\/lv\/wp-json\/wp\/v2\/types\/product"}],"wp:featuredmedia":[{"embeddable":true,"href":"https:\/\/labostera.lt\/lv\/wp-json\/wp\/v2\/media\/20057"}],"wp:attachment":[{"href":"https:\/\/labostera.lt\/lv\/wp-json\/wp\/v2\/media?parent=20056"}],"wp:term":[{"taxonomy":"product_cat","embeddable":true,"href":"https:\/\/labostera.lt\/lv\/wp-json\/wp\/v2\/product_cat?post=20056"},{"taxonomy":"product_tag","embeddable":true,"href":"https:\/\/labostera.lt\/lv\/wp-json\/wp\/v2\/product_tag?post=20056"}],"curies":[{"name":"wp","href":"https:\/\/api.w.org\/{rel}","templated":true}]}}