{"id":20054,"date":"2024-03-14T15:31:20","date_gmt":"2024-03-14T13:31:20","guid":{"rendered":"http:\/\/labostera.lt\/?post_type=product&#038;p=20054"},"modified":"2024-10-18T15:20:39","modified_gmt":"2024-10-18T12:20:39","slug":"gimdymo-mechanizmas-erler-zimmer-birthing-mechanism","status":"publish","type":"product","link":"https:\/\/labostera.lt\/lv\/priemones-ir-iranga\/mokymo-priemones-ir-iranga\/modeliai-manekenai-muliazai\/gimdymo-mechanizmas-erler-zimmer-birthing-mechanism\/","title":{"rendered":"Erlera-Zimmera dzemd\u012bbu meh\u0101nisms"},"content":{"rendered":"<h2><strong>Erler-Zimmer GmbH &amp; Co. KG dzemd\u012bbu meh\u0101nisms<\/strong>:<\/h2>\n<ul>\n<li>Modelis: R17840F<\/li>\n<li>Dzemd\u012bbu meh\u0101nisms ir paredz\u0113ts lieto\u0161anai ar R17840 modeli.<\/li>\n<\/ul>\n<h3>Dzim\u0161anas meh\u0101nisma iez\u012bmes:<\/h3>\n<ul>\n<li>B\u016btisks instruments dzemd\u012bbu simul\u0101cijai un apm\u0101c\u012bbai<\/li>\n<\/ul>\n<h3>Dzim\u0161anas meh\u0101nismi \u2013 <a href=\"http:\/\/labostera.lt\/lv\/product-brand\/erler-zimmer-gmbh-co-kg\/\">Erlera-Zimmera anatomijas grupa<\/a><\/h3>\n<p>Vair\u0101k inform\u0101cijas: <a href=\"https:\/\/erler-zimmer.de\/shop\/en\/10220\" target=\"_blank\" rel=\"noopener nofollow\">ra\u017eot\u0101ja t\u012bmek\u013ca vietn\u0113<\/a> vai nos\u016btiet mums piepras\u012bjumu!<\/p>","protected":false},"excerpt":{"rendered":"<p>Erlera-Zimmera dzemd\u012bbu meh\u0101nisms ir b\u016btisks instruments dzemd\u012bbu simul\u0101cijai un apm\u0101c\u012bbai.<\/p>","protected":false},"featured_media":20055,"template":"","meta":[],"product_cat":[75,79],"product_tag":[692,857,831,832,829,830,577,690,833,490],"class_list":{"0":"post-20054","1":"product","2":"type-product","3":"status-publish","4":"has-post-thumbnail","6":"product_brand-erler-zimmer-gmbh-co-kg","7":"product_cat-modeliai-manekenai-muliazai","8":"product_cat-mokymo-priemones-ir-iranga","9":"product_tag-erler-zimmer-gmbh-co-kg","10":"product_tag-gimdymo-mechanizmai","11":"product_tag-medical-models","12":"product_tag-medical-simulators","13":"product_tag-medicininiai-modeliai","14":"product_tag-medicininiai-simuliatoriai","15":"product_tag-modeliai","16":"product_tag-models","17":"product_tag-simulatoriai","18":"product_tag-simulators","20":"first","21":"onbackorder","22":"shipping-taxable","23":"purchasable","24":"product-type-simple"},"_links":{"self":[{"href":"https:\/\/labostera.lt\/lv\/wp-json\/wp\/v2\/product\/20054","targetHints":{"allow":["GET"]}}],"collection":[{"href":"https:\/\/labostera.lt\/lv\/wp-json\/wp\/v2\/product"}],"about":[{"href":"https:\/\/labostera.lt\/lv\/wp-json\/wp\/v2\/types\/product"}],"wp:featuredmedia":[{"embeddable":true,"href":"https:\/\/labostera.lt\/lv\/wp-json\/wp\/v2\/media\/20055"}],"wp:attachment":[{"href":"https:\/\/labostera.lt\/lv\/wp-json\/wp\/v2\/media?parent=20054"}],"wp:term":[{"taxonomy":"product_cat","embeddable":true,"href":"https:\/\/labostera.lt\/lv\/wp-json\/wp\/v2\/product_cat?post=20054"},{"taxonomy":"product_tag","embeddable":true,"href":"https:\/\/labostera.lt\/lv\/wp-json\/wp\/v2\/product_tag?post=20054"}],"curies":[{"name":"wp","href":"https:\/\/api.w.org\/{rel}","templated":true}]}}