{"id":20052,"date":"2024-03-14T14:59:44","date_gmt":"2024-03-14T12:59:44","guid":{"rendered":"http:\/\/labostera.lt\/?post_type=product&#038;p=20052"},"modified":"2024-10-18T15:20:40","modified_gmt":"2024-10-18T12:20:40","slug":"kudikis-virkstele-ir-placenta-vakuuminiam-pristatymui-erler-zimmer-fetal-baby-umbilical-cord-and-placenta-for-vacuum-delivery","status":"publish","type":"product","link":"https:\/\/labostera.lt\/lv\/priemones-ir-iranga\/mokymo-priemones-ir-iranga\/modeliai-manekenai-muliazai\/kudikis-virkstele-ir-placenta-vakuuminiam-pristatymui-erler-zimmer-fetal-baby-umbilical-cord-and-placenta-for-vacuum-delivery\/","title":{"rendered":"Erlera-Zimmera aug\u013ca mazulis, nabassaite un placenta vakuuma dzemd\u012bb\u0101m"},"content":{"rendered":"<h2><strong>Erler-Zimmer GmbH &amp; Co. KG mazulis, nabassaite un placenta vakuuma dzemd\u012bb\u0101m<\/strong>:<\/h2>\n<ul>\n<li>Modelis: R17840E<\/li>\n<li>Re\u0101listisks mazu\u013ca, nabassaites un placentas apm\u0101c\u012bbas r\u012bks dzemd\u012bbu simul\u0101cijai.<\/li>\n<\/ul>\n<h3>Z\u012bdai\u0146a, nabassaites un placentas raksturojums:<\/h3>\n<ul>\n<li>M\u012bkstie galvaskausa audi ar avoti\u0146\u0101m<\/li>\n<li>Izstr\u0101d\u0101ts re\u0101listiskai vakuuma padevei<\/li>\n<li>Piem\u0113rots lieto\u0161anai ar modeli R17840<\/li>\n<\/ul>\n<h3>Z\u012bdai\u0146i, nabassaites un placenta vakuuma dzemd\u012bb\u0101m \u2013 <a href=\"http:\/\/labostera.lt\/lv\/product-brand\/erler-zimmer-gmbh-co-kg\/\">Erlera-Zimmera anatomijas grupa<\/a><\/h3>\n<p>Vair\u0101k inform\u0101cijas: <a href=\"https:\/\/erler-zimmer.de\/shop\/en\/10219\" target=\"_blank\" rel=\"noopener nofollow\">ra\u017eot\u0101ja t\u012bmek\u013ca vietn\u0113<\/a> vai nos\u016btiet mums piepras\u012bjumu!<\/p>","protected":false},"excerpt":{"rendered":"<p>Erler-Zimmer mazulis, nabassaite un placenta vakuuma dzemd\u012bb\u0101m \u2013 re\u0101listisks dzemd\u012bbu simul\u0101cijas treni\u0146u r\u012bks.<\/p>","protected":false},"featured_media":20053,"template":"","meta":[],"product_cat":[75,79],"product_tag":[692,831,832,829,830,577,690,833,490,856],"class_list":{"0":"post-20052","1":"product","2":"type-product","3":"status-publish","4":"has-post-thumbnail","6":"product_brand-erler-zimmer-gmbh-co-kg","7":"product_cat-modeliai-manekenai-muliazai","8":"product_cat-mokymo-priemones-ir-iranga","9":"product_tag-erler-zimmer-gmbh-co-kg","10":"product_tag-medical-models","11":"product_tag-medical-simulators","12":"product_tag-medicininiai-modeliai","13":"product_tag-medicininiai-simuliatoriai","14":"product_tag-modeliai","15":"product_tag-models","16":"product_tag-simulatoriai","17":"product_tag-simulators","18":"product_tag-virksteles-ir-placentos-vakuuminiam-pristatymui","20":"first","21":"onbackorder","22":"shipping-taxable","23":"purchasable","24":"product-type-simple"},"_links":{"self":[{"href":"https:\/\/labostera.lt\/lv\/wp-json\/wp\/v2\/product\/20052","targetHints":{"allow":["GET"]}}],"collection":[{"href":"https:\/\/labostera.lt\/lv\/wp-json\/wp\/v2\/product"}],"about":[{"href":"https:\/\/labostera.lt\/lv\/wp-json\/wp\/v2\/types\/product"}],"wp:featuredmedia":[{"embeddable":true,"href":"https:\/\/labostera.lt\/lv\/wp-json\/wp\/v2\/media\/20053"}],"wp:attachment":[{"href":"https:\/\/labostera.lt\/lv\/wp-json\/wp\/v2\/media?parent=20052"}],"wp:term":[{"taxonomy":"product_cat","embeddable":true,"href":"https:\/\/labostera.lt\/lv\/wp-json\/wp\/v2\/product_cat?post=20052"},{"taxonomy":"product_tag","embeddable":true,"href":"https:\/\/labostera.lt\/lv\/wp-json\/wp\/v2\/product_tag?post=20052"}],"curies":[{"name":"wp","href":"https:\/\/api.w.org\/{rel}","templated":true}]}}