{"id":20050,"date":"2024-03-14T14:22:10","date_gmt":"2024-03-14T12:22:10","guid":{"rendered":"http:\/\/labostera.lt\/?post_type=product&#038;p=20050"},"modified":"2024-10-18T15:20:41","modified_gmt":"2024-10-18T12:20:41","slug":"gimdymo-pristatymo-modulis-erler-zimmer-labor-delivery-module","status":"publish","type":"product","link":"https:\/\/labostera.lt\/lv\/priemones-ir-iranga\/mokymo-priemones-ir-iranga\/modeliai-manekenai-muliazai\/gimdymo-pristatymo-modulis-erler-zimmer-labor-delivery-module\/","title":{"rendered":"Dzemd\u012bbu pieg\u0101des modulis Erler-Zimmer dzemd\u012bbu pieg\u0101des modulis"},"content":{"rendered":"<h2><strong>Erler-Zimmer GmbH &amp; Co. KG Dzemd\u012bbu modulis<\/strong>:<\/h2>\n<ul>\n<li>Modelis: R17840D<\/li>\n<li>Prec\u012bzs un efekt\u012bvs apm\u0101c\u012bbas r\u012bks kl\u012bnisko dzemd\u012bbu simul\u0101cijai.<\/li>\n<\/ul>\n<h3>Dzemd\u012bbu modu\u013ca funkcijas:<\/h3>\n<ul>\n<li>\u012apa\u0161i izstr\u0101d\u0101ts dzemd\u012bbu proced\u016bru apm\u0101c\u012bbai<\/li>\n<li>Piem\u0113rots lieto\u0161anai ar modeli R17840<\/li>\n<\/ul>\n<h3>Dzemd\u012bbu modu\u013ci \u2013 <a href=\"http:\/\/labostera.lt\/lv\/product-brand\/erler-zimmer-gmbh-co-kg\/\">Erlera-Zimmera anatomijas grupa<\/a><\/h3>\n<p>Vair\u0101k inform\u0101cijas: <a href=\"https:\/\/erler-zimmer.de\/shop\/en\/10218\" target=\"_blank\" rel=\"noopener nofollow\">ra\u017eot\u0101ja t\u012bmek\u013ca vietn\u0113<\/a> vai nos\u016btiet mums piepras\u012bjumu!<\/p>","protected":false},"excerpt":{"rendered":"<p>Erlera-Zimmera dzemd\u012bbu modulis ir prec\u012bzs un efekt\u012bvs apm\u0101c\u012bbas r\u012bks kl\u012bnisko dzemd\u012bbu simul\u0101cijai.<\/p>","protected":false},"featured_media":20051,"template":"","meta":[],"product_cat":[75,79],"product_tag":[692,855,831,832,829,830,577,690,833,490],"class_list":{"0":"post-20050","1":"product","2":"type-product","3":"status-publish","4":"has-post-thumbnail","6":"product_brand-erler-zimmer-gmbh-co-kg","7":"product_cat-modeliai-manekenai-muliazai","8":"product_cat-mokymo-priemones-ir-iranga","9":"product_tag-erler-zimmer-gmbh-co-kg","10":"product_tag-gimdymo-pristatymo-moduliai","11":"product_tag-medical-models","12":"product_tag-medical-simulators","13":"product_tag-medicininiai-modeliai","14":"product_tag-medicininiai-simuliatoriai","15":"product_tag-modeliai","16":"product_tag-models","17":"product_tag-simulatoriai","18":"product_tag-simulators","20":"first","21":"onbackorder","22":"shipping-taxable","23":"purchasable","24":"product-type-simple"},"_links":{"self":[{"href":"https:\/\/labostera.lt\/lv\/wp-json\/wp\/v2\/product\/20050","targetHints":{"allow":["GET"]}}],"collection":[{"href":"https:\/\/labostera.lt\/lv\/wp-json\/wp\/v2\/product"}],"about":[{"href":"https:\/\/labostera.lt\/lv\/wp-json\/wp\/v2\/types\/product"}],"wp:featuredmedia":[{"embeddable":true,"href":"https:\/\/labostera.lt\/lv\/wp-json\/wp\/v2\/media\/20051"}],"wp:attachment":[{"href":"https:\/\/labostera.lt\/lv\/wp-json\/wp\/v2\/media?parent=20050"}],"wp:term":[{"taxonomy":"product_cat","embeddable":true,"href":"https:\/\/labostera.lt\/lv\/wp-json\/wp\/v2\/product_cat?post=20050"},{"taxonomy":"product_tag","embeddable":true,"href":"https:\/\/labostera.lt\/lv\/wp-json\/wp\/v2\/product_tag?post=20050"}],"curies":[{"name":"wp","href":"https:\/\/api.w.org\/{rel}","templated":true}]}}